{"id":790,"date":"2026-03-21T08:51:31","date_gmt":"2026-03-21T08:51:31","guid":{"rendered":"https:\/\/www.spoutcaps.com\/?post_type=product&#038;p=790"},"modified":"2026-03-29T07:47:37","modified_gmt":"2026-03-29T07:47:37","slug":"wholesale-coffee-bag-valve-one-way-valve","status":"publish","type":"product","link":"https:\/\/www.spoutcaps.com\/fr\/produit\/wholesale-coffee-bag-valve-one-way-valve\/","title":{"rendered":"Fourniture en gros d'une valve de d\u00e9gazage pour sachets de caf\u00e9, valve de d\u00e9gazage unidirectionnelle pour sachets de caf\u00e9"},"content":{"rendered":"<div class=\"wp-block-columns is-layout-flex wp-container-core-columns-is-layout-9d6595d7 wp-block-columns-is-layout-flex\">\n<div class=\"wp-block-column is-layout-flow wp-block-column-is-layout-flow\">\n<figure class=\"wp-block-image size-full\"><img decoding=\"async\" width=\"800\" height=\"800\" src=\"https:\/\/www.spoutcaps.com\/wp-content\/uploads\/2026\/03\/wholesale-degassing-valve-for-coffee-packaging-.webp\" alt=\"\" class=\"wp-image-793\" srcset=\"https:\/\/www.spoutcaps.com\/wp-content\/uploads\/2026\/03\/wholesale-degassing-valve-for-coffee-packaging-.webp 800w, https:\/\/www.spoutcaps.com\/wp-content\/uploads\/2026\/03\/wholesale-degassing-valve-for-coffee-packaging--300x300.webp 300w, https:\/\/www.spoutcaps.com\/wp-content\/uploads\/2026\/03\/wholesale-degassing-valve-for-coffee-packaging--150x150.webp 150w, https:\/\/www.spoutcaps.com\/wp-content\/uploads\/2026\/03\/wholesale-degassing-valve-for-coffee-packaging--768x768.webp 768w, https:\/\/www.spoutcaps.com\/wp-content\/uploads\/2026\/03\/wholesale-degassing-valve-for-coffee-packaging--12x12.webp 12w, https:\/\/www.spoutcaps.com\/wp-content\/uploads\/2026\/03\/wholesale-degassing-valve-for-coffee-packaging--600x600.webp 600w, https:\/\/www.spoutcaps.com\/wp-content\/uploads\/2026\/03\/wholesale-degassing-valve-for-coffee-packaging--100x100.webp 100w\" sizes=\"(max-width: 800px) 100vw, 800px\" \/><\/figure>\n<\/div>\n\n\n\n<div class=\"wp-block-column is-layout-flow wp-block-column-is-layout-flow\">\n<figure class=\"wp-block-image size-full\"><img decoding=\"async\" width=\"800\" height=\"800\" src=\"https:\/\/www.spoutcaps.com\/wp-content\/uploads\/2026\/03\/wholesale-valve-for-coffee-bags.webp\" alt=\"\" class=\"wp-image-794\" srcset=\"https:\/\/www.spoutcaps.com\/wp-content\/uploads\/2026\/03\/wholesale-valve-for-coffee-bags.webp 800w, https:\/\/www.spoutcaps.com\/wp-content\/uploads\/2026\/03\/wholesale-valve-for-coffee-bags-300x300.webp 300w, https:\/\/www.spoutcaps.com\/wp-content\/uploads\/2026\/03\/wholesale-valve-for-coffee-bags-150x150.webp 150w, https:\/\/www.spoutcaps.com\/wp-content\/uploads\/2026\/03\/wholesale-valve-for-coffee-bags-768x768.webp 768w, https:\/\/www.spoutcaps.com\/wp-content\/uploads\/2026\/03\/wholesale-valve-for-coffee-bags-12x12.webp 12w, https:\/\/www.spoutcaps.com\/wp-content\/uploads\/2026\/03\/wholesale-valve-for-coffee-bags-600x600.webp 600w, https:\/\/www.spoutcaps.com\/wp-content\/uploads\/2026\/03\/wholesale-valve-for-coffee-bags-100x100.webp 100w\" sizes=\"(max-width: 800px) 100vw, 800px\" \/><\/figure>\n<\/div>\n<\/div>\n\n\n\n<figure class=\"wp-block-image size-full\"><img decoding=\"async\" width=\"800\" height=\"554\" src=\"https:\/\/www.spoutcaps.com\/wp-content\/uploads\/2026\/02\/coffee-valve-application.webp\" alt=\"Application de la valve \u00e0 caf\u00e9\" class=\"wp-image-247\" srcset=\"https:\/\/www.spoutcaps.com\/wp-content\/uploads\/2026\/02\/coffee-valve-application.webp 800w, https:\/\/www.spoutcaps.com\/wp-content\/uploads\/2026\/02\/coffee-valve-application-300x208.webp 300w, https:\/\/www.spoutcaps.com\/wp-content\/uploads\/2026\/02\/coffee-valve-application-768x532.webp 768w, https:\/\/www.spoutcaps.com\/wp-content\/uploads\/2026\/02\/coffee-valve-application-600x416.webp 600w\" sizes=\"(max-width: 800px) 100vw, 800px\" \/><\/figure>\n\n\n\n<div class=\"wp-block-columns is-layout-flex wp-container-core-columns-is-layout-9d6595d7 wp-block-columns-is-layout-flex\">\n<div class=\"wp-block-column is-layout-flow wp-block-column-is-layout-flow\"><\/div>\n\n\n\n<div class=\"wp-block-column is-layout-flow wp-block-column-is-layout-flow\"><\/div>\n<\/div>","protected":false},"excerpt":{"rendered":"<p>Valve de sac \u00e0 caf\u00e9 en gros pour l'emballage industriel du caf\u00e9, du th\u00e9 et d'autres produits alimentaires. Utilisant une structure en PE et en silicone moul\u00e9e avec pr\u00e9cision, ce m\u00e9canisme de d\u00e9gazage unidirectionnel \u00e9vacue efficacement le CO2 accumul\u00e9 dans l'environnement scell\u00e9 tout en cr\u00e9ant une barri\u00e8re solide contre l'air ambiant, pr\u00e9servant ainsi l'int\u00e9grit\u00e9 aromatique et le profil de saveur du contenu. Soutien \u00e0 la fourniture de valves de sacs de caf\u00e9 en vrac. Contactez-nous d\u00e8s maintenant !<\/p>\n<h2>Sp\u00e9cifications de la valve de sac \u00e0 caf\u00e9<\/h2>\n<table>\n<thead>\n<tr>\n<th>Sp\u00e9cifications<\/th>\n<th>D\u00e9tails<\/th>\n<\/tr>\n<\/thead>\n<tbody>\n<tr>\n<td>Num\u00e9ro de mod\u00e8le<\/td>\n<td>DV03<\/td>\n<\/tr>\n<tr>\n<td>Nom du produit<\/td>\n<td>Valve de sac \u00e0 caf\u00e9<\/td>\n<\/tr>\n<tr>\n<td>Mat\u00e9riau<\/td>\n<td>PE+ gel de silice<\/td>\n<\/tr>\n<tr>\n<td>Application<\/td>\n<td>Emballage flexible pour les aliments, le th\u00e9, le caf\u00e9 et les confiseries<\/td>\n<\/tr>\n<tr>\n<td>\u00c9paisseur<\/td>\n<td>3,5 mm<\/td>\n<\/tr>\n<tr>\n<td>\u00c9chantillon<\/td>\n<td>\u00c9chantillon gratuit<\/td>\n<\/tr>\n<tr>\n<td>MOQ<\/td>\n<td>10000pcs<\/td>\n<\/tr>\n<tr>\n<td>Fonctionnalit\u00e9\u00a0<\/td>\n<td>\u00c0 l'\u00e9preuve de l'humidit\u00e9<\/td>\n<\/tr>\n<tr>\n<td>OEM \/ ODM<\/td>\n<td>Accepter\u00a0<\/td>\n<\/tr>\n<\/tbody>\n<\/table>\n<p>&nbsp;<\/p>\n<p>\n<script src=\"chrome-extension:\/\/fpelahbljekknahkcaegamhcndkfpfnc\/iFrame.js\" type=\"text\/javascript\"><\/script><\/p>","protected":false},"featured_media":791,"comment_status":"closed","ping_status":"closed","template":"","meta":{"_acf_changed":true},"product_brand":[],"product_cat":[19],"product_tag":[],"class_list":{"0":"post-790","1":"product","2":"type-product","3":"status-publish","4":"has-post-thumbnail","6":"product_cat-coffee-valve","8":"first","9":"instock","10":"shipping-taxable","11":"product-type-simple"},"acf":[],"_links":{"self":[{"href":"https:\/\/www.spoutcaps.com\/fr\/wp-json\/wp\/v2\/product\/790","targetHints":{"allow":["GET"]}}],"collection":[{"href":"https:\/\/www.spoutcaps.com\/fr\/wp-json\/wp\/v2\/product"}],"about":[{"href":"https:\/\/www.spoutcaps.com\/fr\/wp-json\/wp\/v2\/types\/product"}],"replies":[{"embeddable":true,"href":"https:\/\/www.spoutcaps.com\/fr\/wp-json\/wp\/v2\/comments?post=790"}],"wp:featuredmedia":[{"embeddable":true,"href":"https:\/\/www.spoutcaps.com\/fr\/wp-json\/wp\/v2\/media\/791"}],"wp:attachment":[{"href":"https:\/\/www.spoutcaps.com\/fr\/wp-json\/wp\/v2\/media?parent=790"}],"wp:term":[{"taxonomy":"product_brand","embeddable":true,"href":"https:\/\/www.spoutcaps.com\/fr\/wp-json\/wp\/v2\/product_brand?post=790"},{"taxonomy":"product_cat","embeddable":true,"href":"https:\/\/www.spoutcaps.com\/fr\/wp-json\/wp\/v2\/product_cat?post=790"},{"taxonomy":"product_tag","embeddable":true,"href":"https:\/\/www.spoutcaps.com\/fr\/wp-json\/wp\/v2\/product_tag?post=790"}],"curies":[{"name":"wp","href":"https:\/\/api.w.org\/{rel}","templated":true}]}}