{"id":504,"date":"2026-02-10T15:58:13","date_gmt":"2026-02-10T15:58:13","guid":{"rendered":"https:\/\/www.spoutcaps.com\/?post_type=product&#038;p=504"},"modified":"2026-02-10T16:06:13","modified_gmt":"2026-02-10T16:06:13","slug":"lip-gloss-spout-caps-wholesale","status":"publish","type":"product","link":"https:\/\/www.spoutcaps.com\/fr\/produit\/lip-gloss-spout-caps-wholesale\/","title":{"rendered":"Morandi Colors Lip Gloss Spout Caps Wholesale - Cosmetic Packaging Bag Accessories"},"content":{"rendered":"<div class=\"wp-block-columns is-layout-flex wp-container-core-columns-is-layout-9d6595d7 wp-block-columns-is-layout-flex\">\n<div class=\"wp-block-column is-layout-flow wp-block-column-is-layout-flow\">\n<figure class=\"wp-block-image size-full\"><img decoding=\"async\" width=\"800\" height=\"800\" src=\"https:\/\/www.spoutcaps.com\/wp-content\/uploads\/2026\/02\/lip-gloss-spout-caps-1.webp\" alt=\"capuchons de becs \u00e0 lip gloss (1)\" class=\"wp-image-505\" srcset=\"https:\/\/www.spoutcaps.com\/wp-content\/uploads\/2026\/02\/lip-gloss-spout-caps-1.webp 800w, https:\/\/www.spoutcaps.com\/wp-content\/uploads\/2026\/02\/lip-gloss-spout-caps-1-300x300.webp 300w, https:\/\/www.spoutcaps.com\/wp-content\/uploads\/2026\/02\/lip-gloss-spout-caps-1-150x150.webp 150w, https:\/\/www.spoutcaps.com\/wp-content\/uploads\/2026\/02\/lip-gloss-spout-caps-1-768x768.webp 768w, https:\/\/www.spoutcaps.com\/wp-content\/uploads\/2026\/02\/lip-gloss-spout-caps-1-600x600.webp 600w, https:\/\/www.spoutcaps.com\/wp-content\/uploads\/2026\/02\/lip-gloss-spout-caps-1-100x100.webp 100w\" sizes=\"(max-width: 800px) 100vw, 800px\" \/><\/figure>\n<\/div>\n\n\n\n<div class=\"wp-block-column is-layout-flow wp-block-column-is-layout-flow\">\n<figure class=\"wp-block-image size-full\"><img decoding=\"async\" width=\"800\" height=\"800\" src=\"https:\/\/www.spoutcaps.com\/wp-content\/uploads\/2026\/02\/lip-gloss-spout-caps-2.webp\" alt=\"capuchons de becs \u00e0 lip gloss (2)\" class=\"wp-image-506\" srcset=\"https:\/\/www.spoutcaps.com\/wp-content\/uploads\/2026\/02\/lip-gloss-spout-caps-2.webp 800w, https:\/\/www.spoutcaps.com\/wp-content\/uploads\/2026\/02\/lip-gloss-spout-caps-2-300x300.webp 300w, https:\/\/www.spoutcaps.com\/wp-content\/uploads\/2026\/02\/lip-gloss-spout-caps-2-150x150.webp 150w, https:\/\/www.spoutcaps.com\/wp-content\/uploads\/2026\/02\/lip-gloss-spout-caps-2-768x768.webp 768w, https:\/\/www.spoutcaps.com\/wp-content\/uploads\/2026\/02\/lip-gloss-spout-caps-2-600x600.webp 600w, https:\/\/www.spoutcaps.com\/wp-content\/uploads\/2026\/02\/lip-gloss-spout-caps-2-100x100.webp 100w\" sizes=\"(max-width: 800px) 100vw, 800px\" \/><\/figure>\n<\/div>\n<\/div>\n\n\n\n<p><\/p>","protected":false},"excerpt":{"rendered":"<p data-pm-slice=\"0 0 []\">Wholesale Lip Gloss Spout Caps - Am\u00e9liorez votre emballage cosm\u00e9tique avec les bouchons \u00e0 bec de haute qualit\u00e9 et de s\u00e9curit\u00e9 alimentaire de notre usine. Couleurs, tailles et styles personnalisables, production rapide et services OEM\/ODM professionnels pour les marques mondiales de produits de beaut\u00e9.<\/p>\n<h2>Capuchon \u00e0 bec avec brosse \u00e0 l\u00e8vres Sp\u00e9cifications<\/h2>\n<table>\n<thead>\n<tr>\n<th>Sp\u00e9cifications<\/th>\n<th>D\u00e9tails<\/th>\n<\/tr>\n<\/thead>\n<tbody>\n<tr>\n<td>Num\u00e9ro de mod\u00e8le<\/td>\n<td>CP04<\/td>\n<\/tr>\n<tr>\n<td>Nom du produit<\/td>\n<td>Bouchons \u00e0 bec avec brosse \u00e0 l\u00e8vres<\/td>\n<\/tr>\n<tr>\n<td>Mat\u00e9riau<\/td>\n<td>Plastique<\/td>\n<\/tr>\n<tr>\n<td>Application<\/td>\n<td>Industrie des cosm\u00e9tiques<\/td>\n<\/tr>\n<tr>\n<td>Taille de l'interface<\/td>\n<td>7mm<\/td>\n<\/tr>\n<tr>\n<td>\u00c9chantillon<\/td>\n<td>\u00c9chantillon gratuit<\/td>\n<\/tr>\n<tr>\n<td>MOQ<\/td>\n<td>50000pcs<\/td>\n<\/tr>\n<tr>\n<td>Fonctionnalit\u00e9\u00a0<\/td>\n<td>\u00c0 l'\u00e9preuve de l'humidit\u00e9<\/td>\n<\/tr>\n<tr>\n<td>OEM \/ ODM<\/td>\n<td>Accepter (logo, couleur, taille, etc.)<\/td>\n<\/tr>\n<tr>\n<td>Temps d'avance<\/td>\n<td>10-15 jours<\/td>\n<\/tr>\n<\/tbody>\n<\/table>\n<p>&nbsp;<\/p>\n<p>\n<script src=\"chrome-extension:\/\/fpelahbljekknahkcaegamhcndkfpfnc\/iFrame.js\" type=\"text\/javascript\"><\/script><\/p>","protected":false},"featured_media":505,"comment_status":"closed","ping_status":"closed","template":"","meta":{"_acf_changed":true},"product_brand":[],"product_cat":[21,24],"product_tag":[],"class_list":{"0":"post-504","1":"product","2":"type-product","3":"status-publish","4":"has-post-thumbnail","6":"product_cat-cosmetic-flexible-packaging-accessories","7":"product_cat-spout-cap-with-lip-gloss-brush","9":"first","10":"instock","11":"shipping-taxable","12":"product-type-simple"},"acf":[],"_links":{"self":[{"href":"https:\/\/www.spoutcaps.com\/fr\/wp-json\/wp\/v2\/product\/504","targetHints":{"allow":["GET"]}}],"collection":[{"href":"https:\/\/www.spoutcaps.com\/fr\/wp-json\/wp\/v2\/product"}],"about":[{"href":"https:\/\/www.spoutcaps.com\/fr\/wp-json\/wp\/v2\/types\/product"}],"replies":[{"embeddable":true,"href":"https:\/\/www.spoutcaps.com\/fr\/wp-json\/wp\/v2\/comments?post=504"}],"wp:featuredmedia":[{"embeddable":true,"href":"https:\/\/www.spoutcaps.com\/fr\/wp-json\/wp\/v2\/media\/505"}],"wp:attachment":[{"href":"https:\/\/www.spoutcaps.com\/fr\/wp-json\/wp\/v2\/media?parent=504"}],"wp:term":[{"taxonomy":"product_brand","embeddable":true,"href":"https:\/\/www.spoutcaps.com\/fr\/wp-json\/wp\/v2\/product_brand?post=504"},{"taxonomy":"product_cat","embeddable":true,"href":"https:\/\/www.spoutcaps.com\/fr\/wp-json\/wp\/v2\/product_cat?post=504"},{"taxonomy":"product_tag","embeddable":true,"href":"https:\/\/www.spoutcaps.com\/fr\/wp-json\/wp\/v2\/product_tag?post=504"}],"curies":[{"name":"wp","href":"https:\/\/api.w.org\/{rel}","templated":true}]}}