{"id":490,"date":"2026-02-10T15:28:35","date_gmt":"2026-02-10T15:28:35","guid":{"rendered":"https:\/\/www.spoutcaps.com\/?post_type=product&#038;p=490"},"modified":"2026-02-10T15:33:05","modified_gmt":"2026-02-10T15:33:05","slug":"eyelash-brush-spout-caps-factory-bulk-supply","status":"publish","type":"product","link":"https:\/\/www.spoutcaps.com\/fr\/produit\/eyelash-brush-spout-caps-factory-bulk-supply\/","title":{"rendered":"Bouchons de brosse \u00e0 cils Factory Bulk Supply"},"content":{"rendered":"<div class=\"wp-block-columns is-layout-flex wp-container-core-columns-is-layout-9d6595d7 wp-block-columns-is-layout-flex\">\n<div class=\"wp-block-column is-layout-flow wp-block-column-is-layout-flow\">\n<figure class=\"wp-block-image size-full\"><img decoding=\"async\" width=\"800\" height=\"800\" src=\"https:\/\/www.spoutcaps.com\/wp-content\/uploads\/2026\/02\/eyelash-brush-spout-caps-2.webp\" alt=\"bouchons de brosse \u00e0 cils (2)\" class=\"wp-image-492\" srcset=\"https:\/\/www.spoutcaps.com\/wp-content\/uploads\/2026\/02\/eyelash-brush-spout-caps-2.webp 800w, https:\/\/www.spoutcaps.com\/wp-content\/uploads\/2026\/02\/eyelash-brush-spout-caps-2-300x300.webp 300w, https:\/\/www.spoutcaps.com\/wp-content\/uploads\/2026\/02\/eyelash-brush-spout-caps-2-150x150.webp 150w, https:\/\/www.spoutcaps.com\/wp-content\/uploads\/2026\/02\/eyelash-brush-spout-caps-2-768x768.webp 768w, https:\/\/www.spoutcaps.com\/wp-content\/uploads\/2026\/02\/eyelash-brush-spout-caps-2-600x600.webp 600w, https:\/\/www.spoutcaps.com\/wp-content\/uploads\/2026\/02\/eyelash-brush-spout-caps-2-100x100.webp 100w\" sizes=\"(max-width: 800px) 100vw, 800px\" \/><\/figure>\n<\/div>\n\n\n\n<div class=\"wp-block-column is-layout-flow wp-block-column-is-layout-flow\">\n<figure class=\"wp-block-image size-full\"><img decoding=\"async\" width=\"800\" height=\"800\" src=\"https:\/\/www.spoutcaps.com\/wp-content\/uploads\/2026\/02\/eyelash-brush-spout-caps-4.webp\" alt=\"bouchons de brosse \u00e0 cils (4)\" class=\"wp-image-494\" srcset=\"https:\/\/www.spoutcaps.com\/wp-content\/uploads\/2026\/02\/eyelash-brush-spout-caps-4.webp 800w, https:\/\/www.spoutcaps.com\/wp-content\/uploads\/2026\/02\/eyelash-brush-spout-caps-4-300x300.webp 300w, https:\/\/www.spoutcaps.com\/wp-content\/uploads\/2026\/02\/eyelash-brush-spout-caps-4-150x150.webp 150w, https:\/\/www.spoutcaps.com\/wp-content\/uploads\/2026\/02\/eyelash-brush-spout-caps-4-768x768.webp 768w, https:\/\/www.spoutcaps.com\/wp-content\/uploads\/2026\/02\/eyelash-brush-spout-caps-4-600x600.webp 600w, https:\/\/www.spoutcaps.com\/wp-content\/uploads\/2026\/02\/eyelash-brush-spout-caps-4-100x100.webp 100w\" sizes=\"(max-width: 800px) 100vw, 800px\" \/><\/figure>\n<\/div>\n<\/div>","protected":false},"excerpt":{"rendered":"<p>Capuchons de brosse \u00e0 cils en vrac, con\u00e7us pour les emballages de mascara et de s\u00e9rum pour cils. Fabriqu\u00e9s \u00e0 partir de mat\u00e9riaux durables et sans danger pour la peau, ils sont \u00e9tanches. Ils peuvent \u00eatre personnalis\u00e9s en termes de couleurs, de tailles et de styles de brosse, ce qui est id\u00e9al pour la production de cosm\u00e9tiques \u00e0 grande \u00e9chelle.<\/p>\n<h2>Sp\u00e9cifications du capuchon de brosse \u00e0 cils<\/h2>\n<table>\n<thead>\n<tr>\n<th>Sp\u00e9cifications<\/th>\n<th>D\u00e9tails<\/th>\n<\/tr>\n<\/thead>\n<tbody>\n<tr>\n<td>Num\u00e9ro de mod\u00e8le<\/td>\n<td>CP02<\/td>\n<\/tr>\n<tr>\n<td>Nom du produit<\/td>\n<td>Capuchon \u00e0 bec avec brosse \u00e0 cils<\/td>\n<\/tr>\n<tr>\n<td>Mat\u00e9riau<\/td>\n<td>Plastique<\/td>\n<\/tr>\n<tr>\n<td>Application<\/td>\n<td>Industrie des cosm\u00e9tiques<\/td>\n<\/tr>\n<tr>\n<td>Taille de l'interface<\/td>\n<td>7mm<\/td>\n<\/tr>\n<tr>\n<td>\u00c9chantillon<\/td>\n<td>\u00c9chantillon gratuit<\/td>\n<\/tr>\n<tr>\n<td>MOQ<\/td>\n<td>50000pcs<\/td>\n<\/tr>\n<tr>\n<td>Fonctionnalit\u00e9\u00a0<\/td>\n<td>\u00c0 l'\u00e9preuve de l'humidit\u00e9<\/td>\n<\/tr>\n<tr>\n<td>OEM \/ ODM<\/td>\n<td>Accepter (logo, couleur, taille, etc.)<\/td>\n<\/tr>\n<tr>\n<td>Temps d'avance<\/td>\n<td>7-15 jours<\/td>\n<\/tr>\n<\/tbody>\n<\/table>\n<p>&nbsp;<\/p>\n<p>\n<script src=\"chrome-extension:\/\/fpelahbljekknahkcaegamhcndkfpfnc\/iFrame.js\" type=\"text\/javascript\"><\/script><\/p>","protected":false},"featured_media":491,"comment_status":"closed","ping_status":"closed","template":"","meta":{"_acf_changed":true},"product_brand":[],"product_cat":[21,23],"product_tag":[],"class_list":{"0":"post-490","1":"product","2":"type-product","3":"status-publish","4":"has-post-thumbnail","6":"product_cat-cosmetic-flexible-packaging-accessories","7":"product_cat-spout-cap-with-eyelash-brush","9":"first","10":"instock","11":"shipping-taxable","12":"product-type-simple"},"acf":[],"_links":{"self":[{"href":"https:\/\/www.spoutcaps.com\/fr\/wp-json\/wp\/v2\/product\/490","targetHints":{"allow":["GET"]}}],"collection":[{"href":"https:\/\/www.spoutcaps.com\/fr\/wp-json\/wp\/v2\/product"}],"about":[{"href":"https:\/\/www.spoutcaps.com\/fr\/wp-json\/wp\/v2\/types\/product"}],"replies":[{"embeddable":true,"href":"https:\/\/www.spoutcaps.com\/fr\/wp-json\/wp\/v2\/comments?post=490"}],"wp:featuredmedia":[{"embeddable":true,"href":"https:\/\/www.spoutcaps.com\/fr\/wp-json\/wp\/v2\/media\/491"}],"wp:attachment":[{"href":"https:\/\/www.spoutcaps.com\/fr\/wp-json\/wp\/v2\/media?parent=490"}],"wp:term":[{"taxonomy":"product_brand","embeddable":true,"href":"https:\/\/www.spoutcaps.com\/fr\/wp-json\/wp\/v2\/product_brand?post=490"},{"taxonomy":"product_cat","embeddable":true,"href":"https:\/\/www.spoutcaps.com\/fr\/wp-json\/wp\/v2\/product_cat?post=490"},{"taxonomy":"product_tag","embeddable":true,"href":"https:\/\/www.spoutcaps.com\/fr\/wp-json\/wp\/v2\/product_tag?post=490"}],"curies":[{"name":"wp","href":"https:\/\/api.w.org\/{rel}","templated":true}]}}