{"id":388,"date":"2026-02-10T11:02:03","date_gmt":"2026-02-10T11:02:03","guid":{"rendered":"https:\/\/www.spoutcaps.com\/?post_type=product&#038;p=388"},"modified":"2026-02-12T05:07:00","modified_gmt":"2026-02-12T05:07:00","slug":"factory-wholesale-rice-bag-handles","status":"publish","type":"product","link":"https:\/\/www.spoutcaps.com\/fr\/produit\/factory-wholesale-rice-bag-handles\/","title":{"rendered":"Poign\u00e9es en plastique, Poign\u00e9es pour sacs de riz Fourniture en gros"},"content":{"rendered":"<div class=\"wp-block-columns is-layout-flex wp-container-core-columns-is-layout-9d6595d7 wp-block-columns-is-layout-flex\">\n<div class=\"wp-block-column is-layout-flow wp-block-column-is-layout-flow\">\n<figure class=\"wp-block-image size-full\"><img decoding=\"async\" width=\"800\" height=\"800\" src=\"https:\/\/www.spoutcaps.com\/wp-content\/uploads\/2026\/02\/wholesale-plastic-bag-handles-5.webp\" alt=\"Poign\u00e9es de sacs en plastique en gros (5)\" class=\"wp-image-395\" srcset=\"https:\/\/www.spoutcaps.com\/wp-content\/uploads\/2026\/02\/wholesale-plastic-bag-handles-5.webp 800w, https:\/\/www.spoutcaps.com\/wp-content\/uploads\/2026\/02\/wholesale-plastic-bag-handles-5-300x300.webp 300w, https:\/\/www.spoutcaps.com\/wp-content\/uploads\/2026\/02\/wholesale-plastic-bag-handles-5-150x150.webp 150w, https:\/\/www.spoutcaps.com\/wp-content\/uploads\/2026\/02\/wholesale-plastic-bag-handles-5-768x768.webp 768w, https:\/\/www.spoutcaps.com\/wp-content\/uploads\/2026\/02\/wholesale-plastic-bag-handles-5-600x600.webp 600w, https:\/\/www.spoutcaps.com\/wp-content\/uploads\/2026\/02\/wholesale-plastic-bag-handles-5-100x100.webp 100w\" sizes=\"(max-width: 800px) 100vw, 800px\" \/><\/figure>\n<\/div>\n\n\n\n<div class=\"wp-block-column is-layout-flow wp-block-column-is-layout-flow\">\n<figure class=\"wp-block-image size-full\"><img decoding=\"async\" width=\"800\" height=\"799\" src=\"https:\/\/www.spoutcaps.com\/wp-content\/uploads\/2026\/02\/wholesale-plastic-bag-handles-6.webp\" alt=\"Poign\u00e9es de sacs en plastique en gros (6)\" class=\"wp-image-396\" srcset=\"https:\/\/www.spoutcaps.com\/wp-content\/uploads\/2026\/02\/wholesale-plastic-bag-handles-6.webp 800w, https:\/\/www.spoutcaps.com\/wp-content\/uploads\/2026\/02\/wholesale-plastic-bag-handles-6-300x300.webp 300w, https:\/\/www.spoutcaps.com\/wp-content\/uploads\/2026\/02\/wholesale-plastic-bag-handles-6-150x150.webp 150w, https:\/\/www.spoutcaps.com\/wp-content\/uploads\/2026\/02\/wholesale-plastic-bag-handles-6-768x767.webp 768w, https:\/\/www.spoutcaps.com\/wp-content\/uploads\/2026\/02\/wholesale-plastic-bag-handles-6-600x599.webp 600w, https:\/\/www.spoutcaps.com\/wp-content\/uploads\/2026\/02\/wholesale-plastic-bag-handles-6-100x100.webp 100w\" sizes=\"(max-width: 800px) 100vw, 800px\" \/><\/figure>\n<\/div>\n<\/div>","protected":false},"excerpt":{"rendered":"<p>Poign\u00e9es de sacs plastiques en gros, poign\u00e9es de sacs de riz, privil\u00e9giant la solidit\u00e9 et la fiabilit\u00e9. Elles offrent une prise s\u00fbre et des performances durables lors de l'exp\u00e9dition, du stockage et de la manipulation au d\u00e9tail. Ces poign\u00e9es sont id\u00e9ales pour les sacs alimentaires, les emballages souples pour les produits de tous les jours, les paquets de c\u00e9r\u00e9ales et les produits en vrac. Contactez-nous pour un devis.<\/p>\n<h2>Sp\u00e9cifications des poign\u00e9es de sacs en plastique<\/h2>\n<table>\n<thead>\n<tr>\n<th>Sp\u00e9cifications<\/th>\n<th>D\u00e9tails<\/th>\n<\/tr>\n<\/thead>\n<tbody>\n<tr>\n<td>Num\u00e9ro de mod\u00e8le<\/td>\n<td>PH01<\/td>\n<\/tr>\n<tr>\n<td>Nom du produit<\/td>\n<td>Poign\u00e9e de sac en plastique\/Poign\u00e9e de sac de riz<\/td>\n<\/tr>\n<tr>\n<td>Mat\u00e9riau<\/td>\n<td>Plastique<\/td>\n<\/tr>\n<tr>\n<td>Application<\/td>\n<td>Poign\u00e9es d'emballage flexibles, poign\u00e9es pour sacs de riz<\/td>\n<\/tr>\n<tr>\n<td>Couleur\u00a0<\/td>\n<td>Couleur personnalis\u00e9e<\/td>\n<\/tr>\n<tr>\n<td>\u00c9chantillon<\/td>\n<td>\u00c9chantillon gratuit<\/td>\n<\/tr>\n<tr>\n<td>MOQ<\/td>\n<td>50000pcs<\/td>\n<\/tr>\n<tr>\n<td>Fonctionnalit\u00e9\u00a0<\/td>\n<td>Durable, portable, \u00e9cologique et recyclable<\/td>\n<\/tr>\n<tr>\n<td>OEM \/ ODM<\/td>\n<td>Accepter\u00a0<\/td>\n<\/tr>\n<\/tbody>\n<\/table>\n<p>&nbsp;<\/p>\n<p><script src=\"chrome-extension:\/\/fpelahbljekknahkcaegamhcndkfpfnc\/iFrame.js\" type=\"text\/javascript\"><\/script><\/p>\n<p><script src=\"chrome-extension:\/\/fpelahbljekknahkcaegamhcndkfpfnc\/iFrame.js\" type=\"text\/javascript\"><\/script><\/p>\n<p>\n<script src=\"chrome-extension:\/\/fpelahbljekknahkcaegamhcndkfpfnc\/iFrame.js\" type=\"text\/javascript\"><\/script><\/p>","protected":false},"featured_media":391,"comment_status":"closed","ping_status":"closed","template":"","meta":{"_acf_changed":true},"product_brand":[],"product_cat":[20],"product_tag":[],"class_list":{"0":"post-388","1":"product","2":"type-product","3":"status-publish","4":"has-post-thumbnail","6":"product_cat-plastic-handle-for-rice-bag","8":"first","9":"instock","10":"shipping-taxable","11":"product-type-simple"},"acf":[],"_links":{"self":[{"href":"https:\/\/www.spoutcaps.com\/fr\/wp-json\/wp\/v2\/product\/388","targetHints":{"allow":["GET"]}}],"collection":[{"href":"https:\/\/www.spoutcaps.com\/fr\/wp-json\/wp\/v2\/product"}],"about":[{"href":"https:\/\/www.spoutcaps.com\/fr\/wp-json\/wp\/v2\/types\/product"}],"replies":[{"embeddable":true,"href":"https:\/\/www.spoutcaps.com\/fr\/wp-json\/wp\/v2\/comments?post=388"}],"wp:featuredmedia":[{"embeddable":true,"href":"https:\/\/www.spoutcaps.com\/fr\/wp-json\/wp\/v2\/media\/391"}],"wp:attachment":[{"href":"https:\/\/www.spoutcaps.com\/fr\/wp-json\/wp\/v2\/media?parent=388"}],"wp:term":[{"taxonomy":"product_brand","embeddable":true,"href":"https:\/\/www.spoutcaps.com\/fr\/wp-json\/wp\/v2\/product_brand?post=388"},{"taxonomy":"product_cat","embeddable":true,"href":"https:\/\/www.spoutcaps.com\/fr\/wp-json\/wp\/v2\/product_cat?post=388"},{"taxonomy":"product_tag","embeddable":true,"href":"https:\/\/www.spoutcaps.com\/fr\/wp-json\/wp\/v2\/product_tag?post=388"}],"curies":[{"name":"wp","href":"https:\/\/api.w.org\/{rel}","templated":true}]}}