{"id":355,"date":"2026-02-10T10:44:34","date_gmt":"2026-02-10T10:44:34","guid":{"rendered":"https:\/\/www.spoutcaps.com\/?post_type=product&#038;p=355"},"modified":"2026-02-10T10:57:01","modified_gmt":"2026-02-10T10:57:01","slug":"factory-wholesale-coffee-degassing-valves","status":"publish","type":"product","link":"https:\/\/www.spoutcaps.com\/fr\/produit\/factory-wholesale-coffee-degassing-valves\/","title":{"rendered":"Valves de d\u00e9gazage de caf\u00e9 en gros, valves unidirectionnelles en plastique pour sacs de caf\u00e9"},"content":{"rendered":"<div class=\"wp-block-columns is-layout-flex wp-container-core-columns-is-layout-9d6595d7 wp-block-columns-is-layout-flex\">\n<div class=\"wp-block-column is-layout-flow wp-block-column-is-layout-flow\">\n<figure class=\"wp-block-image size-full\"><img decoding=\"async\" width=\"800\" height=\"800\" src=\"https:\/\/www.spoutcaps.com\/wp-content\/uploads\/2026\/02\/factory-wholesale-coffee-degassing-valves-5-1.webp\" alt=\"Valves de d\u00e9gazage de caf\u00e9 en gros (5)\" class=\"wp-image-382\" srcset=\"https:\/\/www.spoutcaps.com\/wp-content\/uploads\/2026\/02\/factory-wholesale-coffee-degassing-valves-5-1.webp 800w, https:\/\/www.spoutcaps.com\/wp-content\/uploads\/2026\/02\/factory-wholesale-coffee-degassing-valves-5-1-300x300.webp 300w, https:\/\/www.spoutcaps.com\/wp-content\/uploads\/2026\/02\/factory-wholesale-coffee-degassing-valves-5-1-150x150.webp 150w, https:\/\/www.spoutcaps.com\/wp-content\/uploads\/2026\/02\/factory-wholesale-coffee-degassing-valves-5-1-768x768.webp 768w, https:\/\/www.spoutcaps.com\/wp-content\/uploads\/2026\/02\/factory-wholesale-coffee-degassing-valves-5-1-600x600.webp 600w, https:\/\/www.spoutcaps.com\/wp-content\/uploads\/2026\/02\/factory-wholesale-coffee-degassing-valves-5-1-100x100.webp 100w\" sizes=\"(max-width: 800px) 100vw, 800px\" \/><\/figure>\n<\/div>\n\n\n\n<div class=\"wp-block-column is-layout-flow wp-block-column-is-layout-flow\">\n<figure class=\"wp-block-image size-full\"><img decoding=\"async\" width=\"800\" height=\"800\" src=\"https:\/\/www.spoutcaps.com\/wp-content\/uploads\/2026\/02\/factory-wholesale-coffee-degassing-valves-6-1.webp\" alt=\"Valves de d\u00e9gazage de caf\u00e9 en gros (6)\" class=\"wp-image-383\" srcset=\"https:\/\/www.spoutcaps.com\/wp-content\/uploads\/2026\/02\/factory-wholesale-coffee-degassing-valves-6-1.webp 800w, https:\/\/www.spoutcaps.com\/wp-content\/uploads\/2026\/02\/factory-wholesale-coffee-degassing-valves-6-1-300x300.webp 300w, https:\/\/www.spoutcaps.com\/wp-content\/uploads\/2026\/02\/factory-wholesale-coffee-degassing-valves-6-1-150x150.webp 150w, https:\/\/www.spoutcaps.com\/wp-content\/uploads\/2026\/02\/factory-wholesale-coffee-degassing-valves-6-1-768x768.webp 768w, https:\/\/www.spoutcaps.com\/wp-content\/uploads\/2026\/02\/factory-wholesale-coffee-degassing-valves-6-1-600x600.webp 600w, https:\/\/www.spoutcaps.com\/wp-content\/uploads\/2026\/02\/factory-wholesale-coffee-degassing-valves-6-1-100x100.webp 100w\" sizes=\"(max-width: 800px) 100vw, 800px\" \/><\/figure>\n<\/div>\n<\/div>\n\n\n\n<div class=\"wp-block-columns is-layout-flex wp-container-core-columns-is-layout-9d6595d7 wp-block-columns-is-layout-flex\">\n<div class=\"wp-block-column is-layout-flow wp-block-column-is-layout-flow\"><\/div>\n\n\n\n<div class=\"wp-block-column is-layout-flow wp-block-column-is-layout-flow\"><\/div>\n<\/div>","protected":false},"excerpt":{"rendered":"<p>Nous fournissons <strong data-start=\"10\" data-end=\"37\">Valves de caf\u00e9 en gros<\/strong> avec des options d'emballage personnalis\u00e9es et flexibles, y compris l'exp\u00e9dition de films, de cartons et de palettes pour r\u00e9pondre \u00e0 diff\u00e9rents besoins logistiques. Des \u00e9chantillons gratuits sont exp\u00e9di\u00e9s sous 48 heures, ce qui vous permet de tester rapidement la compatibilit\u00e9, l'\u00e9tanch\u00e9it\u00e9 et les performances de d\u00e9gazage pour acc\u00e9l\u00e9rer le d\u00e9veloppement des produits.<\/p>\n<h2>Sp\u00e9cifications de la valve \u00e0 caf\u00e9<\/h2>\n<table>\n<thead>\n<tr>\n<th>Sp\u00e9cifications<\/th>\n<th>D\u00e9tails<\/th>\n<\/tr>\n<\/thead>\n<tbody>\n<tr>\n<td>Num\u00e9ro de mod\u00e8le<\/td>\n<td>DV05<\/td>\n<\/tr>\n<tr>\n<td>Nom du produit<\/td>\n<td>Valve \u00e0 caf\u00e9<\/td>\n<\/tr>\n<tr>\n<td>Mat\u00e9riau<\/td>\n<td>PE+ gel de silice<\/td>\n<\/tr>\n<tr>\n<td>Application<\/td>\n<td>Emballage flexible pour les aliments, le th\u00e9 et la confiserie<\/td>\n<\/tr>\n<tr>\n<td>\u00c9paisseur<\/td>\n<td>3,6 mm<\/td>\n<\/tr>\n<tr>\n<td>\u00c9chantillon<\/td>\n<td>\u00c9chantillon gratuit<\/td>\n<\/tr>\n<tr>\n<td>MOQ<\/td>\n<td>10000pcs<\/td>\n<\/tr>\n<tr>\n<td>Fonctionnalit\u00e9\u00a0<\/td>\n<td>\u00c0 l'\u00e9preuve de l'humidit\u00e9<\/td>\n<\/tr>\n<tr>\n<td>OEM \/ ODM<\/td>\n<td>Accepter\u00a0<\/td>\n<\/tr>\n<\/tbody>\n<\/table>\n<p>&nbsp;<\/p>\n<p><script src=\"chrome-extension:\/\/fpelahbljekknahkcaegamhcndkfpfnc\/iFrame.js\" type=\"text\/javascript\"><\/script><\/p>\n<p>\n<script src=\"chrome-extension:\/\/fpelahbljekknahkcaegamhcndkfpfnc\/iFrame.js\" type=\"text\/javascript\"><\/script><\/p>","protected":false},"featured_media":368,"comment_status":"closed","ping_status":"closed","template":"","meta":{"_acf_changed":false},"product_brand":[],"product_cat":[19],"product_tag":[],"class_list":{"0":"post-355","1":"product","2":"type-product","3":"status-publish","4":"has-post-thumbnail","6":"product_cat-coffee-valve","8":"first","9":"instock","10":"shipping-taxable","11":"product-type-simple"},"acf":[],"_links":{"self":[{"href":"https:\/\/www.spoutcaps.com\/fr\/wp-json\/wp\/v2\/product\/355","targetHints":{"allow":["GET"]}}],"collection":[{"href":"https:\/\/www.spoutcaps.com\/fr\/wp-json\/wp\/v2\/product"}],"about":[{"href":"https:\/\/www.spoutcaps.com\/fr\/wp-json\/wp\/v2\/types\/product"}],"replies":[{"embeddable":true,"href":"https:\/\/www.spoutcaps.com\/fr\/wp-json\/wp\/v2\/comments?post=355"}],"wp:featuredmedia":[{"embeddable":true,"href":"https:\/\/www.spoutcaps.com\/fr\/wp-json\/wp\/v2\/media\/368"}],"wp:attachment":[{"href":"https:\/\/www.spoutcaps.com\/fr\/wp-json\/wp\/v2\/media?parent=355"}],"wp:term":[{"taxonomy":"product_brand","embeddable":true,"href":"https:\/\/www.spoutcaps.com\/fr\/wp-json\/wp\/v2\/product_brand?post=355"},{"taxonomy":"product_cat","embeddable":true,"href":"https:\/\/www.spoutcaps.com\/fr\/wp-json\/wp\/v2\/product_cat?post=355"},{"taxonomy":"product_tag","embeddable":true,"href":"https:\/\/www.spoutcaps.com\/fr\/wp-json\/wp\/v2\/product_tag?post=355"}],"curies":[{"name":"wp","href":"https:\/\/api.w.org\/{rel}","templated":true}]}}