{"id":275,"date":"2026-02-11T00:52:35","date_gmt":"2026-02-11T00:52:35","guid":{"rendered":"https:\/\/www.spoutcaps.com\/?post_type=product&#038;p=275"},"modified":"2026-02-11T00:52:36","modified_gmt":"2026-02-11T00:52:36","slug":"wholesale-coffee-degassing-valves","status":"publish","type":"product","link":"https:\/\/www.spoutcaps.com\/fr\/produit\/wholesale-coffee-degassing-valves\/","title":{"rendered":"Valve de d\u00e9gazage de caf\u00e9 en gros pour les sachets d'emballage de caf\u00e9 et de th\u00e9"},"content":{"rendered":"<div class=\"wp-block-columns is-layout-flex wp-container-core-columns-is-layout-9d6595d7 wp-block-columns-is-layout-flex\">\n<div class=\"wp-block-column is-layout-flow wp-block-column-is-layout-flow\">\n<figure class=\"wp-block-image size-full\"><img decoding=\"async\" width=\"800\" height=\"800\" src=\"https:\/\/www.spoutcaps.com\/wp-content\/uploads\/2026\/02\/wholesale-coffee-degrassing-valve-4.webp\" alt=\"Valve de d\u00e9gazage du caf\u00e9 en gros 4\" class=\"wp-image-279\" srcset=\"https:\/\/www.spoutcaps.com\/wp-content\/uploads\/2026\/02\/wholesale-coffee-degrassing-valve-4.webp 800w, https:\/\/www.spoutcaps.com\/wp-content\/uploads\/2026\/02\/wholesale-coffee-degrassing-valve-4-300x300.webp 300w, https:\/\/www.spoutcaps.com\/wp-content\/uploads\/2026\/02\/wholesale-coffee-degrassing-valve-4-150x150.webp 150w, https:\/\/www.spoutcaps.com\/wp-content\/uploads\/2026\/02\/wholesale-coffee-degrassing-valve-4-768x768.webp 768w, https:\/\/www.spoutcaps.com\/wp-content\/uploads\/2026\/02\/wholesale-coffee-degrassing-valve-4-600x600.webp 600w, https:\/\/www.spoutcaps.com\/wp-content\/uploads\/2026\/02\/wholesale-coffee-degrassing-valve-4-100x100.webp 100w\" sizes=\"(max-width: 800px) 100vw, 800px\" \/><\/figure>\n<\/div>\n\n\n\n<div class=\"wp-block-column is-layout-flow wp-block-column-is-layout-flow\">\n<figure class=\"wp-block-image size-full\"><img decoding=\"async\" width=\"800\" height=\"800\" src=\"https:\/\/www.spoutcaps.com\/wp-content\/uploads\/2026\/02\/wholesale-coffee-degrassing-valve-3.webp\" alt=\"Valve de d\u00e9gazage du caf\u00e9 en gros 3\" class=\"wp-image-278\" srcset=\"https:\/\/www.spoutcaps.com\/wp-content\/uploads\/2026\/02\/wholesale-coffee-degrassing-valve-3.webp 800w, https:\/\/www.spoutcaps.com\/wp-content\/uploads\/2026\/02\/wholesale-coffee-degrassing-valve-3-300x300.webp 300w, https:\/\/www.spoutcaps.com\/wp-content\/uploads\/2026\/02\/wholesale-coffee-degrassing-valve-3-150x150.webp 150w, https:\/\/www.spoutcaps.com\/wp-content\/uploads\/2026\/02\/wholesale-coffee-degrassing-valve-3-768x768.webp 768w, https:\/\/www.spoutcaps.com\/wp-content\/uploads\/2026\/02\/wholesale-coffee-degrassing-valve-3-600x600.webp 600w, https:\/\/www.spoutcaps.com\/wp-content\/uploads\/2026\/02\/wholesale-coffee-degrassing-valve-3-100x100.webp 100w\" sizes=\"(max-width: 800px) 100vw, 800px\" \/><\/figure>\n<\/div>\n<\/div>\n\n\n\n<figure class=\"wp-block-image size-full\"><img decoding=\"async\" width=\"800\" height=\"554\" src=\"https:\/\/www.spoutcaps.com\/wp-content\/uploads\/2026\/02\/coffee-valve-application.webp\" alt=\"Application de la valve \u00e0 caf\u00e9\" class=\"wp-image-247\" srcset=\"https:\/\/www.spoutcaps.com\/wp-content\/uploads\/2026\/02\/coffee-valve-application.webp 800w, https:\/\/www.spoutcaps.com\/wp-content\/uploads\/2026\/02\/coffee-valve-application-300x208.webp 300w, https:\/\/www.spoutcaps.com\/wp-content\/uploads\/2026\/02\/coffee-valve-application-768x532.webp 768w, https:\/\/www.spoutcaps.com\/wp-content\/uploads\/2026\/02\/coffee-valve-application-600x416.webp 600w\" sizes=\"(max-width: 800px) 100vw, 800px\" \/><\/figure>\n\n\n\n<div class=\"wp-block-columns is-layout-flex wp-container-core-columns-is-layout-9d6595d7 wp-block-columns-is-layout-flex\">\n<div class=\"wp-block-column is-layout-flow wp-block-column-is-layout-flow\"><\/div>\n\n\n\n<div class=\"wp-block-column is-layout-flow wp-block-column-is-layout-flow\"><\/div>\n<\/div>","protected":false},"excerpt":{"rendered":"<p>Valve de d\u00e9gazage de caf\u00e9 unidirectionnelle en gros pour les sacs de grains de caf\u00e9, les sachets de th\u00e9 et d'autres applications d'emballage alimentaire. Fabriqu\u00e9e en PE + silicone, cette valve de d\u00e9gazage du caf\u00e9 permet de lib\u00e9rer les gaz accumul\u00e9s \u00e0 l'int\u00e9rieur des sacs scell\u00e9s tout en emp\u00eachant l'air ext\u00e9rieur d'y p\u00e9n\u00e9trer, pr\u00e9servant ainsi la fra\u00eecheur et la qualit\u00e9 des produits tels que le caf\u00e9, le th\u00e9 et les en-cas. Fourniture d'une valve unidirectionnelle en vrac prise en charge.<\/p>\n<h2>Sp\u00e9cifications de la vanne de d\u00e9gazage du caf\u00e9<\/h2>\n<table>\n<thead>\n<tr>\n<th>Sp\u00e9cifications<\/th>\n<th>D\u00e9tails<\/th>\n<\/tr>\n<\/thead>\n<tbody>\n<tr>\n<td>Num\u00e9ro de mod\u00e8le<\/td>\n<td>DV02<\/td>\n<\/tr>\n<tr>\n<td>Nom du produit<\/td>\n<td>Valve de d\u00e9gazage du caf\u00e9<\/td>\n<\/tr>\n<tr>\n<td>Mat\u00e9riau<\/td>\n<td>PE+ gel de silice<\/td>\n<\/tr>\n<tr>\n<td>Application<\/td>\n<td>Emballage flexible pour les aliments, le th\u00e9 et la confiserie<\/td>\n<\/tr>\n<tr>\n<td>\u00c9paisseur<\/td>\n<td>3,5 mm<\/td>\n<\/tr>\n<tr>\n<td>\u00c9chantillon<\/td>\n<td>\u00c9chantillon gratuit<\/td>\n<\/tr>\n<tr>\n<td>MOQ<\/td>\n<td>10000pcs<\/td>\n<\/tr>\n<tr>\n<td>Fonctionnalit\u00e9\u00a0<\/td>\n<td>\u00c0 l'\u00e9preuve de l'humidit\u00e9<\/td>\n<\/tr>\n<tr>\n<td>OEM \/ ODM<\/td>\n<td>Accepter\u00a0<\/td>\n<\/tr>\n<\/tbody>\n<\/table>\n<p>&nbsp;<\/p>","protected":false},"featured_media":276,"comment_status":"closed","ping_status":"closed","template":"","meta":{"_acf_changed":true},"product_brand":[],"product_cat":[19],"product_tag":[],"class_list":{"0":"post-275","1":"product","2":"type-product","3":"status-publish","4":"has-post-thumbnail","6":"product_cat-coffee-valve","8":"first","9":"instock","10":"shipping-taxable","11":"product-type-simple"},"acf":[],"_links":{"self":[{"href":"https:\/\/www.spoutcaps.com\/fr\/wp-json\/wp\/v2\/product\/275","targetHints":{"allow":["GET"]}}],"collection":[{"href":"https:\/\/www.spoutcaps.com\/fr\/wp-json\/wp\/v2\/product"}],"about":[{"href":"https:\/\/www.spoutcaps.com\/fr\/wp-json\/wp\/v2\/types\/product"}],"replies":[{"embeddable":true,"href":"https:\/\/www.spoutcaps.com\/fr\/wp-json\/wp\/v2\/comments?post=275"}],"wp:featuredmedia":[{"embeddable":true,"href":"https:\/\/www.spoutcaps.com\/fr\/wp-json\/wp\/v2\/media\/276"}],"wp:attachment":[{"href":"https:\/\/www.spoutcaps.com\/fr\/wp-json\/wp\/v2\/media?parent=275"}],"wp:term":[{"taxonomy":"product_brand","embeddable":true,"href":"https:\/\/www.spoutcaps.com\/fr\/wp-json\/wp\/v2\/product_brand?post=275"},{"taxonomy":"product_cat","embeddable":true,"href":"https:\/\/www.spoutcaps.com\/fr\/wp-json\/wp\/v2\/product_cat?post=275"},{"taxonomy":"product_tag","embeddable":true,"href":"https:\/\/www.spoutcaps.com\/fr\/wp-json\/wp\/v2\/product_tag?post=275"}],"curies":[{"name":"wp","href":"https:\/\/api.w.org\/{rel}","templated":true}]}}