{"id":268,"date":"2026-02-10T16:12:55","date_gmt":"2026-02-10T16:12:55","guid":{"rendered":"https:\/\/www.spoutcaps.com\/?post_type=product&#038;p=268"},"modified":"2026-02-10T16:16:58","modified_gmt":"2026-02-10T16:16:58","slug":"wholesale-spout-caps-2-5mm","status":"publish","type":"product","link":"https:\/\/www.spoutcaps.com\/fr\/produit\/wholesale-spout-caps-2-5mm\/","title":{"rendered":"Wholesale 2.5mm Spout Cap for Cosmetic &amp; Liquid Packaging (Capuchon de bec verseur pour emballage de produits cosm\u00e9tiques et de liquides)"},"content":{"rendered":"<div class=\"wp-block-columns is-layout-flex wp-container-core-columns-is-layout-9d6595d7 wp-block-columns-is-layout-flex\">\n<div class=\"wp-block-column is-layout-flow wp-block-column-is-layout-flow\">\n<figure class=\"wp-block-image size-full\"><img decoding=\"async\" width=\"800\" height=\"800\" src=\"https:\/\/www.spoutcaps.com\/wp-content\/uploads\/2026\/02\/wholesale-2.5mm-spout-cap-for-cosmetic-packaging-4.webp\" alt=\"Gros bouchon \u00e0 bec 2,5 mm pour emballage cosm\u00e9tique 4\" class=\"wp-image-274\" srcset=\"https:\/\/www.spoutcaps.com\/wp-content\/uploads\/2026\/02\/wholesale-2.5mm-spout-cap-for-cosmetic-packaging-4.webp 800w, https:\/\/www.spoutcaps.com\/wp-content\/uploads\/2026\/02\/wholesale-2.5mm-spout-cap-for-cosmetic-packaging-4-300x300.webp 300w, https:\/\/www.spoutcaps.com\/wp-content\/uploads\/2026\/02\/wholesale-2.5mm-spout-cap-for-cosmetic-packaging-4-150x150.webp 150w, https:\/\/www.spoutcaps.com\/wp-content\/uploads\/2026\/02\/wholesale-2.5mm-spout-cap-for-cosmetic-packaging-4-768x768.webp 768w, https:\/\/www.spoutcaps.com\/wp-content\/uploads\/2026\/02\/wholesale-2.5mm-spout-cap-for-cosmetic-packaging-4-600x600.webp 600w, https:\/\/www.spoutcaps.com\/wp-content\/uploads\/2026\/02\/wholesale-2.5mm-spout-cap-for-cosmetic-packaging-4-100x100.webp 100w\" sizes=\"(max-width: 800px) 100vw, 800px\" \/><\/figure>\n<\/div>\n\n\n\n<div class=\"wp-block-column is-layout-flow wp-block-column-is-layout-flow\">\n<figure class=\"wp-block-image size-full\"><img decoding=\"async\" width=\"800\" height=\"800\" src=\"https:\/\/www.spoutcaps.com\/wp-content\/uploads\/2026\/02\/wholesale-2.5mm-spout-cap-for-cosmetic-packaging-3.webp\" alt=\"Gros bouchon \u00e0 bec 2,5 mm pour emballage cosm\u00e9tique 3\" class=\"wp-image-271\" srcset=\"https:\/\/www.spoutcaps.com\/wp-content\/uploads\/2026\/02\/wholesale-2.5mm-spout-cap-for-cosmetic-packaging-3.webp 800w, https:\/\/www.spoutcaps.com\/wp-content\/uploads\/2026\/02\/wholesale-2.5mm-spout-cap-for-cosmetic-packaging-3-300x300.webp 300w, https:\/\/www.spoutcaps.com\/wp-content\/uploads\/2026\/02\/wholesale-2.5mm-spout-cap-for-cosmetic-packaging-3-150x150.webp 150w, https:\/\/www.spoutcaps.com\/wp-content\/uploads\/2026\/02\/wholesale-2.5mm-spout-cap-for-cosmetic-packaging-3-768x768.webp 768w, https:\/\/www.spoutcaps.com\/wp-content\/uploads\/2026\/02\/wholesale-2.5mm-spout-cap-for-cosmetic-packaging-3-600x600.webp 600w, https:\/\/www.spoutcaps.com\/wp-content\/uploads\/2026\/02\/wholesale-2.5mm-spout-cap-for-cosmetic-packaging-3-100x100.webp 100w\" sizes=\"(max-width: 800px) 100vw, 800px\" \/><\/figure>\n<\/div>\n<\/div>\n\n\n\n<p><\/p>","protected":false},"excerpt":{"rendered":"<p>Bouchons \u00e0 bec de 2,5 mm en gros pour l'emballage de produits cosm\u00e9tiques et de liquides actifs. Ces bouchons \u00e0 bec de 2,5 mm sont optimis\u00e9s pour les petits emballages cosm\u00e9tiques et conviennent parfaitement \u00e0 certains produits cosm\u00e9tiques et de soins de la peau tr\u00e8s actifs. Support OEM\/ODM avec couleurs personnalisables, impression et options de fourniture de bouchons \u00e0 bec en vrac.<\/p>\n<h2>Sp\u00e9cifications du capuchon de bec<\/h2>\n<table>\n<thead>\n<tr>\n<th>Sp\u00e9cifications<\/th>\n<th>D\u00e9tails<\/th>\n<\/tr>\n<\/thead>\n<tbody>\n<tr>\n<td>Num\u00e9ro de mod\u00e8le<\/td>\n<td>SC37-2.5mm<\/td>\n<\/tr>\n<tr>\n<td>Nom du produit<\/td>\n<td>Capuchon de bec<\/td>\n<\/tr>\n<tr>\n<td>Caract\u00e9ristiques<\/td>\n<td>R\u00e9utilisable, l\u00e9ger, \u00e9cologique, durable, de qualit\u00e9 alimentaire, \u00e9tanche, facile \u00e0 ouvrir<\/td>\n<\/tr>\n<tr>\n<td>Diam\u00e8tre du goulot de la bouteille<\/td>\n<td>2,5 mm<\/td>\n<\/tr>\n<tr>\n<td>\u00c9chantillon<\/td>\n<td>\u00c9chantillon gratuit<\/td>\n<\/tr>\n<tr>\n<td>MOQ<\/td>\n<td>50 000 pi\u00e8ces<\/td>\n<\/tr>\n<tr>\n<td>Utilisation<\/td>\n<td>Jus de fruits, boissons, shampoing, emballage de produits de lessive, etc.<\/td>\n<\/tr>\n<tr>\n<td>D\u00e9lai d'ex\u00e9cution<\/td>\n<td>7-15 jours<\/td>\n<\/tr>\n<tr>\n<td>OEM \/ ODM<\/td>\n<td>Accepter (couleur, taille, etc.)<\/td>\n<\/tr>\n<\/tbody>\n<\/table>\n<p><script src=\"chrome-extension:\/\/fpelahbljekknahkcaegamhcndkfpfnc\/iFrame.js\" type=\"text\/javascript\"><\/script><\/p>","protected":false},"featured_media":269,"comment_status":"closed","ping_status":"closed","template":"","meta":{"_acf_changed":false},"product_brand":[],"product_cat":[18],"product_tag":[],"class_list":{"0":"post-268","1":"product","2":"type-product","3":"status-publish","4":"has-post-thumbnail","6":"product_cat-spout-cap","8":"first","9":"instock","10":"shipping-taxable","11":"product-type-simple"},"acf":[],"_links":{"self":[{"href":"https:\/\/www.spoutcaps.com\/fr\/wp-json\/wp\/v2\/product\/268","targetHints":{"allow":["GET"]}}],"collection":[{"href":"https:\/\/www.spoutcaps.com\/fr\/wp-json\/wp\/v2\/product"}],"about":[{"href":"https:\/\/www.spoutcaps.com\/fr\/wp-json\/wp\/v2\/types\/product"}],"replies":[{"embeddable":true,"href":"https:\/\/www.spoutcaps.com\/fr\/wp-json\/wp\/v2\/comments?post=268"}],"wp:featuredmedia":[{"embeddable":true,"href":"https:\/\/www.spoutcaps.com\/fr\/wp-json\/wp\/v2\/media\/269"}],"wp:attachment":[{"href":"https:\/\/www.spoutcaps.com\/fr\/wp-json\/wp\/v2\/media?parent=268"}],"wp:term":[{"taxonomy":"product_brand","embeddable":true,"href":"https:\/\/www.spoutcaps.com\/fr\/wp-json\/wp\/v2\/product_brand?post=268"},{"taxonomy":"product_cat","embeddable":true,"href":"https:\/\/www.spoutcaps.com\/fr\/wp-json\/wp\/v2\/product_cat?post=268"},{"taxonomy":"product_tag","embeddable":true,"href":"https:\/\/www.spoutcaps.com\/fr\/wp-json\/wp\/v2\/product_tag?post=268"}],"curies":[{"name":"wp","href":"https:\/\/api.w.org\/{rel}","templated":true}]}}