{"id":241,"date":"2026-02-10T02:24:03","date_gmt":"2026-02-10T02:24:03","guid":{"rendered":"https:\/\/www.spoutcaps.com\/?post_type=product&#038;p=241"},"modified":"2026-02-10T02:58:20","modified_gmt":"2026-02-10T02:58:20","slug":"wholesale-22-mm-coffee-bag-one-way-valve","status":"publish","type":"product","link":"https:\/\/www.spoutcaps.com\/fr\/produit\/wholesale-22-mm-coffee-bag-one-way-valve\/","title":{"rendered":"Sac de caf\u00e9 en gros 22 mm Valve \u00e0 sens unique Food Grade"},"content":{"rendered":"<div class=\"wp-block-columns is-layout-flex wp-container-core-columns-is-layout-9d6595d7 wp-block-columns-is-layout-flex\">\n<div class=\"wp-block-column is-layout-flow wp-block-column-is-layout-flow\">\n<figure class=\"wp-block-image size-full\"><img decoding=\"async\" width=\"800\" height=\"800\" src=\"https:\/\/www.spoutcaps.com\/wp-content\/uploads\/2026\/02\/wholesale-22mm-coffee-valves-4.webp\" alt=\"Grossiste valves \u00e0 caf\u00e9 22mm (4)\" class=\"wp-image-245\" srcset=\"https:\/\/www.spoutcaps.com\/wp-content\/uploads\/2026\/02\/wholesale-22mm-coffee-valves-4.webp 800w, https:\/\/www.spoutcaps.com\/wp-content\/uploads\/2026\/02\/wholesale-22mm-coffee-valves-4-300x300.webp 300w, https:\/\/www.spoutcaps.com\/wp-content\/uploads\/2026\/02\/wholesale-22mm-coffee-valves-4-150x150.webp 150w, https:\/\/www.spoutcaps.com\/wp-content\/uploads\/2026\/02\/wholesale-22mm-coffee-valves-4-768x768.webp 768w, https:\/\/www.spoutcaps.com\/wp-content\/uploads\/2026\/02\/wholesale-22mm-coffee-valves-4-600x600.webp 600w, https:\/\/www.spoutcaps.com\/wp-content\/uploads\/2026\/02\/wholesale-22mm-coffee-valves-4-100x100.webp 100w\" sizes=\"(max-width: 800px) 100vw, 800px\" \/><\/figure>\n<\/div>\n\n\n\n<div class=\"wp-block-column is-layout-flow wp-block-column-is-layout-flow\">\n<figure class=\"wp-block-image size-full\"><img decoding=\"async\" width=\"800\" height=\"800\" src=\"https:\/\/www.spoutcaps.com\/wp-content\/uploads\/2026\/02\/wholesale-22mm-coffee-valves-5.webp\" alt=\"Grosses valves \u00e0 caf\u00e9 de 22 mm (5)\" class=\"wp-image-246\" srcset=\"https:\/\/www.spoutcaps.com\/wp-content\/uploads\/2026\/02\/wholesale-22mm-coffee-valves-5.webp 800w, https:\/\/www.spoutcaps.com\/wp-content\/uploads\/2026\/02\/wholesale-22mm-coffee-valves-5-300x300.webp 300w, https:\/\/www.spoutcaps.com\/wp-content\/uploads\/2026\/02\/wholesale-22mm-coffee-valves-5-150x150.webp 150w, https:\/\/www.spoutcaps.com\/wp-content\/uploads\/2026\/02\/wholesale-22mm-coffee-valves-5-768x768.webp 768w, https:\/\/www.spoutcaps.com\/wp-content\/uploads\/2026\/02\/wholesale-22mm-coffee-valves-5-600x600.webp 600w, https:\/\/www.spoutcaps.com\/wp-content\/uploads\/2026\/02\/wholesale-22mm-coffee-valves-5-100x100.webp 100w\" sizes=\"(max-width: 800px) 100vw, 800px\" \/><\/figure>\n<\/div>\n<\/div>\n\n\n\n<figure class=\"wp-block-image size-full\"><img decoding=\"async\" width=\"800\" height=\"554\" src=\"https:\/\/www.spoutcaps.com\/wp-content\/uploads\/2026\/02\/coffee-valve-application.webp\" alt=\"Application de la valve \u00e0 caf\u00e9\" class=\"wp-image-247\" srcset=\"https:\/\/www.spoutcaps.com\/wp-content\/uploads\/2026\/02\/coffee-valve-application.webp 800w, https:\/\/www.spoutcaps.com\/wp-content\/uploads\/2026\/02\/coffee-valve-application-300x208.webp 300w, https:\/\/www.spoutcaps.com\/wp-content\/uploads\/2026\/02\/coffee-valve-application-768x532.webp 768w, https:\/\/www.spoutcaps.com\/wp-content\/uploads\/2026\/02\/coffee-valve-application-600x416.webp 600w\" sizes=\"(max-width: 800px) 100vw, 800px\" \/><\/figure>\n\n\n\n<div class=\"wp-block-columns is-layout-flex wp-container-core-columns-is-layout-9d6595d7 wp-block-columns-is-layout-flex\">\n<div class=\"wp-block-column is-layout-flow wp-block-column-is-layout-flow\"><\/div>\n\n\n\n<div class=\"wp-block-column is-layout-flow wp-block-column-is-layout-flow\"><\/div>\n<\/div>","protected":false},"excerpt":{"rendered":"<p>Notre valve de d\u00e9gazage de 22 mm est une valve d'\u00e9chappement unidirectionnelle fiable con\u00e7ue pour les emballages flexibles, en particulier pour les sacs de grains de caf\u00e9 et d'autres applications d'emballage alimentaire. Fabriqu\u00e9e en PE + silicone, cette valve circulaire permet de lib\u00e9rer les gaz accumul\u00e9s \u00e0 l'int\u00e9rieur des sacs scell\u00e9s tout en emp\u00eachant l'air ext\u00e9rieur d'y p\u00e9n\u00e9trer, pr\u00e9servant ainsi la fra\u00eecheur et la qualit\u00e9 des produits tels que le caf\u00e9, le th\u00e9 et les snacks.<\/p>\n<h2>Sp\u00e9cifications de la valve \u00e0 caf\u00e9<\/h2>\n<table>\n<thead>\n<tr>\n<th>Sp\u00e9cifications<\/th>\n<th>D\u00e9tails<\/th>\n<\/tr>\n<\/thead>\n<tbody>\n<tr>\n<td>Num\u00e9ro de mod\u00e8le<\/td>\n<td>DV01<\/td>\n<\/tr>\n<tr>\n<td>Nom du produit<\/td>\n<td>Valve \u00e0 caf\u00e9<\/td>\n<\/tr>\n<tr>\n<td>Mat\u00e9riau<\/td>\n<td>PE+ gel de silice<\/td>\n<\/tr>\n<tr>\n<td>Application<\/td>\n<td>Emballage flexible pour les aliments, le th\u00e9 et la confiserie<\/td>\n<\/tr>\n<tr>\n<td>\u00c9paisseur<\/td>\n<td>3,6 mm<\/td>\n<\/tr>\n<tr>\n<td>\u00c9chantillon<\/td>\n<td>\u00c9chantillon gratuit<\/td>\n<\/tr>\n<tr>\n<td>MOQ<\/td>\n<td>10000pcs<\/td>\n<\/tr>\n<tr>\n<td>Fonctionnalit\u00e9\u00a0<\/td>\n<td>\u00c0 l'\u00e9preuve de l'humidit\u00e9<\/td>\n<\/tr>\n<tr>\n<td>OEM \/ ODM<\/td>\n<td>Accepter\u00a0<\/td>\n<\/tr>\n<\/tbody>\n<\/table>\n<p>&nbsp;<\/p>","protected":false},"featured_media":242,"comment_status":"closed","ping_status":"closed","template":"","meta":{"_acf_changed":false},"product_brand":[],"product_cat":[19],"product_tag":[],"class_list":{"0":"post-241","1":"product","2":"type-product","3":"status-publish","4":"has-post-thumbnail","6":"product_cat-coffee-valve","8":"first","9":"instock","10":"shipping-taxable","11":"product-type-simple"},"acf":[],"_links":{"self":[{"href":"https:\/\/www.spoutcaps.com\/fr\/wp-json\/wp\/v2\/product\/241","targetHints":{"allow":["GET"]}}],"collection":[{"href":"https:\/\/www.spoutcaps.com\/fr\/wp-json\/wp\/v2\/product"}],"about":[{"href":"https:\/\/www.spoutcaps.com\/fr\/wp-json\/wp\/v2\/types\/product"}],"replies":[{"embeddable":true,"href":"https:\/\/www.spoutcaps.com\/fr\/wp-json\/wp\/v2\/comments?post=241"}],"wp:featuredmedia":[{"embeddable":true,"href":"https:\/\/www.spoutcaps.com\/fr\/wp-json\/wp\/v2\/media\/242"}],"wp:attachment":[{"href":"https:\/\/www.spoutcaps.com\/fr\/wp-json\/wp\/v2\/media?parent=241"}],"wp:term":[{"taxonomy":"product_brand","embeddable":true,"href":"https:\/\/www.spoutcaps.com\/fr\/wp-json\/wp\/v2\/product_brand?post=241"},{"taxonomy":"product_cat","embeddable":true,"href":"https:\/\/www.spoutcaps.com\/fr\/wp-json\/wp\/v2\/product_cat?post=241"},{"taxonomy":"product_tag","embeddable":true,"href":"https:\/\/www.spoutcaps.com\/fr\/wp-json\/wp\/v2\/product_tag?post=241"}],"curies":[{"name":"wp","href":"https:\/\/api.w.org\/{rel}","templated":true}]}}