{"id":199,"date":"2026-02-09T04:37:32","date_gmt":"2026-02-09T04:37:32","guid":{"rendered":"https:\/\/www.spoutcaps.com\/?post_type=product&#038;p=199"},"modified":"2026-02-10T02:04:06","modified_gmt":"2026-02-10T02:04:06","slug":"wholesale-5mm-spout-caps-for-juice-beverages-and-liquid-pouches","status":"publish","type":"product","link":"https:\/\/www.spoutcaps.com\/fr\/produit\/wholesale-5mm-spout-caps-for-juice-beverages-and-liquid-pouches\/","title":{"rendered":"Wholesale 5mm Spout Caps for Juice, Beverages, and Liquid Pouches (Capuchons de bec verseur pour jus de fruits, boissons et liquides)"},"content":{"rendered":"<div class=\"wp-block-columns is-layout-flex wp-container-core-columns-is-layout-9d6595d7 wp-block-columns-is-layout-flex\">\n<div class=\"wp-block-column is-layout-flow wp-block-column-is-layout-flow\">\n<figure class=\"wp-block-image size-full\"><img decoding=\"async\" width=\"800\" height=\"800\" src=\"https:\/\/www.spoutcaps.com\/wp-content\/uploads\/2026\/02\/wholesale-5mm-spout-caps-2.webp\" alt=\"Gros bouchons de 5 mm pour le bec verseur (1)\" class=\"wp-image-202\" srcset=\"https:\/\/www.spoutcaps.com\/wp-content\/uploads\/2026\/02\/wholesale-5mm-spout-caps-2.webp 800w, https:\/\/www.spoutcaps.com\/wp-content\/uploads\/2026\/02\/wholesale-5mm-spout-caps-2-300x300.webp 300w, https:\/\/www.spoutcaps.com\/wp-content\/uploads\/2026\/02\/wholesale-5mm-spout-caps-2-150x150.webp 150w, https:\/\/www.spoutcaps.com\/wp-content\/uploads\/2026\/02\/wholesale-5mm-spout-caps-2-768x768.webp 768w, https:\/\/www.spoutcaps.com\/wp-content\/uploads\/2026\/02\/wholesale-5mm-spout-caps-2-600x600.webp 600w, https:\/\/www.spoutcaps.com\/wp-content\/uploads\/2026\/02\/wholesale-5mm-spout-caps-2-100x100.webp 100w\" sizes=\"(max-width: 800px) 100vw, 800px\" \/><\/figure>\n<\/div>\n\n\n\n<div class=\"wp-block-column is-layout-flow wp-block-column-is-layout-flow\">\n<figure class=\"wp-block-image size-full\"><img decoding=\"async\" width=\"800\" height=\"800\" src=\"https:\/\/www.spoutcaps.com\/wp-content\/uploads\/2026\/02\/wholesale-5mm-spout-caps-3.webp\" alt=\"Gros bouchons de 5 mm pour le bec verseur (1)\" class=\"wp-image-203\" srcset=\"https:\/\/www.spoutcaps.com\/wp-content\/uploads\/2026\/02\/wholesale-5mm-spout-caps-3.webp 800w, https:\/\/www.spoutcaps.com\/wp-content\/uploads\/2026\/02\/wholesale-5mm-spout-caps-3-300x300.webp 300w, https:\/\/www.spoutcaps.com\/wp-content\/uploads\/2026\/02\/wholesale-5mm-spout-caps-3-150x150.webp 150w, https:\/\/www.spoutcaps.com\/wp-content\/uploads\/2026\/02\/wholesale-5mm-spout-caps-3-768x768.webp 768w, https:\/\/www.spoutcaps.com\/wp-content\/uploads\/2026\/02\/wholesale-5mm-spout-caps-3-600x600.webp 600w, https:\/\/www.spoutcaps.com\/wp-content\/uploads\/2026\/02\/wholesale-5mm-spout-caps-3-100x100.webp 100w\" sizes=\"(max-width: 800px) 100vw, 800px\" \/><\/figure>\n<\/div>\n<\/div>","protected":false},"excerpt":{"rendered":"<p>Bouchons de 5 mm en gros con\u00e7us pour les applications d'emballage de liquides. Ces bouchons assurent une fermeture s\u00fbre et \u00e9tanche tout en garantissant un versement r\u00e9gulier et contr\u00f4l\u00e9. Id\u00e9aux pour les emballages souples, ils sont compatibles avec diff\u00e9rents formats de sachets et peuvent \u00eatre personnalis\u00e9s en termes de couleurs, ainsi que pour les besoins de production en grande quantit\u00e9 des OEM\/ODM.<\/p>\n<h2>Sp\u00e9cifications du capuchon de bec<\/h2>\n<table>\n<thead>\n<tr>\n<th>Sp\u00e9cifications<\/th>\n<th>D\u00e9tails<\/th>\n<\/tr>\n<\/thead>\n<tbody>\n<tr>\n<td>Num\u00e9ro de mod\u00e8le<\/td>\n<td>SC03-5mm<\/td>\n<\/tr>\n<tr>\n<td>Nom du produit<\/td>\n<td>Capuchon de bec<\/td>\n<\/tr>\n<tr>\n<td>Caract\u00e9ristiques<\/td>\n<td>R\u00e9utilisable, l\u00e9ger, \u00e9cologique, durable, de qualit\u00e9 alimentaire, \u00e9tanche, facile \u00e0 ouvrir<\/td>\n<\/tr>\n<tr>\n<td>Diam\u00e8tre du goulot de la bouteille<\/td>\n<td>5mm<\/td>\n<\/tr>\n<tr>\n<td>\u00c9chantillon<\/td>\n<td>\u00c9chantillon gratuit<\/td>\n<\/tr>\n<tr>\n<td>MOQ<\/td>\n<td>50 000 pi\u00e8ces<\/td>\n<\/tr>\n<tr>\n<td>Utilisation<\/td>\n<td>Jus de fruits, boissons, shampoing, emballage de produits de lessive, etc.<\/td>\n<\/tr>\n<tr>\n<td>D\u00e9lai d'ex\u00e9cution<\/td>\n<td>7-15 jours<\/td>\n<\/tr>\n<tr>\n<td>OEM \/ ODM<\/td>\n<td>Accepter (couleur, taille, etc.)<\/td>\n<\/tr>\n<\/tbody>\n<\/table>\n<p>\n<script src=\"chrome-extension:\/\/fpelahbljekknahkcaegamhcndkfpfnc\/iFrame.js\" type=\"text\/javascript\"><\/script><\/p>","protected":false},"featured_media":201,"comment_status":"closed","ping_status":"closed","template":"","meta":{"_acf_changed":false},"product_brand":[],"product_cat":[18],"product_tag":[],"class_list":{"0":"post-199","1":"product","2":"type-product","3":"status-publish","4":"has-post-thumbnail","6":"product_cat-spout-cap","8":"first","9":"instock","10":"shipping-taxable","11":"product-type-simple"},"acf":[],"_links":{"self":[{"href":"https:\/\/www.spoutcaps.com\/fr\/wp-json\/wp\/v2\/product\/199","targetHints":{"allow":["GET"]}}],"collection":[{"href":"https:\/\/www.spoutcaps.com\/fr\/wp-json\/wp\/v2\/product"}],"about":[{"href":"https:\/\/www.spoutcaps.com\/fr\/wp-json\/wp\/v2\/types\/product"}],"replies":[{"embeddable":true,"href":"https:\/\/www.spoutcaps.com\/fr\/wp-json\/wp\/v2\/comments?post=199"}],"wp:featuredmedia":[{"embeddable":true,"href":"https:\/\/www.spoutcaps.com\/fr\/wp-json\/wp\/v2\/media\/201"}],"wp:attachment":[{"href":"https:\/\/www.spoutcaps.com\/fr\/wp-json\/wp\/v2\/media?parent=199"}],"wp:term":[{"taxonomy":"product_brand","embeddable":true,"href":"https:\/\/www.spoutcaps.com\/fr\/wp-json\/wp\/v2\/product_brand?post=199"},{"taxonomy":"product_cat","embeddable":true,"href":"https:\/\/www.spoutcaps.com\/fr\/wp-json\/wp\/v2\/product_cat?post=199"},{"taxonomy":"product_tag","embeddable":true,"href":"https:\/\/www.spoutcaps.com\/fr\/wp-json\/wp\/v2\/product_tag?post=199"}],"curies":[{"name":"wp","href":"https:\/\/api.w.org\/{rel}","templated":true}]}}