{"id":1099,"date":"2026-04-14T09:00:07","date_gmt":"2026-04-14T09:00:07","guid":{"rendered":"https:\/\/www.spoutcaps.com\/?post_type=product&#038;p=1099"},"modified":"2026-04-15T07:54:38","modified_gmt":"2026-04-15T07:54:38","slug":"wholesale-30mm-spout-caps","status":"publish","type":"product","link":"https:\/\/www.spoutcaps.com\/fr\/produit\/wholesale-30mm-spout-caps\/","title":{"rendered":"Grossiste 1.18inch\/30mm Spout Caps, id\u00e9al pour les grands sacs d'emballage et les liquides \u00e0 haute viscosit\u00e9 - Spout Cap Manufacturer Supply"},"content":{"rendered":"<div class=\"wp-block-columns is-layout-flex wp-container-core-columns-is-layout-9d6595d7 wp-block-columns-is-layout-flex\">\n<div class=\"wp-block-column is-layout-flow wp-block-column-is-layout-flow\">\n<figure class=\"wp-block-image size-full\"><img decoding=\"async\" width=\"800\" height=\"800\" src=\"https:\/\/www.spoutcaps.com\/wp-content\/uploads\/2026\/04\/wholesale-30mm-spout-cap-5.webp\" alt=\"grossiste 30mm spout cap 5\" class=\"wp-image-1104\" srcset=\"https:\/\/www.spoutcaps.com\/wp-content\/uploads\/2026\/04\/wholesale-30mm-spout-cap-5.webp 800w, https:\/\/www.spoutcaps.com\/wp-content\/uploads\/2026\/04\/wholesale-30mm-spout-cap-5-300x300.webp 300w, https:\/\/www.spoutcaps.com\/wp-content\/uploads\/2026\/04\/wholesale-30mm-spout-cap-5-150x150.webp 150w, https:\/\/www.spoutcaps.com\/wp-content\/uploads\/2026\/04\/wholesale-30mm-spout-cap-5-768x768.webp 768w, https:\/\/www.spoutcaps.com\/wp-content\/uploads\/2026\/04\/wholesale-30mm-spout-cap-5-12x12.webp 12w, https:\/\/www.spoutcaps.com\/wp-content\/uploads\/2026\/04\/wholesale-30mm-spout-cap-5-600x600.webp 600w, https:\/\/www.spoutcaps.com\/wp-content\/uploads\/2026\/04\/wholesale-30mm-spout-cap-5-100x100.webp 100w\" sizes=\"(max-width: 800px) 100vw, 800px\" \/><\/figure>\n<\/div>\n\n\n\n<div class=\"wp-block-column is-layout-flow wp-block-column-is-layout-flow\">\n<figure class=\"wp-block-image size-full\"><img decoding=\"async\" width=\"800\" height=\"800\" src=\"https:\/\/www.spoutcaps.com\/wp-content\/uploads\/2026\/04\/wholesale-30mm-spout-cap-3.webp\" alt=\"Gros bouchon \u00e0 bec de 30 mm 3\" class=\"wp-image-1102\" srcset=\"https:\/\/www.spoutcaps.com\/wp-content\/uploads\/2026\/04\/wholesale-30mm-spout-cap-3.webp 800w, https:\/\/www.spoutcaps.com\/wp-content\/uploads\/2026\/04\/wholesale-30mm-spout-cap-3-300x300.webp 300w, https:\/\/www.spoutcaps.com\/wp-content\/uploads\/2026\/04\/wholesale-30mm-spout-cap-3-150x150.webp 150w, https:\/\/www.spoutcaps.com\/wp-content\/uploads\/2026\/04\/wholesale-30mm-spout-cap-3-768x768.webp 768w, https:\/\/www.spoutcaps.com\/wp-content\/uploads\/2026\/04\/wholesale-30mm-spout-cap-3-12x12.webp 12w, https:\/\/www.spoutcaps.com\/wp-content\/uploads\/2026\/04\/wholesale-30mm-spout-cap-3-600x600.webp 600w, https:\/\/www.spoutcaps.com\/wp-content\/uploads\/2026\/04\/wholesale-30mm-spout-cap-3-100x100.webp 100w\" sizes=\"(max-width: 800px) 100vw, 800px\" \/><\/figure>\n<\/div>\n<\/div>\n\n\n\n<p><\/p>","protected":false},"excerpt":{"rendered":"<p>Wholesale multi-color tamper-evident spout caps. These HDPE 30mm \/ 1.18inch spout caps are leak-proof, tamper-evident, and designed for secure sealing with visible opening indication, durable structure, and consistent dispensing performance, ensuring product integrity and safety throughout storage and distribution. Ideal for large sauce packaging bags, large personal care packaging bags, and industrial high-viscosity liquids.<\/p>\n<p>Sanrun can offer OEM\/ODM spout cap solutions for your special packaging needs. Contact us now!<\/p>\n<h2>Spout Cap Specifications<\/h2>\n<table>\n<thead>\n<tr>\n<th>Specifications<\/th>\n<th>Details<\/th>\n<\/tr>\n<\/thead>\n<tbody>\n<tr>\n<td>Model Number<\/td>\n<td>\n<div class=\"id-grid id-grid-cols-[2fr_3fr] id-border-b-[0.5px] id-border-[#ddd]\" data-testid=\"module-attribute-row\">\n<div class=\"id-text-sm id-font-medium id-p-4 id-flex id-items-center id-flex-wrap id-overflow-hidden\" title=\"SC13-8mm\" data-testid=\"module-attribute-value\">\n<div class=\"id-flex id-flex-col id-gap-[10px] id-w-full id-min-w-0\" data-testid=\"module-attribute-value-wrapper\">\n<div class=\"id-leading-[18px]\" data-attribute-lineclamp=\"true\" data-testid=\"module-attribute-value-text\" data-spm-anchor-id=\"a2700.details.0.i114.3fa44f8744OSR7\">SC41-30mm<\/div>\n<\/div>\n<\/div>\n<\/div>\n<\/td>\n<\/tr>\n<tr>\n<td>Product Name<\/td>\n<td>Spout Cap<\/td>\n<\/tr>\n<tr>\n<td>Features<\/td>\n<td>Reusable, lightweight, eco-friendly, durable, food-grade, leak-proof, easy-open<\/td>\n<\/tr>\n<tr>\n<td>Bottle Neck Diameter<\/td>\n<td>30 mm<\/td>\n<\/tr>\n<tr>\n<td>Sample<\/td>\n<td>Free sample<\/td>\n<\/tr>\n<tr>\n<td>MOQ<\/td>\n<td>50,000 pcs<\/td>\n<\/tr>\n<tr>\n<td>Usage<\/td>\n<td>Laundry detergent, sauce, shampoo, industrial liquid, etc.<\/td>\n<\/tr>\n<tr>\n<td>Lead Time<\/td>\n<td>7\u201315 days<\/td>\n<\/tr>\n<tr>\n<td>OEM \/ ODM<\/td>\n<td>Accept (color, size, and more)<\/td>\n<\/tr>\n<\/tbody>\n<\/table>\n<p><script src=\"chrome-extension:\/\/fpelahbljekknahkcaegamhcndkfpfnc\/iFrame.js\" type=\"text\/javascript\"><\/script><\/p>\n<p><script src=\"chrome-extension:\/\/fpelahbljekknahkcaegamhcndkfpfnc\/iFrame.js\" type=\"text\/javascript\"><\/script><\/p>\n<p><script src=\"chrome-extension:\/\/fpelahbljekknahkcaegamhcndkfpfnc\/iFrame.js\" type=\"text\/javascript\"><\/script><\/p>\n<p><script src=\"chrome-extension:\/\/fpelahbljekknahkcaegamhcndkfpfnc\/iFrame.js\" type=\"text\/javascript\"><\/script><\/p>\n","protected":false},"featured_media":1119,"comment_status":"closed","ping_status":"closed","template":"","meta":{"_acf_changed":false},"product_brand":[],"product_cat":[18],"product_tag":[],"class_list":{"0":"post-1099","1":"product","2":"type-product","3":"status-publish","4":"has-post-thumbnail","6":"product_cat-spout-cap","8":"first","9":"instock","10":"shipping-taxable","11":"product-type-simple"},"acf":[],"_links":{"self":[{"href":"https:\/\/www.spoutcaps.com\/fr\/wp-json\/wp\/v2\/product\/1099","targetHints":{"allow":["GET"]}}],"collection":[{"href":"https:\/\/www.spoutcaps.com\/fr\/wp-json\/wp\/v2\/product"}],"about":[{"href":"https:\/\/www.spoutcaps.com\/fr\/wp-json\/wp\/v2\/types\/product"}],"replies":[{"embeddable":true,"href":"https:\/\/www.spoutcaps.com\/fr\/wp-json\/wp\/v2\/comments?post=1099"}],"wp:featuredmedia":[{"embeddable":true,"href":"https:\/\/www.spoutcaps.com\/fr\/wp-json\/wp\/v2\/media\/1119"}],"wp:attachment":[{"href":"https:\/\/www.spoutcaps.com\/fr\/wp-json\/wp\/v2\/media?parent=1099"}],"wp:term":[{"taxonomy":"product_brand","embeddable":true,"href":"https:\/\/www.spoutcaps.com\/fr\/wp-json\/wp\/v2\/product_brand?post=1099"},{"taxonomy":"product_cat","embeddable":true,"href":"https:\/\/www.spoutcaps.com\/fr\/wp-json\/wp\/v2\/product_cat?post=1099"},{"taxonomy":"product_tag","embeddable":true,"href":"https:\/\/www.spoutcaps.com\/fr\/wp-json\/wp\/v2\/product_tag?post=1099"}],"curies":[{"name":"wp","href":"https:\/\/api.w.org\/{rel}","templated":true}]}}