{"id":795,"date":"2026-03-21T08:51:23","date_gmt":"2026-03-21T08:51:23","guid":{"rendered":"https:\/\/www.spoutcaps.com\/?post_type=product&#038;p=795"},"modified":"2026-03-21T08:51:23","modified_gmt":"2026-03-21T08:51:23","slug":"wholesale-spout-cap-flip-design","status":"publish","type":"product","link":"https:\/\/www.spoutcaps.com\/es\/producto\/wholesale-spout-cap-flip-design\/","title":{"rendered":"Venta al por mayor 7.8mm(0.31 inch) Flip-Top Spout Caps, Food-Grade PP Materials, For Liquid Packaging"},"content":{"rendered":"<div class=\"wp-block-columns is-layout-flex wp-container-core-columns-is-layout-9d6595d7 wp-block-columns-is-layout-flex\">\n<div class=\"wp-block-column is-layout-flow wp-block-column-is-layout-flow\">\n<figure class=\"wp-block-image size-full\"><img decoding=\"async\" width=\"800\" height=\"800\" src=\"https:\/\/www.spoutcaps.com\/wp-content\/uploads\/2026\/03\/wholesale-spout-cap-7.8-mm-0.31-inch-3.webp\" alt=\"mayorista ca\u00f1o tapa 7,8 mm-0,31 pulgadas 3\" class=\"wp-image-798\" srcset=\"https:\/\/www.spoutcaps.com\/wp-content\/uploads\/2026\/03\/wholesale-spout-cap-7.8-mm-0.31-inch-3.webp 800w, https:\/\/www.spoutcaps.com\/wp-content\/uploads\/2026\/03\/wholesale-spout-cap-7.8-mm-0.31-inch-3-300x300.webp 300w, https:\/\/www.spoutcaps.com\/wp-content\/uploads\/2026\/03\/wholesale-spout-cap-7.8-mm-0.31-inch-3-150x150.webp 150w, https:\/\/www.spoutcaps.com\/wp-content\/uploads\/2026\/03\/wholesale-spout-cap-7.8-mm-0.31-inch-3-768x768.webp 768w, https:\/\/www.spoutcaps.com\/wp-content\/uploads\/2026\/03\/wholesale-spout-cap-7.8-mm-0.31-inch-3-12x12.webp 12w, https:\/\/www.spoutcaps.com\/wp-content\/uploads\/2026\/03\/wholesale-spout-cap-7.8-mm-0.31-inch-3-600x600.webp 600w, https:\/\/www.spoutcaps.com\/wp-content\/uploads\/2026\/03\/wholesale-spout-cap-7.8-mm-0.31-inch-3-100x100.webp 100w\" sizes=\"(max-width: 800px) 100vw, 800px\" \/><\/figure>\n<\/div>\n\n\n\n<div class=\"wp-block-column is-layout-flow wp-block-column-is-layout-flow\">\n<figure class=\"wp-block-image size-full\"><img decoding=\"async\" width=\"800\" height=\"800\" src=\"https:\/\/www.spoutcaps.com\/wp-content\/uploads\/2026\/03\/wholesale-spout-cap-7.8-mm-0.31-inch-4.webp\" alt=\"mayorista ca\u00f1o tapa 7,8 mm-0,31 pulgadas 4\" class=\"wp-image-799\" srcset=\"https:\/\/www.spoutcaps.com\/wp-content\/uploads\/2026\/03\/wholesale-spout-cap-7.8-mm-0.31-inch-4.webp 800w, https:\/\/www.spoutcaps.com\/wp-content\/uploads\/2026\/03\/wholesale-spout-cap-7.8-mm-0.31-inch-4-300x300.webp 300w, https:\/\/www.spoutcaps.com\/wp-content\/uploads\/2026\/03\/wholesale-spout-cap-7.8-mm-0.31-inch-4-150x150.webp 150w, https:\/\/www.spoutcaps.com\/wp-content\/uploads\/2026\/03\/wholesale-spout-cap-7.8-mm-0.31-inch-4-768x768.webp 768w, https:\/\/www.spoutcaps.com\/wp-content\/uploads\/2026\/03\/wholesale-spout-cap-7.8-mm-0.31-inch-4-12x12.webp 12w, https:\/\/www.spoutcaps.com\/wp-content\/uploads\/2026\/03\/wholesale-spout-cap-7.8-mm-0.31-inch-4-600x600.webp 600w, https:\/\/www.spoutcaps.com\/wp-content\/uploads\/2026\/03\/wholesale-spout-cap-7.8-mm-0.31-inch-4-100x100.webp 100w\" sizes=\"(max-width: 800px) 100vw, 800px\" \/><\/figure>\n<\/div>\n<\/div>","protected":false},"excerpt":{"rendered":"<p>Tap\u00f3n de pico abatible de PP al por mayor. Tienen un di\u00e1metro de 7,8 mm (0,31 pulgadas). Son aptos para uso alimentario, resistentes a las fugas y est\u00e1n dise\u00f1ados para una dispensaci\u00f3n f\u00e1cil de abrir y cerrar con un rendimiento de resellado fiable. Ideales para bolsas de zumo, bolsas de bebidas, bolsas de gelatina, bebidas de yogur, salsas y otras aplicaciones de envasado de l\u00edquidos en bolsas flexibles. Apoye el servicio de tapas de pico OEM\/ODM y el suministro a granel desde nuestro taller. P\u00f3ngase en contacto con nosotros.<\/p>\n<h2>Especificaciones de la tapa del ca\u00f1o<\/h2>\n<table>\n<thead>\n<tr>\n<th>Especificaciones<\/th>\n<th>Detalles<\/th>\n<\/tr>\n<\/thead>\n<tbody>\n<tr>\n<td>N\u00famero de modelo<\/td>\n<td>SC40-7,8 mm<\/td>\n<\/tr>\n<tr>\n<td>Nombre del producto<\/td>\n<td>Tapa del ca\u00f1o<\/td>\n<\/tr>\n<tr>\n<td>Caracter\u00edsticas<\/td>\n<td>Reutilizable, ligero, respetuoso con el medio ambiente, duradero, apto para uso alimentario, a prueba de fugas, f\u00e1cil de abrir<\/td>\n<\/tr>\n<tr>\n<td>Di\u00e1metro del cuello de la botella<\/td>\n<td>7.8mm<\/td>\n<\/tr>\n<tr>\n<td>Muestra<\/td>\n<td>Muestra gratuita<\/td>\n<\/tr>\n<tr>\n<td>MOQ<\/td>\n<td>50.000 unidades<\/td>\n<\/tr>\n<tr>\n<td>Utilizaci\u00f3n<\/td>\n<td>Envases de zumos, bebidas, champ\u00fa, l\u00edquidos para la colada, etc.<\/td>\n<\/tr>\n<tr>\n<td>Plazos de entrega<\/td>\n<td>7-15 d\u00edas<\/td>\n<\/tr>\n<tr>\n<td>OEM \/ ODM<\/td>\n<td>Aceptar (color, tama\u00f1o, etc.)<\/td>\n<\/tr>\n<\/tbody>\n<\/table>\n<p><script src=\"chrome-extension:\/\/fpelahbljekknahkcaegamhcndkfpfnc\/iFrame.js\" type=\"text\/javascript\"><\/script><\/p>","protected":false},"featured_media":801,"comment_status":"closed","ping_status":"closed","template":"","meta":{"_acf_changed":false},"product_brand":[],"product_cat":[18],"product_tag":[],"class_list":{"0":"post-795","1":"product","2":"type-product","3":"status-publish","4":"has-post-thumbnail","6":"product_cat-spout-cap","8":"first","9":"instock","10":"shipping-taxable","11":"product-type-simple"},"acf":[],"_links":{"self":[{"href":"https:\/\/www.spoutcaps.com\/es\/wp-json\/wp\/v2\/product\/795","targetHints":{"allow":["GET"]}}],"collection":[{"href":"https:\/\/www.spoutcaps.com\/es\/wp-json\/wp\/v2\/product"}],"about":[{"href":"https:\/\/www.spoutcaps.com\/es\/wp-json\/wp\/v2\/types\/product"}],"replies":[{"embeddable":true,"href":"https:\/\/www.spoutcaps.com\/es\/wp-json\/wp\/v2\/comments?post=795"}],"wp:featuredmedia":[{"embeddable":true,"href":"https:\/\/www.spoutcaps.com\/es\/wp-json\/wp\/v2\/media\/801"}],"wp:attachment":[{"href":"https:\/\/www.spoutcaps.com\/es\/wp-json\/wp\/v2\/media?parent=795"}],"wp:term":[{"taxonomy":"product_brand","embeddable":true,"href":"https:\/\/www.spoutcaps.com\/es\/wp-json\/wp\/v2\/product_brand?post=795"},{"taxonomy":"product_cat","embeddable":true,"href":"https:\/\/www.spoutcaps.com\/es\/wp-json\/wp\/v2\/product_cat?post=795"},{"taxonomy":"product_tag","embeddable":true,"href":"https:\/\/www.spoutcaps.com\/es\/wp-json\/wp\/v2\/product_tag?post=795"}],"curies":[{"name":"wp","href":"https:\/\/api.w.org\/{rel}","templated":true}]}}