{"id":790,"date":"2026-03-21T08:51:31","date_gmt":"2026-03-21T08:51:31","guid":{"rendered":"https:\/\/www.spoutcaps.com\/?post_type=product&#038;p=790"},"modified":"2026-03-29T07:47:37","modified_gmt":"2026-03-29T07:47:37","slug":"wholesale-coffee-bag-valve-one-way-valve","status":"publish","type":"product","link":"https:\/\/www.spoutcaps.com\/es\/producto\/wholesale-coffee-bag-valve-one-way-valve\/","title":{"rendered":"V\u00e1lvula de desgasificaci\u00f3n unidireccional para bolsas de caf\u00e9 al por mayor"},"content":{"rendered":"<div class=\"wp-block-columns is-layout-flex wp-container-core-columns-is-layout-9d6595d7 wp-block-columns-is-layout-flex\">\n<div class=\"wp-block-column is-layout-flow wp-block-column-is-layout-flow\">\n<figure class=\"wp-block-image size-full\"><img decoding=\"async\" width=\"800\" height=\"800\" src=\"https:\/\/www.spoutcaps.com\/wp-content\/uploads\/2026\/03\/wholesale-degassing-valve-for-coffee-packaging-.webp\" alt=\"\" class=\"wp-image-793\" srcset=\"https:\/\/www.spoutcaps.com\/wp-content\/uploads\/2026\/03\/wholesale-degassing-valve-for-coffee-packaging-.webp 800w, https:\/\/www.spoutcaps.com\/wp-content\/uploads\/2026\/03\/wholesale-degassing-valve-for-coffee-packaging--300x300.webp 300w, https:\/\/www.spoutcaps.com\/wp-content\/uploads\/2026\/03\/wholesale-degassing-valve-for-coffee-packaging--150x150.webp 150w, https:\/\/www.spoutcaps.com\/wp-content\/uploads\/2026\/03\/wholesale-degassing-valve-for-coffee-packaging--768x768.webp 768w, https:\/\/www.spoutcaps.com\/wp-content\/uploads\/2026\/03\/wholesale-degassing-valve-for-coffee-packaging--12x12.webp 12w, https:\/\/www.spoutcaps.com\/wp-content\/uploads\/2026\/03\/wholesale-degassing-valve-for-coffee-packaging--600x600.webp 600w, https:\/\/www.spoutcaps.com\/wp-content\/uploads\/2026\/03\/wholesale-degassing-valve-for-coffee-packaging--100x100.webp 100w\" sizes=\"(max-width: 800px) 100vw, 800px\" \/><\/figure>\n<\/div>\n\n\n\n<div class=\"wp-block-column is-layout-flow wp-block-column-is-layout-flow\">\n<figure class=\"wp-block-image size-full\"><img decoding=\"async\" width=\"800\" height=\"800\" src=\"https:\/\/www.spoutcaps.com\/wp-content\/uploads\/2026\/03\/wholesale-valve-for-coffee-bags.webp\" alt=\"\" class=\"wp-image-794\" srcset=\"https:\/\/www.spoutcaps.com\/wp-content\/uploads\/2026\/03\/wholesale-valve-for-coffee-bags.webp 800w, https:\/\/www.spoutcaps.com\/wp-content\/uploads\/2026\/03\/wholesale-valve-for-coffee-bags-300x300.webp 300w, https:\/\/www.spoutcaps.com\/wp-content\/uploads\/2026\/03\/wholesale-valve-for-coffee-bags-150x150.webp 150w, https:\/\/www.spoutcaps.com\/wp-content\/uploads\/2026\/03\/wholesale-valve-for-coffee-bags-768x768.webp 768w, https:\/\/www.spoutcaps.com\/wp-content\/uploads\/2026\/03\/wholesale-valve-for-coffee-bags-12x12.webp 12w, https:\/\/www.spoutcaps.com\/wp-content\/uploads\/2026\/03\/wholesale-valve-for-coffee-bags-600x600.webp 600w, https:\/\/www.spoutcaps.com\/wp-content\/uploads\/2026\/03\/wholesale-valve-for-coffee-bags-100x100.webp 100w\" sizes=\"(max-width: 800px) 100vw, 800px\" \/><\/figure>\n<\/div>\n<\/div>\n\n\n\n<figure class=\"wp-block-image size-full\"><img decoding=\"async\" width=\"800\" height=\"554\" src=\"https:\/\/www.spoutcaps.com\/wp-content\/uploads\/2026\/02\/coffee-valve-application.webp\" alt=\"aplicaci\u00f3n de la v\u00e1lvula de caf\u00e9\" class=\"wp-image-247\" srcset=\"https:\/\/www.spoutcaps.com\/wp-content\/uploads\/2026\/02\/coffee-valve-application.webp 800w, https:\/\/www.spoutcaps.com\/wp-content\/uploads\/2026\/02\/coffee-valve-application-300x208.webp 300w, https:\/\/www.spoutcaps.com\/wp-content\/uploads\/2026\/02\/coffee-valve-application-768x532.webp 768w, https:\/\/www.spoutcaps.com\/wp-content\/uploads\/2026\/02\/coffee-valve-application-600x416.webp 600w\" sizes=\"(max-width: 800px) 100vw, 800px\" \/><\/figure>\n\n\n\n<div class=\"wp-block-columns is-layout-flex wp-container-core-columns-is-layout-9d6595d7 wp-block-columns-is-layout-flex\">\n<div class=\"wp-block-column is-layout-flow wp-block-column-is-layout-flow\"><\/div>\n\n\n\n<div class=\"wp-block-column is-layout-flow wp-block-column-is-layout-flow\"><\/div>\n<\/div>","protected":false},"excerpt":{"rendered":"<p>V\u00e1lvula de bolsa de caf\u00e9 al por mayor para el envasado industrial de caf\u00e9, t\u00e9 y productos alimentarios variados. Utilizando una estructura de PE y silicona moldeada con precisi\u00f3n, este mecanismo de desgasificaci\u00f3n unidireccional ventila eficazmente el CO2 acumulado dentro del entorno sellado, al tiempo que crea una s\u00f3lida barrera contra el aire ambiente, preservando as\u00ed la integridad arom\u00e1tica y el perfil de sabor del contenido. Soporte de suministro de v\u00e1lvulas para bolsas de caf\u00e9 a granel. P\u00f3ngase en contacto con nosotros<\/p>\n<h2>Especificaciones de la v\u00e1lvula para sacos de caf\u00e9<\/h2>\n<table>\n<thead>\n<tr>\n<th>Especificaciones<\/th>\n<th>Detalles<\/th>\n<\/tr>\n<\/thead>\n<tbody>\n<tr>\n<td>N\u00famero de modelo<\/td>\n<td>DV03<\/td>\n<\/tr>\n<tr>\n<td>Nombre del producto<\/td>\n<td>V\u00e1lvula para sacos de caf\u00e9<\/td>\n<\/tr>\n<tr>\n<td>Material<\/td>\n<td>PE+ gel de s\u00edlice<\/td>\n<\/tr>\n<tr>\n<td>Aplicaci\u00f3n<\/td>\n<td>Envasado flexible para alimentos, t\u00e9, caf\u00e9 y confiter\u00eda<\/td>\n<\/tr>\n<tr>\n<td>Espesor<\/td>\n<td>3,5 mm<\/td>\n<\/tr>\n<tr>\n<td>Muestra<\/td>\n<td>Muestra gratuita<\/td>\n<\/tr>\n<tr>\n<td>MOQ<\/td>\n<td>10000 unidades<\/td>\n<\/tr>\n<tr>\n<td>Caracter\u00edstica\u00a0<\/td>\n<td>A prueba de humedad<\/td>\n<\/tr>\n<tr>\n<td>OEM \/ ODM<\/td>\n<td>Acepte\u00a0<\/td>\n<\/tr>\n<\/tbody>\n<\/table>\n<p>&nbsp;<\/p>\n<p>\n<script src=\"chrome-extension:\/\/fpelahbljekknahkcaegamhcndkfpfnc\/iFrame.js\" type=\"text\/javascript\"><\/script><\/p>","protected":false},"featured_media":791,"comment_status":"closed","ping_status":"closed","template":"","meta":{"_acf_changed":true},"product_brand":[],"product_cat":[19],"product_tag":[],"class_list":{"0":"post-790","1":"product","2":"type-product","3":"status-publish","4":"has-post-thumbnail","6":"product_cat-coffee-valve","8":"first","9":"instock","10":"shipping-taxable","11":"product-type-simple"},"acf":[],"_links":{"self":[{"href":"https:\/\/www.spoutcaps.com\/es\/wp-json\/wp\/v2\/product\/790","targetHints":{"allow":["GET"]}}],"collection":[{"href":"https:\/\/www.spoutcaps.com\/es\/wp-json\/wp\/v2\/product"}],"about":[{"href":"https:\/\/www.spoutcaps.com\/es\/wp-json\/wp\/v2\/types\/product"}],"replies":[{"embeddable":true,"href":"https:\/\/www.spoutcaps.com\/es\/wp-json\/wp\/v2\/comments?post=790"}],"wp:featuredmedia":[{"embeddable":true,"href":"https:\/\/www.spoutcaps.com\/es\/wp-json\/wp\/v2\/media\/791"}],"wp:attachment":[{"href":"https:\/\/www.spoutcaps.com\/es\/wp-json\/wp\/v2\/media?parent=790"}],"wp:term":[{"taxonomy":"product_brand","embeddable":true,"href":"https:\/\/www.spoutcaps.com\/es\/wp-json\/wp\/v2\/product_brand?post=790"},{"taxonomy":"product_cat","embeddable":true,"href":"https:\/\/www.spoutcaps.com\/es\/wp-json\/wp\/v2\/product_cat?post=790"},{"taxonomy":"product_tag","embeddable":true,"href":"https:\/\/www.spoutcaps.com\/es\/wp-json\/wp\/v2\/product_tag?post=790"}],"curies":[{"name":"wp","href":"https:\/\/api.w.org\/{rel}","templated":true}]}}