{"id":497,"date":"2026-02-10T15:41:48","date_gmt":"2026-02-10T15:41:48","guid":{"rendered":"https:\/\/www.spoutcaps.com\/?post_type=product&#038;p=497"},"modified":"2026-02-10T15:48:59","modified_gmt":"2026-02-10T15:48:59","slug":"factory-supply-spout-caps-with-lip-brush","status":"publish","type":"product","link":"https:\/\/www.spoutcaps.com\/es\/producto\/factory-supply-spout-caps-with-lip-brush\/","title":{"rendered":"Suministro de f\u00e1brica Tapones con cepillo para labios"},"content":{"rendered":"<div class=\"wp-block-columns is-layout-flex wp-container-core-columns-is-layout-9d6595d7 wp-block-columns-is-layout-flex\">\n<div class=\"wp-block-column is-layout-flow wp-block-column-is-layout-flow\">\n<figure class=\"wp-block-image size-full\"><img decoding=\"async\" width=\"800\" height=\"800\" src=\"https:\/\/www.spoutcaps.com\/wp-content\/uploads\/2026\/02\/spout-caps-with-lip-brush-3.webp\" alt=\"tapones de ca\u00f1o con cepillo de labios (3)\" class=\"wp-image-500\" srcset=\"https:\/\/www.spoutcaps.com\/wp-content\/uploads\/2026\/02\/spout-caps-with-lip-brush-3.webp 800w, https:\/\/www.spoutcaps.com\/wp-content\/uploads\/2026\/02\/spout-caps-with-lip-brush-3-300x300.webp 300w, https:\/\/www.spoutcaps.com\/wp-content\/uploads\/2026\/02\/spout-caps-with-lip-brush-3-150x150.webp 150w, https:\/\/www.spoutcaps.com\/wp-content\/uploads\/2026\/02\/spout-caps-with-lip-brush-3-768x768.webp 768w, https:\/\/www.spoutcaps.com\/wp-content\/uploads\/2026\/02\/spout-caps-with-lip-brush-3-600x600.webp 600w, https:\/\/www.spoutcaps.com\/wp-content\/uploads\/2026\/02\/spout-caps-with-lip-brush-3-100x100.webp 100w\" sizes=\"(max-width: 800px) 100vw, 800px\" \/><\/figure>\n<\/div>\n\n\n\n<div class=\"wp-block-column is-layout-flow wp-block-column-is-layout-flow\">\n<figure class=\"wp-block-image size-full\"><img decoding=\"async\" width=\"800\" height=\"800\" src=\"https:\/\/www.spoutcaps.com\/wp-content\/uploads\/2026\/02\/spout-caps-with-lip-brush-4.webp\" alt=\"tapones de ca\u00f1o con cepillo de labios (4)\" class=\"wp-image-501\" srcset=\"https:\/\/www.spoutcaps.com\/wp-content\/uploads\/2026\/02\/spout-caps-with-lip-brush-4.webp 800w, https:\/\/www.spoutcaps.com\/wp-content\/uploads\/2026\/02\/spout-caps-with-lip-brush-4-300x300.webp 300w, https:\/\/www.spoutcaps.com\/wp-content\/uploads\/2026\/02\/spout-caps-with-lip-brush-4-150x150.webp 150w, https:\/\/www.spoutcaps.com\/wp-content\/uploads\/2026\/02\/spout-caps-with-lip-brush-4-768x768.webp 768w, https:\/\/www.spoutcaps.com\/wp-content\/uploads\/2026\/02\/spout-caps-with-lip-brush-4-600x600.webp 600w, https:\/\/www.spoutcaps.com\/wp-content\/uploads\/2026\/02\/spout-caps-with-lip-brush-4-100x100.webp 100w\" sizes=\"(max-width: 800px) 100vw, 800px\" \/><\/figure>\n<\/div>\n<\/div>","protected":false},"excerpt":{"rendered":"<p data-pm-slice=\"0 0 []\">F\u00e1brica de suministro de tapas de pico con cepillo de labios incorporado, adecuado para diversos cosm\u00e9ticos y productos l\u00edquidos. Fabricados con materiales duraderos de calidad alimentaria, personalizables en color y tama\u00f1o. P\u00f3ngase en contacto con nosotros para obtener un presupuesto.<\/p>\n<h2>Especificaciones del tap\u00f3n con cepillo para labios<\/h2>\n<table>\n<thead>\n<tr>\n<th>Especificaciones<\/th>\n<th>Detalles<\/th>\n<\/tr>\n<\/thead>\n<tbody>\n<tr>\n<td>N\u00famero de modelo<\/td>\n<td>CP03<\/td>\n<\/tr>\n<tr>\n<td>Nombre del producto<\/td>\n<td>Tapones con Cepillo Labial<\/td>\n<\/tr>\n<tr>\n<td>Material<\/td>\n<td>Pl\u00e1stico<\/td>\n<\/tr>\n<tr>\n<td>Aplicaci\u00f3n<\/td>\n<td>Industria cosm\u00e9tica<\/td>\n<\/tr>\n<tr>\n<td>Tama\u00f1o de la interfaz<\/td>\n<td>7 mm<\/td>\n<\/tr>\n<tr>\n<td>Muestra<\/td>\n<td>Muestra gratuita<\/td>\n<\/tr>\n<tr>\n<td>MOQ<\/td>\n<td>50000 unidades<\/td>\n<\/tr>\n<tr>\n<td>Caracter\u00edstica\u00a0<\/td>\n<td>A prueba de humedad<\/td>\n<\/tr>\n<tr>\n<td>OEM \/ ODM<\/td>\n<td>Aceptar (logotipo, color, tama\u00f1o, etc.)<\/td>\n<\/tr>\n<tr>\n<td>Tiempo de liderazgo<\/td>\n<td>10-15 d\u00edas<\/td>\n<\/tr>\n<\/tbody>\n<\/table>\n<p>&nbsp;<\/p>\n<p>\n<script src=\"chrome-extension:\/\/fpelahbljekknahkcaegamhcndkfpfnc\/iFrame.js\" type=\"text\/javascript\"><\/script><\/p>","protected":false},"featured_media":498,"comment_status":"closed","ping_status":"closed","template":"","meta":{"_acf_changed":true},"product_brand":[],"product_cat":[21,24],"product_tag":[],"class_list":{"0":"post-497","1":"product","2":"type-product","3":"status-publish","4":"has-post-thumbnail","6":"product_cat-cosmetic-flexible-packaging-accessories","7":"product_cat-spout-cap-with-lip-gloss-brush","9":"first","10":"instock","11":"shipping-taxable","12":"product-type-simple"},"acf":[],"_links":{"self":[{"href":"https:\/\/www.spoutcaps.com\/es\/wp-json\/wp\/v2\/product\/497","targetHints":{"allow":["GET"]}}],"collection":[{"href":"https:\/\/www.spoutcaps.com\/es\/wp-json\/wp\/v2\/product"}],"about":[{"href":"https:\/\/www.spoutcaps.com\/es\/wp-json\/wp\/v2\/types\/product"}],"replies":[{"embeddable":true,"href":"https:\/\/www.spoutcaps.com\/es\/wp-json\/wp\/v2\/comments?post=497"}],"wp:featuredmedia":[{"embeddable":true,"href":"https:\/\/www.spoutcaps.com\/es\/wp-json\/wp\/v2\/media\/498"}],"wp:attachment":[{"href":"https:\/\/www.spoutcaps.com\/es\/wp-json\/wp\/v2\/media?parent=497"}],"wp:term":[{"taxonomy":"product_brand","embeddable":true,"href":"https:\/\/www.spoutcaps.com\/es\/wp-json\/wp\/v2\/product_brand?post=497"},{"taxonomy":"product_cat","embeddable":true,"href":"https:\/\/www.spoutcaps.com\/es\/wp-json\/wp\/v2\/product_cat?post=497"},{"taxonomy":"product_tag","embeddable":true,"href":"https:\/\/www.spoutcaps.com\/es\/wp-json\/wp\/v2\/product_tag?post=497"}],"curies":[{"name":"wp","href":"https:\/\/api.w.org\/{rel}","templated":true}]}}