{"id":456,"date":"2026-02-10T14:24:40","date_gmt":"2026-02-10T14:24:40","guid":{"rendered":"https:\/\/www.spoutcaps.com\/?post_type=product&#038;p=456"},"modified":"2026-02-12T05:07:36","modified_gmt":"2026-02-12T05:07:36","slug":"flexible-packaging-bag-handles-supply","status":"publish","type":"product","link":"https:\/\/www.spoutcaps.com\/es\/producto\/flexible-packaging-bag-handles-supply\/","title":{"rendered":"Asa flexible para bolsas de embalaje, Suministro de asa para bolsas de arroz"},"content":{"rendered":"<div class=\"wp-block-columns is-layout-flex wp-container-core-columns-is-layout-9d6595d7 wp-block-columns-is-layout-flex\">\n<div class=\"wp-block-column is-layout-flow wp-block-column-is-layout-flow\">\n<figure class=\"wp-block-image size-full\"><img decoding=\"async\" width=\"800\" height=\"800\" src=\"https:\/\/www.spoutcaps.com\/wp-content\/uploads\/2026\/02\/flexible-packaging-bag-handle-4.webp\" alt=\"asa de bolsa de embalaje flexible (4)\" class=\"wp-image-470\" srcset=\"https:\/\/www.spoutcaps.com\/wp-content\/uploads\/2026\/02\/flexible-packaging-bag-handle-4.webp 800w, https:\/\/www.spoutcaps.com\/wp-content\/uploads\/2026\/02\/flexible-packaging-bag-handle-4-300x300.webp 300w, https:\/\/www.spoutcaps.com\/wp-content\/uploads\/2026\/02\/flexible-packaging-bag-handle-4-150x150.webp 150w, https:\/\/www.spoutcaps.com\/wp-content\/uploads\/2026\/02\/flexible-packaging-bag-handle-4-768x768.webp 768w, https:\/\/www.spoutcaps.com\/wp-content\/uploads\/2026\/02\/flexible-packaging-bag-handle-4-600x600.webp 600w, https:\/\/www.spoutcaps.com\/wp-content\/uploads\/2026\/02\/flexible-packaging-bag-handle-4-100x100.webp 100w\" sizes=\"(max-width: 800px) 100vw, 800px\" \/><\/figure>\n<\/div>\n\n\n\n<div class=\"wp-block-column is-layout-flow wp-block-column-is-layout-flow\">\n<figure class=\"wp-block-image size-full\"><img decoding=\"async\" width=\"800\" height=\"800\" src=\"https:\/\/www.spoutcaps.com\/wp-content\/uploads\/2026\/02\/flexible-packaging-bag-handle-5.webp\" alt=\"asa de bolsa de embalaje flexible (5)\" class=\"wp-image-471\" srcset=\"https:\/\/www.spoutcaps.com\/wp-content\/uploads\/2026\/02\/flexible-packaging-bag-handle-5.webp 800w, https:\/\/www.spoutcaps.com\/wp-content\/uploads\/2026\/02\/flexible-packaging-bag-handle-5-300x300.webp 300w, https:\/\/www.spoutcaps.com\/wp-content\/uploads\/2026\/02\/flexible-packaging-bag-handle-5-150x150.webp 150w, https:\/\/www.spoutcaps.com\/wp-content\/uploads\/2026\/02\/flexible-packaging-bag-handle-5-768x768.webp 768w, https:\/\/www.spoutcaps.com\/wp-content\/uploads\/2026\/02\/flexible-packaging-bag-handle-5-600x600.webp 600w, https:\/\/www.spoutcaps.com\/wp-content\/uploads\/2026\/02\/flexible-packaging-bag-handle-5-100x100.webp 100w\" sizes=\"(max-width: 800px) 100vw, 800px\" \/><\/figure>\n<\/div>\n<\/div>\n\n\n\n<figure class=\"wp-block-image size-full\"><img decoding=\"async\" width=\"800\" height=\"536\" src=\"https:\/\/www.spoutcaps.com\/wp-content\/uploads\/2026\/02\/application.webp\" alt=\"aplicaci\u00f3n\" class=\"wp-image-472\" srcset=\"https:\/\/www.spoutcaps.com\/wp-content\/uploads\/2026\/02\/application.webp 800w, https:\/\/www.spoutcaps.com\/wp-content\/uploads\/2026\/02\/application-300x201.webp 300w, https:\/\/www.spoutcaps.com\/wp-content\/uploads\/2026\/02\/application-768x515.webp 768w, https:\/\/www.spoutcaps.com\/wp-content\/uploads\/2026\/02\/application-600x402.webp 600w\" sizes=\"(max-width: 800px) 100vw, 800px\" \/><\/figure>","protected":false},"excerpt":{"rendered":"<p data-pm-slice=\"0 0 []\">Asas para bolsas de envasado flexibles y duraderas dise\u00f1adas para arroz, cereales, alimentos para mascotas y productos a granel. Gran capacidad de carga, agarre c\u00f3modo y compatibilidad de sellado seguro. Ideales para l\u00edneas de producci\u00f3n automatizadas, con tama\u00f1os, colores y materiales personalizados disponibles para suministro al por mayor.<\/p>\n<h2>Especificaciones del asa de la bolsa de embalaje flexible<\/h2>\n<table>\n<thead>\n<tr>\n<th>Especificaciones<\/th>\n<th>Detalles<\/th>\n<\/tr>\n<\/thead>\n<tbody>\n<tr>\n<td>N\u00famero de modelo<\/td>\n<td>PH05<\/td>\n<\/tr>\n<tr>\n<td>Nombre del producto<\/td>\n<td>Asa para saco de arroz\/Asa para bolsa flexible de embalaje<\/td>\n<\/tr>\n<tr>\n<td>Material<\/td>\n<td>Pl\u00e1stico<\/td>\n<\/tr>\n<tr>\n<td>Aplicaci\u00f3n<\/td>\n<td>Asas flexibles para envases, Asas para sacos de arroz<\/td>\n<\/tr>\n<tr>\n<td>Color\u00a0<\/td>\n<td>Color personalizado<\/td>\n<\/tr>\n<tr>\n<td>Muestra<\/td>\n<td>Muestra gratuita<\/td>\n<\/tr>\n<tr>\n<td>MOQ<\/td>\n<td>50000 unidades<\/td>\n<\/tr>\n<tr>\n<td>Caracter\u00edstica\u00a0<\/td>\n<td>Duradera, port\u00e1til, respetuosa con el medio ambiente y reciclable<\/td>\n<\/tr>\n<tr>\n<td>OEM \/ ODM<\/td>\n<td>Acepte\u00a0<\/td>\n<\/tr>\n<\/tbody>\n<\/table>\n<p>&nbsp;<\/p>\n<p><script src=\"chrome-extension:\/\/fpelahbljekknahkcaegamhcndkfpfnc\/iFrame.js\" type=\"text\/javascript\"><\/script><\/p>\n<p>\n<script src=\"chrome-extension:\/\/fpelahbljekknahkcaegamhcndkfpfnc\/iFrame.js\" type=\"text\/javascript\"><\/script><\/p>","protected":false},"featured_media":467,"comment_status":"closed","ping_status":"closed","template":"","meta":{"_acf_changed":true},"product_brand":[],"product_cat":[20],"product_tag":[],"class_list":{"0":"post-456","1":"product","2":"type-product","3":"status-publish","4":"has-post-thumbnail","6":"product_cat-plastic-handle-for-rice-bag","8":"first","9":"instock","10":"shipping-taxable","11":"product-type-simple"},"acf":[],"_links":{"self":[{"href":"https:\/\/www.spoutcaps.com\/es\/wp-json\/wp\/v2\/product\/456","targetHints":{"allow":["GET"]}}],"collection":[{"href":"https:\/\/www.spoutcaps.com\/es\/wp-json\/wp\/v2\/product"}],"about":[{"href":"https:\/\/www.spoutcaps.com\/es\/wp-json\/wp\/v2\/types\/product"}],"replies":[{"embeddable":true,"href":"https:\/\/www.spoutcaps.com\/es\/wp-json\/wp\/v2\/comments?post=456"}],"wp:featuredmedia":[{"embeddable":true,"href":"https:\/\/www.spoutcaps.com\/es\/wp-json\/wp\/v2\/media\/467"}],"wp:attachment":[{"href":"https:\/\/www.spoutcaps.com\/es\/wp-json\/wp\/v2\/media?parent=456"}],"wp:term":[{"taxonomy":"product_brand","embeddable":true,"href":"https:\/\/www.spoutcaps.com\/es\/wp-json\/wp\/v2\/product_brand?post=456"},{"taxonomy":"product_cat","embeddable":true,"href":"https:\/\/www.spoutcaps.com\/es\/wp-json\/wp\/v2\/product_cat?post=456"},{"taxonomy":"product_tag","embeddable":true,"href":"https:\/\/www.spoutcaps.com\/es\/wp-json\/wp\/v2\/product_tag?post=456"}],"curies":[{"name":"wp","href":"https:\/\/api.w.org\/{rel}","templated":true}]}}