{"id":355,"date":"2026-02-10T10:44:34","date_gmt":"2026-02-10T10:44:34","guid":{"rendered":"https:\/\/www.spoutcaps.com\/?post_type=product&#038;p=355"},"modified":"2026-02-10T10:57:01","modified_gmt":"2026-02-10T10:57:01","slug":"factory-wholesale-coffee-degassing-valves","status":"publish","type":"product","link":"https:\/\/www.spoutcaps.com\/es\/producto\/factory-wholesale-coffee-degassing-valves\/","title":{"rendered":"V\u00e1lvulas desgasificadoras de caf\u00e9 al por mayor de f\u00e1brica, V\u00e1lvulas unidireccionales de pl\u00e1stico para bolsas de caf\u00e9"},"content":{"rendered":"<div class=\"wp-block-columns is-layout-flex wp-container-core-columns-is-layout-9d6595d7 wp-block-columns-is-layout-flex\">\n<div class=\"wp-block-column is-layout-flow wp-block-column-is-layout-flow\">\n<figure class=\"wp-block-image size-full\"><img decoding=\"async\" width=\"800\" height=\"800\" src=\"https:\/\/www.spoutcaps.com\/wp-content\/uploads\/2026\/02\/factory-wholesale-coffee-degassing-valves-5-1.webp\" alt=\"f\u00e1brica al por mayor de v\u00e1lvulas de desgasificaci\u00f3n de caf\u00e9 (5)\" class=\"wp-image-382\" srcset=\"https:\/\/www.spoutcaps.com\/wp-content\/uploads\/2026\/02\/factory-wholesale-coffee-degassing-valves-5-1.webp 800w, https:\/\/www.spoutcaps.com\/wp-content\/uploads\/2026\/02\/factory-wholesale-coffee-degassing-valves-5-1-300x300.webp 300w, https:\/\/www.spoutcaps.com\/wp-content\/uploads\/2026\/02\/factory-wholesale-coffee-degassing-valves-5-1-150x150.webp 150w, https:\/\/www.spoutcaps.com\/wp-content\/uploads\/2026\/02\/factory-wholesale-coffee-degassing-valves-5-1-768x768.webp 768w, https:\/\/www.spoutcaps.com\/wp-content\/uploads\/2026\/02\/factory-wholesale-coffee-degassing-valves-5-1-600x600.webp 600w, https:\/\/www.spoutcaps.com\/wp-content\/uploads\/2026\/02\/factory-wholesale-coffee-degassing-valves-5-1-100x100.webp 100w\" sizes=\"(max-width: 800px) 100vw, 800px\" \/><\/figure>\n<\/div>\n\n\n\n<div class=\"wp-block-column is-layout-flow wp-block-column-is-layout-flow\">\n<figure class=\"wp-block-image size-full\"><img decoding=\"async\" width=\"800\" height=\"800\" src=\"https:\/\/www.spoutcaps.com\/wp-content\/uploads\/2026\/02\/factory-wholesale-coffee-degassing-valves-6-1.webp\" alt=\"fabrica al por mayor valvulas desgasificadoras de cafe (6)\" class=\"wp-image-383\" srcset=\"https:\/\/www.spoutcaps.com\/wp-content\/uploads\/2026\/02\/factory-wholesale-coffee-degassing-valves-6-1.webp 800w, https:\/\/www.spoutcaps.com\/wp-content\/uploads\/2026\/02\/factory-wholesale-coffee-degassing-valves-6-1-300x300.webp 300w, https:\/\/www.spoutcaps.com\/wp-content\/uploads\/2026\/02\/factory-wholesale-coffee-degassing-valves-6-1-150x150.webp 150w, https:\/\/www.spoutcaps.com\/wp-content\/uploads\/2026\/02\/factory-wholesale-coffee-degassing-valves-6-1-768x768.webp 768w, https:\/\/www.spoutcaps.com\/wp-content\/uploads\/2026\/02\/factory-wholesale-coffee-degassing-valves-6-1-600x600.webp 600w, https:\/\/www.spoutcaps.com\/wp-content\/uploads\/2026\/02\/factory-wholesale-coffee-degassing-valves-6-1-100x100.webp 100w\" sizes=\"(max-width: 800px) 100vw, 800px\" \/><\/figure>\n<\/div>\n<\/div>\n\n\n\n<div class=\"wp-block-columns is-layout-flex wp-container-core-columns-is-layout-9d6595d7 wp-block-columns-is-layout-flex\">\n<div class=\"wp-block-column is-layout-flow wp-block-column-is-layout-flow\"><\/div>\n\n\n\n<div class=\"wp-block-column is-layout-flow wp-block-column-is-layout-flow\"><\/div>\n<\/div>","protected":false},"excerpt":{"rendered":"<p>Suministramos <strong data-start=\"10\" data-end=\"37\">v\u00e1lvulas de caf\u00e9 al por mayor<\/strong> con opciones flexibles de envasado personalizado, que incluyen el env\u00edo en film, cart\u00f3n y pal\u00e9 para adaptarse a las distintas necesidades log\u00edsticas. Las muestras gratuitas se env\u00edan en 48 horas, lo que le ayuda a probar r\u00e1pidamente la compatibilidad, el sellado y el rendimiento de desgasificaci\u00f3n para un desarrollo m\u00e1s r\u00e1pido del producto.<\/p>\n<h2>Especificaciones de la v\u00e1lvula de caf\u00e9<\/h2>\n<table>\n<thead>\n<tr>\n<th>Especificaciones<\/th>\n<th>Detalles<\/th>\n<\/tr>\n<\/thead>\n<tbody>\n<tr>\n<td>N\u00famero de modelo<\/td>\n<td>DV05<\/td>\n<\/tr>\n<tr>\n<td>Nombre del producto<\/td>\n<td>V\u00e1lvula de caf\u00e9<\/td>\n<\/tr>\n<tr>\n<td>Material<\/td>\n<td>PE+ gel de s\u00edlice<\/td>\n<\/tr>\n<tr>\n<td>Aplicaci\u00f3n<\/td>\n<td>Envases flexibles para alimentos, t\u00e9 y confiter\u00eda<\/td>\n<\/tr>\n<tr>\n<td>Espesor<\/td>\n<td>3,6 mm<\/td>\n<\/tr>\n<tr>\n<td>Muestra<\/td>\n<td>Muestra gratuita<\/td>\n<\/tr>\n<tr>\n<td>MOQ<\/td>\n<td>10000 unidades<\/td>\n<\/tr>\n<tr>\n<td>Caracter\u00edstica\u00a0<\/td>\n<td>A prueba de humedad<\/td>\n<\/tr>\n<tr>\n<td>OEM \/ ODM<\/td>\n<td>Acepte\u00a0<\/td>\n<\/tr>\n<\/tbody>\n<\/table>\n<p>&nbsp;<\/p>\n<p><script src=\"chrome-extension:\/\/fpelahbljekknahkcaegamhcndkfpfnc\/iFrame.js\" type=\"text\/javascript\"><\/script><\/p>\n<p>\n<script src=\"chrome-extension:\/\/fpelahbljekknahkcaegamhcndkfpfnc\/iFrame.js\" type=\"text\/javascript\"><\/script><\/p>","protected":false},"featured_media":368,"comment_status":"closed","ping_status":"closed","template":"","meta":{"_acf_changed":false},"product_brand":[],"product_cat":[19],"product_tag":[],"class_list":{"0":"post-355","1":"product","2":"type-product","3":"status-publish","4":"has-post-thumbnail","6":"product_cat-coffee-valve","8":"first","9":"instock","10":"shipping-taxable","11":"product-type-simple"},"acf":[],"_links":{"self":[{"href":"https:\/\/www.spoutcaps.com\/es\/wp-json\/wp\/v2\/product\/355","targetHints":{"allow":["GET"]}}],"collection":[{"href":"https:\/\/www.spoutcaps.com\/es\/wp-json\/wp\/v2\/product"}],"about":[{"href":"https:\/\/www.spoutcaps.com\/es\/wp-json\/wp\/v2\/types\/product"}],"replies":[{"embeddable":true,"href":"https:\/\/www.spoutcaps.com\/es\/wp-json\/wp\/v2\/comments?post=355"}],"wp:featuredmedia":[{"embeddable":true,"href":"https:\/\/www.spoutcaps.com\/es\/wp-json\/wp\/v2\/media\/368"}],"wp:attachment":[{"href":"https:\/\/www.spoutcaps.com\/es\/wp-json\/wp\/v2\/media?parent=355"}],"wp:term":[{"taxonomy":"product_brand","embeddable":true,"href":"https:\/\/www.spoutcaps.com\/es\/wp-json\/wp\/v2\/product_brand?post=355"},{"taxonomy":"product_cat","embeddable":true,"href":"https:\/\/www.spoutcaps.com\/es\/wp-json\/wp\/v2\/product_cat?post=355"},{"taxonomy":"product_tag","embeddable":true,"href":"https:\/\/www.spoutcaps.com\/es\/wp-json\/wp\/v2\/product_tag?post=355"}],"curies":[{"name":"wp","href":"https:\/\/api.w.org\/{rel}","templated":true}]}}