{"id":275,"date":"2026-02-11T00:52:35","date_gmt":"2026-02-11T00:52:35","guid":{"rendered":"https:\/\/www.spoutcaps.com\/?post_type=product&#038;p=275"},"modified":"2026-02-11T00:52:36","modified_gmt":"2026-02-11T00:52:36","slug":"wholesale-coffee-degassing-valves","status":"publish","type":"product","link":"https:\/\/www.spoutcaps.com\/es\/producto\/wholesale-coffee-degassing-valves\/","title":{"rendered":"V\u00e1lvula desgasificadora de caf\u00e9 al por mayor para bolsas de envasado de caf\u00e9 y t\u00e9"},"content":{"rendered":"<div class=\"wp-block-columns is-layout-flex wp-container-core-columns-is-layout-9d6595d7 wp-block-columns-is-layout-flex\">\n<div class=\"wp-block-column is-layout-flow wp-block-column-is-layout-flow\">\n<figure class=\"wp-block-image size-full\"><img decoding=\"async\" width=\"800\" height=\"800\" src=\"https:\/\/www.spoutcaps.com\/wp-content\/uploads\/2026\/02\/wholesale-coffee-degrassing-valve-4.webp\" alt=\"venta al por mayor de caf\u00e9 v\u00e1lvula de desgasificaci\u00f3n 4\" class=\"wp-image-279\" srcset=\"https:\/\/www.spoutcaps.com\/wp-content\/uploads\/2026\/02\/wholesale-coffee-degrassing-valve-4.webp 800w, https:\/\/www.spoutcaps.com\/wp-content\/uploads\/2026\/02\/wholesale-coffee-degrassing-valve-4-300x300.webp 300w, https:\/\/www.spoutcaps.com\/wp-content\/uploads\/2026\/02\/wholesale-coffee-degrassing-valve-4-150x150.webp 150w, https:\/\/www.spoutcaps.com\/wp-content\/uploads\/2026\/02\/wholesale-coffee-degrassing-valve-4-768x768.webp 768w, https:\/\/www.spoutcaps.com\/wp-content\/uploads\/2026\/02\/wholesale-coffee-degrassing-valve-4-600x600.webp 600w, https:\/\/www.spoutcaps.com\/wp-content\/uploads\/2026\/02\/wholesale-coffee-degrassing-valve-4-100x100.webp 100w\" sizes=\"(max-width: 800px) 100vw, 800px\" \/><\/figure>\n<\/div>\n\n\n\n<div class=\"wp-block-column is-layout-flow wp-block-column-is-layout-flow\">\n<figure class=\"wp-block-image size-full\"><img decoding=\"async\" width=\"800\" height=\"800\" src=\"https:\/\/www.spoutcaps.com\/wp-content\/uploads\/2026\/02\/wholesale-coffee-degrassing-valve-3.webp\" alt=\"venta al por mayor de caf\u00e9 v\u00e1lvula de desgasificaci\u00f3n 3\" class=\"wp-image-278\" srcset=\"https:\/\/www.spoutcaps.com\/wp-content\/uploads\/2026\/02\/wholesale-coffee-degrassing-valve-3.webp 800w, https:\/\/www.spoutcaps.com\/wp-content\/uploads\/2026\/02\/wholesale-coffee-degrassing-valve-3-300x300.webp 300w, https:\/\/www.spoutcaps.com\/wp-content\/uploads\/2026\/02\/wholesale-coffee-degrassing-valve-3-150x150.webp 150w, https:\/\/www.spoutcaps.com\/wp-content\/uploads\/2026\/02\/wholesale-coffee-degrassing-valve-3-768x768.webp 768w, https:\/\/www.spoutcaps.com\/wp-content\/uploads\/2026\/02\/wholesale-coffee-degrassing-valve-3-600x600.webp 600w, https:\/\/www.spoutcaps.com\/wp-content\/uploads\/2026\/02\/wholesale-coffee-degrassing-valve-3-100x100.webp 100w\" sizes=\"(max-width: 800px) 100vw, 800px\" \/><\/figure>\n<\/div>\n<\/div>\n\n\n\n<figure class=\"wp-block-image size-full\"><img decoding=\"async\" width=\"800\" height=\"554\" src=\"https:\/\/www.spoutcaps.com\/wp-content\/uploads\/2026\/02\/coffee-valve-application.webp\" alt=\"aplicaci\u00f3n de la v\u00e1lvula de caf\u00e9\" class=\"wp-image-247\" srcset=\"https:\/\/www.spoutcaps.com\/wp-content\/uploads\/2026\/02\/coffee-valve-application.webp 800w, https:\/\/www.spoutcaps.com\/wp-content\/uploads\/2026\/02\/coffee-valve-application-300x208.webp 300w, https:\/\/www.spoutcaps.com\/wp-content\/uploads\/2026\/02\/coffee-valve-application-768x532.webp 768w, https:\/\/www.spoutcaps.com\/wp-content\/uploads\/2026\/02\/coffee-valve-application-600x416.webp 600w\" sizes=\"(max-width: 800px) 100vw, 800px\" \/><\/figure>\n\n\n\n<div class=\"wp-block-columns is-layout-flex wp-container-core-columns-is-layout-9d6595d7 wp-block-columns-is-layout-flex\">\n<div class=\"wp-block-column is-layout-flow wp-block-column-is-layout-flow\"><\/div>\n\n\n\n<div class=\"wp-block-column is-layout-flow wp-block-column-is-layout-flow\"><\/div>\n<\/div>","protected":false},"excerpt":{"rendered":"<p>V\u00e1lvula desgasificadora de caf\u00e9 unidireccional al por mayor para bolsas de caf\u00e9 en grano, bolsas de t\u00e9 y otras aplicaciones de envasado de alimentos. Fabricada en PE + silicona, esta v\u00e1lvula desgasificadora de caf\u00e9 ayuda a liberar los gases acumulados en el interior de las bolsas selladas al tiempo que impide la entrada de aire exterior, manteniendo as\u00ed la frescura y calidad de productos como caf\u00e9, t\u00e9 y aperitivos. Suministro de v\u00e1lvula unidireccional a granel.<\/p>\n<h2>Especificaciones de la v\u00e1lvula desgasificadora de caf\u00e9<\/h2>\n<table>\n<thead>\n<tr>\n<th>Especificaciones<\/th>\n<th>Detalles<\/th>\n<\/tr>\n<\/thead>\n<tbody>\n<tr>\n<td>N\u00famero de modelo<\/td>\n<td>DV02<\/td>\n<\/tr>\n<tr>\n<td>Nombre del producto<\/td>\n<td>V\u00e1lvula desgasificadora de caf\u00e9<\/td>\n<\/tr>\n<tr>\n<td>Material<\/td>\n<td>PE+ gel de s\u00edlice<\/td>\n<\/tr>\n<tr>\n<td>Aplicaci\u00f3n<\/td>\n<td>Envases flexibles para alimentos, t\u00e9 y confiter\u00eda<\/td>\n<\/tr>\n<tr>\n<td>Espesor<\/td>\n<td>3,5 mm<\/td>\n<\/tr>\n<tr>\n<td>Muestra<\/td>\n<td>Muestra gratuita<\/td>\n<\/tr>\n<tr>\n<td>MOQ<\/td>\n<td>10000 unidades<\/td>\n<\/tr>\n<tr>\n<td>Caracter\u00edstica\u00a0<\/td>\n<td>A prueba de humedad<\/td>\n<\/tr>\n<tr>\n<td>OEM \/ ODM<\/td>\n<td>Acepte\u00a0<\/td>\n<\/tr>\n<\/tbody>\n<\/table>\n<p>&nbsp;<\/p>","protected":false},"featured_media":276,"comment_status":"closed","ping_status":"closed","template":"","meta":{"_acf_changed":true},"product_brand":[],"product_cat":[19],"product_tag":[],"class_list":{"0":"post-275","1":"product","2":"type-product","3":"status-publish","4":"has-post-thumbnail","6":"product_cat-coffee-valve","8":"first","9":"instock","10":"shipping-taxable","11":"product-type-simple"},"acf":[],"_links":{"self":[{"href":"https:\/\/www.spoutcaps.com\/es\/wp-json\/wp\/v2\/product\/275","targetHints":{"allow":["GET"]}}],"collection":[{"href":"https:\/\/www.spoutcaps.com\/es\/wp-json\/wp\/v2\/product"}],"about":[{"href":"https:\/\/www.spoutcaps.com\/es\/wp-json\/wp\/v2\/types\/product"}],"replies":[{"embeddable":true,"href":"https:\/\/www.spoutcaps.com\/es\/wp-json\/wp\/v2\/comments?post=275"}],"wp:featuredmedia":[{"embeddable":true,"href":"https:\/\/www.spoutcaps.com\/es\/wp-json\/wp\/v2\/media\/276"}],"wp:attachment":[{"href":"https:\/\/www.spoutcaps.com\/es\/wp-json\/wp\/v2\/media?parent=275"}],"wp:term":[{"taxonomy":"product_brand","embeddable":true,"href":"https:\/\/www.spoutcaps.com\/es\/wp-json\/wp\/v2\/product_brand?post=275"},{"taxonomy":"product_cat","embeddable":true,"href":"https:\/\/www.spoutcaps.com\/es\/wp-json\/wp\/v2\/product_cat?post=275"},{"taxonomy":"product_tag","embeddable":true,"href":"https:\/\/www.spoutcaps.com\/es\/wp-json\/wp\/v2\/product_tag?post=275"}],"curies":[{"name":"wp","href":"https:\/\/api.w.org\/{rel}","templated":true}]}}