{"id":250,"date":"2026-02-11T00:57:31","date_gmt":"2026-02-11T00:57:31","guid":{"rendered":"https:\/\/www.spoutcaps.com\/?post_type=product&#038;p=250"},"modified":"2026-02-11T00:57:31","modified_gmt":"2026-02-11T00:57:31","slug":"wholesale-7mm-spout-caps","status":"publish","type":"product","link":"https:\/\/www.spoutcaps.com\/es\/producto\/wholesale-7mm-spout-caps\/","title":{"rendered":"Mayorista Tapones de 7mm\/0.21inch para Bolsas de L\u00edquidos"},"content":{"rendered":"<div class=\"wp-block-columns is-layout-flex wp-container-core-columns-is-layout-9d6595d7 wp-block-columns-is-layout-flex\">\n<div class=\"wp-block-column is-layout-flow wp-block-column-is-layout-flow\">\n<figure class=\"wp-block-image size-full\"><img decoding=\"async\" width=\"800\" height=\"800\" src=\"https:\/\/www.spoutcaps.com\/wp-content\/uploads\/2026\/02\/wholesale-7mm-0.27-inch-spout-cap-4.webp\" alt=\"al por mayor 7mm-0,27 pulgadas tap\u00f3n ca\u00f1o 4\" class=\"wp-image-254\" srcset=\"https:\/\/www.spoutcaps.com\/wp-content\/uploads\/2026\/02\/wholesale-7mm-0.27-inch-spout-cap-4.webp 800w, https:\/\/www.spoutcaps.com\/wp-content\/uploads\/2026\/02\/wholesale-7mm-0.27-inch-spout-cap-4-300x300.webp 300w, https:\/\/www.spoutcaps.com\/wp-content\/uploads\/2026\/02\/wholesale-7mm-0.27-inch-spout-cap-4-150x150.webp 150w, https:\/\/www.spoutcaps.com\/wp-content\/uploads\/2026\/02\/wholesale-7mm-0.27-inch-spout-cap-4-768x768.webp 768w, https:\/\/www.spoutcaps.com\/wp-content\/uploads\/2026\/02\/wholesale-7mm-0.27-inch-spout-cap-4-600x600.webp 600w, https:\/\/www.spoutcaps.com\/wp-content\/uploads\/2026\/02\/wholesale-7mm-0.27-inch-spout-cap-4-100x100.webp 100w\" sizes=\"(max-width: 800px) 100vw, 800px\" \/><\/figure>\n<\/div>\n\n\n\n<div class=\"wp-block-column is-layout-flow wp-block-column-is-layout-flow\">\n<figure class=\"wp-block-image size-full\"><img decoding=\"async\" width=\"800\" height=\"800\" src=\"https:\/\/www.spoutcaps.com\/wp-content\/uploads\/2026\/02\/wholesale-7mm-0.27-inch-spout-cap-2.webp\" alt=\"al por mayor 7mm-0,27 pulgadas tap\u00f3n ca\u00f1o 2\" class=\"wp-image-252\" srcset=\"https:\/\/www.spoutcaps.com\/wp-content\/uploads\/2026\/02\/wholesale-7mm-0.27-inch-spout-cap-2.webp 800w, https:\/\/www.spoutcaps.com\/wp-content\/uploads\/2026\/02\/wholesale-7mm-0.27-inch-spout-cap-2-300x300.webp 300w, https:\/\/www.spoutcaps.com\/wp-content\/uploads\/2026\/02\/wholesale-7mm-0.27-inch-spout-cap-2-150x150.webp 150w, https:\/\/www.spoutcaps.com\/wp-content\/uploads\/2026\/02\/wholesale-7mm-0.27-inch-spout-cap-2-768x768.webp 768w, https:\/\/www.spoutcaps.com\/wp-content\/uploads\/2026\/02\/wholesale-7mm-0.27-inch-spout-cap-2-600x600.webp 600w, https:\/\/www.spoutcaps.com\/wp-content\/uploads\/2026\/02\/wholesale-7mm-0.27-inch-spout-cap-2-100x100.webp 100w\" sizes=\"(max-width: 800px) 100vw, 800px\" \/><\/figure>\n<\/div>\n<\/div>","protected":false},"excerpt":{"rendered":"<p>Venta al por mayor de tapones de pico de 7 mm dise\u00f1ados para aplicaciones de envasado de l\u00edquidos. Estos tapones ofrecen un sellado seguro, un rendimiento de apertura suave y una fiabilidad a prueba de fugas. Ideales para productos l\u00edquidos o alimentos l\u00edquidos que contengan part\u00edculas peque\u00f1as, son compatibles con varios formatos de bolsa y admiten colores personalizados, as\u00ed como requisitos de producci\u00f3n de gran volumen OEM\/ODM.<\/p>\n<h2>Especificaciones de la tapa del ca\u00f1o<\/h2>\n<table>\n<thead>\n<tr>\n<th>Especificaciones<\/th>\n<th>Detalles<\/th>\n<\/tr>\n<\/thead>\n<tbody>\n<tr>\n<td>N\u00famero de modelo<\/td>\n<td>SC08-7mm<\/td>\n<\/tr>\n<tr>\n<td>Nombre del producto<\/td>\n<td>Tapa del ca\u00f1o<\/td>\n<\/tr>\n<tr>\n<td>Caracter\u00edsticas<\/td>\n<td>Reutilizable, ligero, ecol\u00f3gico, duradero, apto para uso alimentario, a prueba de fugas, f\u00e1cil de abrir<\/td>\n<\/tr>\n<tr>\n<td>Di\u00e1metro del cuello de la botella<\/td>\n<td>7 mm<\/td>\n<\/tr>\n<tr>\n<td>Muestra<\/td>\n<td>Muestra gratuita<\/td>\n<\/tr>\n<tr>\n<td>MOQ<\/td>\n<td>50.000 unidades<\/td>\n<\/tr>\n<tr>\n<td>Utilizaci\u00f3n<\/td>\n<td>Envases de zumos, bebidas, champ\u00fa, l\u00edquidos para la colada, etc.<\/td>\n<\/tr>\n<tr>\n<td>Plazos de entrega<\/td>\n<td>7-15 d\u00edas<\/td>\n<\/tr>\n<tr>\n<td>OEM \/ ODM<\/td>\n<td>Aceptar (color, tama\u00f1o, etc.)<\/td>\n<\/tr>\n<\/tbody>\n<\/table>\n<p><script src=\"chrome-extension:\/\/fpelahbljekknahkcaegamhcndkfpfnc\/iFrame.js\" type=\"text\/javascript\"><\/script><\/p>","protected":false},"featured_media":251,"comment_status":"closed","ping_status":"closed","template":"","meta":{"_acf_changed":false},"product_brand":[],"product_cat":[18],"product_tag":[],"class_list":{"0":"post-250","1":"product","2":"type-product","3":"status-publish","4":"has-post-thumbnail","6":"product_cat-spout-cap","8":"first","9":"instock","10":"shipping-taxable","11":"product-type-simple"},"acf":[],"_links":{"self":[{"href":"https:\/\/www.spoutcaps.com\/es\/wp-json\/wp\/v2\/product\/250","targetHints":{"allow":["GET"]}}],"collection":[{"href":"https:\/\/www.spoutcaps.com\/es\/wp-json\/wp\/v2\/product"}],"about":[{"href":"https:\/\/www.spoutcaps.com\/es\/wp-json\/wp\/v2\/types\/product"}],"replies":[{"embeddable":true,"href":"https:\/\/www.spoutcaps.com\/es\/wp-json\/wp\/v2\/comments?post=250"}],"wp:featuredmedia":[{"embeddable":true,"href":"https:\/\/www.spoutcaps.com\/es\/wp-json\/wp\/v2\/media\/251"}],"wp:attachment":[{"href":"https:\/\/www.spoutcaps.com\/es\/wp-json\/wp\/v2\/media?parent=250"}],"wp:term":[{"taxonomy":"product_brand","embeddable":true,"href":"https:\/\/www.spoutcaps.com\/es\/wp-json\/wp\/v2\/product_brand?post=250"},{"taxonomy":"product_cat","embeddable":true,"href":"https:\/\/www.spoutcaps.com\/es\/wp-json\/wp\/v2\/product_cat?post=250"},{"taxonomy":"product_tag","embeddable":true,"href":"https:\/\/www.spoutcaps.com\/es\/wp-json\/wp\/v2\/product_tag?post=250"}],"curies":[{"name":"wp","href":"https:\/\/api.w.org\/{rel}","templated":true}]}}