{"id":795,"date":"2026-03-21T08:51:23","date_gmt":"2026-03-21T08:51:23","guid":{"rendered":"https:\/\/www.spoutcaps.com\/?post_type=product&#038;p=795"},"modified":"2026-03-21T08:51:23","modified_gmt":"2026-03-21T08:51:23","slug":"wholesale-spout-cap-flip-design","status":"publish","type":"product","link":"https:\/\/www.spoutcaps.com\/de\/produkt\/wholesale-spout-cap-flip-design\/","title":{"rendered":"Gro\u00dfhandel 7,8 mm (0,31 Zoll) Flip-Top-Auslaufkappen, Lebensmittel-Grade PP-Materialien, f\u00fcr Fl\u00fcssigkeitsverpackungen"},"content":{"rendered":"<div class=\"wp-block-columns is-layout-flex wp-container-core-columns-is-layout-9d6595d7 wp-block-columns-is-layout-flex\">\n<div class=\"wp-block-column is-layout-flow wp-block-column-is-layout-flow\">\n<figure class=\"wp-block-image size-full\"><img decoding=\"async\" width=\"800\" height=\"800\" src=\"https:\/\/www.spoutcaps.com\/wp-content\/uploads\/2026\/03\/wholesale-spout-cap-7.8-mm-0.31-inch-3.webp\" alt=\"Gro\u00dfhandel Ausgusskappe 7,8 mm-0,31 Zoll 3\" class=\"wp-image-798\" srcset=\"https:\/\/www.spoutcaps.com\/wp-content\/uploads\/2026\/03\/wholesale-spout-cap-7.8-mm-0.31-inch-3.webp 800w, https:\/\/www.spoutcaps.com\/wp-content\/uploads\/2026\/03\/wholesale-spout-cap-7.8-mm-0.31-inch-3-300x300.webp 300w, https:\/\/www.spoutcaps.com\/wp-content\/uploads\/2026\/03\/wholesale-spout-cap-7.8-mm-0.31-inch-3-150x150.webp 150w, https:\/\/www.spoutcaps.com\/wp-content\/uploads\/2026\/03\/wholesale-spout-cap-7.8-mm-0.31-inch-3-768x768.webp 768w, https:\/\/www.spoutcaps.com\/wp-content\/uploads\/2026\/03\/wholesale-spout-cap-7.8-mm-0.31-inch-3-12x12.webp 12w, https:\/\/www.spoutcaps.com\/wp-content\/uploads\/2026\/03\/wholesale-spout-cap-7.8-mm-0.31-inch-3-600x600.webp 600w, https:\/\/www.spoutcaps.com\/wp-content\/uploads\/2026\/03\/wholesale-spout-cap-7.8-mm-0.31-inch-3-100x100.webp 100w\" sizes=\"(max-width: 800px) 100vw, 800px\" \/><\/figure>\n<\/div>\n\n\n\n<div class=\"wp-block-column is-layout-flow wp-block-column-is-layout-flow\">\n<figure class=\"wp-block-image size-full\"><img decoding=\"async\" width=\"800\" height=\"800\" src=\"https:\/\/www.spoutcaps.com\/wp-content\/uploads\/2026\/03\/wholesale-spout-cap-7.8-mm-0.31-inch-4.webp\" alt=\"Gro\u00dfhandel Ausgusskappe 7,8 mm-0,31 Zoll 4\" class=\"wp-image-799\" srcset=\"https:\/\/www.spoutcaps.com\/wp-content\/uploads\/2026\/03\/wholesale-spout-cap-7.8-mm-0.31-inch-4.webp 800w, https:\/\/www.spoutcaps.com\/wp-content\/uploads\/2026\/03\/wholesale-spout-cap-7.8-mm-0.31-inch-4-300x300.webp 300w, https:\/\/www.spoutcaps.com\/wp-content\/uploads\/2026\/03\/wholesale-spout-cap-7.8-mm-0.31-inch-4-150x150.webp 150w, https:\/\/www.spoutcaps.com\/wp-content\/uploads\/2026\/03\/wholesale-spout-cap-7.8-mm-0.31-inch-4-768x768.webp 768w, https:\/\/www.spoutcaps.com\/wp-content\/uploads\/2026\/03\/wholesale-spout-cap-7.8-mm-0.31-inch-4-12x12.webp 12w, https:\/\/www.spoutcaps.com\/wp-content\/uploads\/2026\/03\/wholesale-spout-cap-7.8-mm-0.31-inch-4-600x600.webp 600w, https:\/\/www.spoutcaps.com\/wp-content\/uploads\/2026\/03\/wholesale-spout-cap-7.8-mm-0.31-inch-4-100x100.webp 100w\" sizes=\"(max-width: 800px) 100vw, 800px\" \/><\/figure>\n<\/div>\n<\/div>","protected":false},"excerpt":{"rendered":"<p>Gro\u00dfhandel PP Flip-Top-Auslaufkappe. Sie haben einen Durchmesser von 7,8 mm (0,31 Zoll). Sie sind lebensmittelecht, auslaufsicher und f\u00fcr einfaches \u00d6ffnen-Schlie\u00dfen-Dosieren mit zuverl\u00e4ssiger Wiederverschlussleistung konzipiert. Sie eignen sich ideal f\u00fcr Saftbeutel, Getr\u00e4nkebeutel, Geleebeutel, Joghurtgetr\u00e4nke, So\u00dfen und andere flexible Standbodenbeutel f\u00fcr Fl\u00fcssigkeiten. Wir unterst\u00fctzen den OEM\/ODM-Service f\u00fcr Ausgusskappen und liefern gro\u00dfe Mengen aus unserer Werkstatt. Kontaktieren Sie uns jetzt.<\/p>\n<h2>Spezifikationen der Auslaufkappe<\/h2>\n<table>\n<thead>\n<tr>\n<th>Spezifikationen<\/th>\n<th>Einzelheiten<\/th>\n<\/tr>\n<\/thead>\n<tbody>\n<tr>\n<td>Modellnummer<\/td>\n<td>SC40-7.8mm<\/td>\n<\/tr>\n<tr>\n<td>Produktname<\/td>\n<td>Ausgusskappe<\/td>\n<\/tr>\n<tr>\n<td>Eigenschaften<\/td>\n<td>Wiederverwendbar, leicht, umweltfreundlich, langlebig, lebensmittelecht, auslaufsicher, leicht zu \u00f6ffnen<\/td>\n<\/tr>\n<tr>\n<td>Durchmesser des Flaschenhalses<\/td>\n<td>7,8 mm<\/td>\n<\/tr>\n<tr>\n<td>Muster<\/td>\n<td>Kostenlose Probe<\/td>\n<\/tr>\n<tr>\n<td>MOQ<\/td>\n<td>50.000 St\u00fcck<\/td>\n<\/tr>\n<tr>\n<td>Verwendung<\/td>\n<td>Verpackungen f\u00fcr S\u00e4fte, Getr\u00e4nke, Shampoo, Waschmittel usw.<\/td>\n<\/tr>\n<tr>\n<td>Vorlaufzeit<\/td>\n<td>7-15 Tage<\/td>\n<\/tr>\n<tr>\n<td>OEM \/ ODM<\/td>\n<td>Akzeptieren (Farbe, Gr\u00f6\u00dfe, und mehr)<\/td>\n<\/tr>\n<\/tbody>\n<\/table>\n<p><script src=\"chrome-extension:\/\/fpelahbljekknahkcaegamhcndkfpfnc\/iFrame.js\" type=\"text\/javascript\"><\/script><\/p>","protected":false},"featured_media":801,"comment_status":"closed","ping_status":"closed","template":"","meta":{"_acf_changed":false},"product_brand":[],"product_cat":[18],"product_tag":[],"class_list":{"0":"post-795","1":"product","2":"type-product","3":"status-publish","4":"has-post-thumbnail","6":"product_cat-spout-cap","8":"first","9":"instock","10":"shipping-taxable","11":"product-type-simple"},"acf":[],"_links":{"self":[{"href":"https:\/\/www.spoutcaps.com\/de\/wp-json\/wp\/v2\/product\/795","targetHints":{"allow":["GET"]}}],"collection":[{"href":"https:\/\/www.spoutcaps.com\/de\/wp-json\/wp\/v2\/product"}],"about":[{"href":"https:\/\/www.spoutcaps.com\/de\/wp-json\/wp\/v2\/types\/product"}],"replies":[{"embeddable":true,"href":"https:\/\/www.spoutcaps.com\/de\/wp-json\/wp\/v2\/comments?post=795"}],"wp:featuredmedia":[{"embeddable":true,"href":"https:\/\/www.spoutcaps.com\/de\/wp-json\/wp\/v2\/media\/801"}],"wp:attachment":[{"href":"https:\/\/www.spoutcaps.com\/de\/wp-json\/wp\/v2\/media?parent=795"}],"wp:term":[{"taxonomy":"product_brand","embeddable":true,"href":"https:\/\/www.spoutcaps.com\/de\/wp-json\/wp\/v2\/product_brand?post=795"},{"taxonomy":"product_cat","embeddable":true,"href":"https:\/\/www.spoutcaps.com\/de\/wp-json\/wp\/v2\/product_cat?post=795"},{"taxonomy":"product_tag","embeddable":true,"href":"https:\/\/www.spoutcaps.com\/de\/wp-json\/wp\/v2\/product_tag?post=795"}],"curies":[{"name":"wp","href":"https:\/\/api.w.org\/{rel}","templated":true}]}}