{"id":790,"date":"2026-03-21T08:51:31","date_gmt":"2026-03-21T08:51:31","guid":{"rendered":"https:\/\/www.spoutcaps.com\/?post_type=product&#038;p=790"},"modified":"2026-03-29T07:47:37","modified_gmt":"2026-03-29T07:47:37","slug":"wholesale-coffee-bag-valve-one-way-valve","status":"publish","type":"product","link":"https:\/\/www.spoutcaps.com\/de\/produkt\/wholesale-coffee-bag-valve-one-way-valve\/","title":{"rendered":"Gro\u00dfhandel Kaffee Tasche Ventil Versorgung, Einweg-Entgasung Ventil f\u00fcr Kaffee Verpackung Beutel"},"content":{"rendered":"<div class=\"wp-block-columns is-layout-flex wp-container-core-columns-is-layout-9d6595d7 wp-block-columns-is-layout-flex\">\n<div class=\"wp-block-column is-layout-flow wp-block-column-is-layout-flow\">\n<figure class=\"wp-block-image size-full\"><img decoding=\"async\" width=\"800\" height=\"800\" src=\"https:\/\/www.spoutcaps.com\/wp-content\/uploads\/2026\/03\/wholesale-degassing-valve-for-coffee-packaging-.webp\" alt=\"\" class=\"wp-image-793\" srcset=\"https:\/\/www.spoutcaps.com\/wp-content\/uploads\/2026\/03\/wholesale-degassing-valve-for-coffee-packaging-.webp 800w, https:\/\/www.spoutcaps.com\/wp-content\/uploads\/2026\/03\/wholesale-degassing-valve-for-coffee-packaging--300x300.webp 300w, https:\/\/www.spoutcaps.com\/wp-content\/uploads\/2026\/03\/wholesale-degassing-valve-for-coffee-packaging--150x150.webp 150w, https:\/\/www.spoutcaps.com\/wp-content\/uploads\/2026\/03\/wholesale-degassing-valve-for-coffee-packaging--768x768.webp 768w, https:\/\/www.spoutcaps.com\/wp-content\/uploads\/2026\/03\/wholesale-degassing-valve-for-coffee-packaging--12x12.webp 12w, https:\/\/www.spoutcaps.com\/wp-content\/uploads\/2026\/03\/wholesale-degassing-valve-for-coffee-packaging--600x600.webp 600w, https:\/\/www.spoutcaps.com\/wp-content\/uploads\/2026\/03\/wholesale-degassing-valve-for-coffee-packaging--100x100.webp 100w\" sizes=\"(max-width: 800px) 100vw, 800px\" \/><\/figure>\n<\/div>\n\n\n\n<div class=\"wp-block-column is-layout-flow wp-block-column-is-layout-flow\">\n<figure class=\"wp-block-image size-full\"><img decoding=\"async\" width=\"800\" height=\"800\" src=\"https:\/\/www.spoutcaps.com\/wp-content\/uploads\/2026\/03\/wholesale-valve-for-coffee-bags.webp\" alt=\"\" class=\"wp-image-794\" srcset=\"https:\/\/www.spoutcaps.com\/wp-content\/uploads\/2026\/03\/wholesale-valve-for-coffee-bags.webp 800w, https:\/\/www.spoutcaps.com\/wp-content\/uploads\/2026\/03\/wholesale-valve-for-coffee-bags-300x300.webp 300w, https:\/\/www.spoutcaps.com\/wp-content\/uploads\/2026\/03\/wholesale-valve-for-coffee-bags-150x150.webp 150w, https:\/\/www.spoutcaps.com\/wp-content\/uploads\/2026\/03\/wholesale-valve-for-coffee-bags-768x768.webp 768w, https:\/\/www.spoutcaps.com\/wp-content\/uploads\/2026\/03\/wholesale-valve-for-coffee-bags-12x12.webp 12w, https:\/\/www.spoutcaps.com\/wp-content\/uploads\/2026\/03\/wholesale-valve-for-coffee-bags-600x600.webp 600w, https:\/\/www.spoutcaps.com\/wp-content\/uploads\/2026\/03\/wholesale-valve-for-coffee-bags-100x100.webp 100w\" sizes=\"(max-width: 800px) 100vw, 800px\" \/><\/figure>\n<\/div>\n<\/div>\n\n\n\n<figure class=\"wp-block-image size-full\"><img decoding=\"async\" width=\"800\" height=\"554\" src=\"https:\/\/www.spoutcaps.com\/wp-content\/uploads\/2026\/02\/coffee-valve-application.webp\" alt=\"Anwendung Kaffeeventil\" class=\"wp-image-247\" srcset=\"https:\/\/www.spoutcaps.com\/wp-content\/uploads\/2026\/02\/coffee-valve-application.webp 800w, https:\/\/www.spoutcaps.com\/wp-content\/uploads\/2026\/02\/coffee-valve-application-300x208.webp 300w, https:\/\/www.spoutcaps.com\/wp-content\/uploads\/2026\/02\/coffee-valve-application-768x532.webp 768w, https:\/\/www.spoutcaps.com\/wp-content\/uploads\/2026\/02\/coffee-valve-application-600x416.webp 600w\" sizes=\"(max-width: 800px) 100vw, 800px\" \/><\/figure>\n\n\n\n<div class=\"wp-block-columns is-layout-flex wp-container-core-columns-is-layout-9d6595d7 wp-block-columns-is-layout-flex\">\n<div class=\"wp-block-column is-layout-flow wp-block-column-is-layout-flow\"><\/div>\n\n\n\n<div class=\"wp-block-column is-layout-flow wp-block-column-is-layout-flow\"><\/div>\n<\/div>","protected":false},"excerpt":{"rendered":"<p>Gro\u00dfhandels-Kaffeesackventil f\u00fcr die industrielle Verpackung von Kaffee, Tee und verschiedenen Lebensmitteln. Durch die Verwendung einer pr\u00e4zisionsgeformten PE- und Silikonstruktur entl\u00fcftet dieser Einweg-Entgasungsmechanismus effektiv angesammeltes CO2 aus der versiegelten Umgebung und schafft gleichzeitig eine robuste Barriere gegen die Umgebungsluft, wodurch die aromatische Integrit\u00e4t und das Geschmacksprofil des Inhalts erhalten bleiben. Unterst\u00fctzung bei der Lieferung von Kaffeesackventilen in gro\u00dfen Mengen. Kontaktieren Sie uns jetzt!<\/p>\n<h2>Kaffeesackventil Spezifikationen<\/h2>\n<table>\n<thead>\n<tr>\n<th>Spezifikationen<\/th>\n<th>Einzelheiten<\/th>\n<\/tr>\n<\/thead>\n<tbody>\n<tr>\n<td>Modellnummer<\/td>\n<td>DV03<\/td>\n<\/tr>\n<tr>\n<td>Produktname<\/td>\n<td>Kaffeebeutel-Ventil<\/td>\n<\/tr>\n<tr>\n<td>Material<\/td>\n<td>PE+ Kieselgel<\/td>\n<\/tr>\n<tr>\n<td>Anmeldung<\/td>\n<td>Flexible Verpackungen f\u00fcr Lebensmittel, Tee, Kaffee und S\u00fc\u00dfwaren<\/td>\n<\/tr>\n<tr>\n<td>Dicke<\/td>\n<td>3,5 mm<\/td>\n<\/tr>\n<tr>\n<td>Muster<\/td>\n<td>Kostenlose Probe<\/td>\n<\/tr>\n<tr>\n<td>MOQ<\/td>\n<td>10000St\u00fcck<\/td>\n<\/tr>\n<tr>\n<td>Merkmal\u00a0<\/td>\n<td>Feuchtigkeitsgesch\u00fctzt<\/td>\n<\/tr>\n<tr>\n<td>OEM \/ ODM<\/td>\n<td>Akzeptieren\u00a0<\/td>\n<\/tr>\n<\/tbody>\n<\/table>\n<p>&nbsp;<\/p>\n<p>\n<script src=\"chrome-extension:\/\/fpelahbljekknahkcaegamhcndkfpfnc\/iFrame.js\" type=\"text\/javascript\"><\/script><\/p>","protected":false},"featured_media":791,"comment_status":"closed","ping_status":"closed","template":"","meta":{"_acf_changed":true},"product_brand":[],"product_cat":[19],"product_tag":[],"class_list":{"0":"post-790","1":"product","2":"type-product","3":"status-publish","4":"has-post-thumbnail","6":"product_cat-coffee-valve","8":"first","9":"instock","10":"shipping-taxable","11":"product-type-simple"},"acf":[],"_links":{"self":[{"href":"https:\/\/www.spoutcaps.com\/de\/wp-json\/wp\/v2\/product\/790","targetHints":{"allow":["GET"]}}],"collection":[{"href":"https:\/\/www.spoutcaps.com\/de\/wp-json\/wp\/v2\/product"}],"about":[{"href":"https:\/\/www.spoutcaps.com\/de\/wp-json\/wp\/v2\/types\/product"}],"replies":[{"embeddable":true,"href":"https:\/\/www.spoutcaps.com\/de\/wp-json\/wp\/v2\/comments?post=790"}],"wp:featuredmedia":[{"embeddable":true,"href":"https:\/\/www.spoutcaps.com\/de\/wp-json\/wp\/v2\/media\/791"}],"wp:attachment":[{"href":"https:\/\/www.spoutcaps.com\/de\/wp-json\/wp\/v2\/media?parent=790"}],"wp:term":[{"taxonomy":"product_brand","embeddable":true,"href":"https:\/\/www.spoutcaps.com\/de\/wp-json\/wp\/v2\/product_brand?post=790"},{"taxonomy":"product_cat","embeddable":true,"href":"https:\/\/www.spoutcaps.com\/de\/wp-json\/wp\/v2\/product_cat?post=790"},{"taxonomy":"product_tag","embeddable":true,"href":"https:\/\/www.spoutcaps.com\/de\/wp-json\/wp\/v2\/product_tag?post=790"}],"curies":[{"name":"wp","href":"https:\/\/api.w.org\/{rel}","templated":true}]}}