{"id":504,"date":"2026-02-10T15:58:13","date_gmt":"2026-02-10T15:58:13","guid":{"rendered":"https:\/\/www.spoutcaps.com\/?post_type=product&#038;p=504"},"modified":"2026-02-10T16:06:13","modified_gmt":"2026-02-10T16:06:13","slug":"lip-gloss-spout-caps-wholesale","status":"publish","type":"product","link":"https:\/\/www.spoutcaps.com\/de\/produkt\/lip-gloss-spout-caps-wholesale\/","title":{"rendered":"Morandi Farben Lip Gloss Spout Caps Gro\u00dfhandel - Kosmetikverpackungen Tasche Zubeh\u00f6r"},"content":{"rendered":"<div class=\"wp-block-columns is-layout-flex wp-container-core-columns-is-layout-9d6595d7 wp-block-columns-is-layout-flex\">\n<div class=\"wp-block-column is-layout-flow wp-block-column-is-layout-flow\">\n<figure class=\"wp-block-image size-full\"><img decoding=\"async\" width=\"800\" height=\"800\" src=\"https:\/\/www.spoutcaps.com\/wp-content\/uploads\/2026\/02\/lip-gloss-spout-caps-1.webp\" alt=\"Lipgloss-T\u00fcllenverschl\u00fcsse (1)\" class=\"wp-image-505\" srcset=\"https:\/\/www.spoutcaps.com\/wp-content\/uploads\/2026\/02\/lip-gloss-spout-caps-1.webp 800w, https:\/\/www.spoutcaps.com\/wp-content\/uploads\/2026\/02\/lip-gloss-spout-caps-1-300x300.webp 300w, https:\/\/www.spoutcaps.com\/wp-content\/uploads\/2026\/02\/lip-gloss-spout-caps-1-150x150.webp 150w, https:\/\/www.spoutcaps.com\/wp-content\/uploads\/2026\/02\/lip-gloss-spout-caps-1-768x768.webp 768w, https:\/\/www.spoutcaps.com\/wp-content\/uploads\/2026\/02\/lip-gloss-spout-caps-1-600x600.webp 600w, https:\/\/www.spoutcaps.com\/wp-content\/uploads\/2026\/02\/lip-gloss-spout-caps-1-100x100.webp 100w\" sizes=\"(max-width: 800px) 100vw, 800px\" \/><\/figure>\n<\/div>\n\n\n\n<div class=\"wp-block-column is-layout-flow wp-block-column-is-layout-flow\">\n<figure class=\"wp-block-image size-full\"><img decoding=\"async\" width=\"800\" height=\"800\" src=\"https:\/\/www.spoutcaps.com\/wp-content\/uploads\/2026\/02\/lip-gloss-spout-caps-2.webp\" alt=\"Lipgloss-T\u00fcllenverschl\u00fcsse (2)\" class=\"wp-image-506\" srcset=\"https:\/\/www.spoutcaps.com\/wp-content\/uploads\/2026\/02\/lip-gloss-spout-caps-2.webp 800w, https:\/\/www.spoutcaps.com\/wp-content\/uploads\/2026\/02\/lip-gloss-spout-caps-2-300x300.webp 300w, https:\/\/www.spoutcaps.com\/wp-content\/uploads\/2026\/02\/lip-gloss-spout-caps-2-150x150.webp 150w, https:\/\/www.spoutcaps.com\/wp-content\/uploads\/2026\/02\/lip-gloss-spout-caps-2-768x768.webp 768w, https:\/\/www.spoutcaps.com\/wp-content\/uploads\/2026\/02\/lip-gloss-spout-caps-2-600x600.webp 600w, https:\/\/www.spoutcaps.com\/wp-content\/uploads\/2026\/02\/lip-gloss-spout-caps-2-100x100.webp 100w\" sizes=\"(max-width: 800px) 100vw, 800px\" \/><\/figure>\n<\/div>\n<\/div>\n\n\n\n<p><\/p>","protected":false},"excerpt":{"rendered":"<p data-pm-slice=\"0 0 []\">Gro\u00dfhandel Lip Gloss Spout Caps - Verbessern Sie Ihre Kosmetikverpackungen mit den hochwertigen, lebensmittelechten Spout Caps unserer Fabrik. Anpassbare Farben, Gr\u00f6\u00dfen und Stile, unterst\u00fctzt durch schnelle Produktion und professionelle OEM\/ODM-Dienstleistungen f\u00fcr globale Kosmetikmarken.<\/p>\n<h2>T\u00fcllenverschluss mit Lippenb\u00fcrste Spezifikationen<\/h2>\n<table>\n<thead>\n<tr>\n<th>Spezifikationen<\/th>\n<th>Einzelheiten<\/th>\n<\/tr>\n<\/thead>\n<tbody>\n<tr>\n<td>Modellnummer<\/td>\n<td>CP04<\/td>\n<\/tr>\n<tr>\n<td>Produktname<\/td>\n<td>Ausgusskappen mit Lippenb\u00fcrste<\/td>\n<\/tr>\n<tr>\n<td>Material<\/td>\n<td>Kunststoff<\/td>\n<\/tr>\n<tr>\n<td>Anmeldung<\/td>\n<td>Kosmetische Industrie<\/td>\n<\/tr>\n<tr>\n<td>Schnittstelle Gr\u00f6\u00dfe<\/td>\n<td>7mm<\/td>\n<\/tr>\n<tr>\n<td>Muster<\/td>\n<td>Kostenlose Probe<\/td>\n<\/tr>\n<tr>\n<td>MOQ<\/td>\n<td>50000St\u00fcck<\/td>\n<\/tr>\n<tr>\n<td>Merkmal\u00a0<\/td>\n<td>Feuchtigkeitsgesch\u00fctzt<\/td>\n<\/tr>\n<tr>\n<td>OEM \/ ODM<\/td>\n<td>Akzeptieren (Logo, Farbe, Gr\u00f6\u00dfe und mehr)<\/td>\n<\/tr>\n<tr>\n<td>F\u00fchrende Zeit<\/td>\n<td>10-15 Tage<\/td>\n<\/tr>\n<\/tbody>\n<\/table>\n<p>&nbsp;<\/p>\n<p>\n<script src=\"chrome-extension:\/\/fpelahbljekknahkcaegamhcndkfpfnc\/iFrame.js\" type=\"text\/javascript\"><\/script><\/p>","protected":false},"featured_media":505,"comment_status":"closed","ping_status":"closed","template":"","meta":{"_acf_changed":true},"product_brand":[],"product_cat":[21,24],"product_tag":[],"class_list":{"0":"post-504","1":"product","2":"type-product","3":"status-publish","4":"has-post-thumbnail","6":"product_cat-cosmetic-flexible-packaging-accessories","7":"product_cat-spout-cap-with-lip-gloss-brush","9":"first","10":"instock","11":"shipping-taxable","12":"product-type-simple"},"acf":[],"_links":{"self":[{"href":"https:\/\/www.spoutcaps.com\/de\/wp-json\/wp\/v2\/product\/504","targetHints":{"allow":["GET"]}}],"collection":[{"href":"https:\/\/www.spoutcaps.com\/de\/wp-json\/wp\/v2\/product"}],"about":[{"href":"https:\/\/www.spoutcaps.com\/de\/wp-json\/wp\/v2\/types\/product"}],"replies":[{"embeddable":true,"href":"https:\/\/www.spoutcaps.com\/de\/wp-json\/wp\/v2\/comments?post=504"}],"wp:featuredmedia":[{"embeddable":true,"href":"https:\/\/www.spoutcaps.com\/de\/wp-json\/wp\/v2\/media\/505"}],"wp:attachment":[{"href":"https:\/\/www.spoutcaps.com\/de\/wp-json\/wp\/v2\/media?parent=504"}],"wp:term":[{"taxonomy":"product_brand","embeddable":true,"href":"https:\/\/www.spoutcaps.com\/de\/wp-json\/wp\/v2\/product_brand?post=504"},{"taxonomy":"product_cat","embeddable":true,"href":"https:\/\/www.spoutcaps.com\/de\/wp-json\/wp\/v2\/product_cat?post=504"},{"taxonomy":"product_tag","embeddable":true,"href":"https:\/\/www.spoutcaps.com\/de\/wp-json\/wp\/v2\/product_tag?post=504"}],"curies":[{"name":"wp","href":"https:\/\/api.w.org\/{rel}","templated":true}]}}