{"id":482,"date":"2026-02-10T15:04:15","date_gmt":"2026-02-10T15:04:15","guid":{"rendered":"https:\/\/www.spoutcaps.com\/?post_type=product&#038;p=482"},"modified":"2026-02-10T15:21:01","modified_gmt":"2026-02-10T15:21:01","slug":"spout-caps-with-eyelash-brush-wholesale-supply","status":"publish","type":"product","link":"https:\/\/www.spoutcaps.com\/de\/produkt\/spout-caps-with-eyelash-brush-wholesale-supply\/","title":{"rendered":"Auslaufkappen mit Wimpernb\u00fcrste Gro\u00dfhandel Versorgung"},"content":{"rendered":"<div class=\"wp-block-columns is-layout-flex wp-container-core-columns-is-layout-9d6595d7 wp-block-columns-is-layout-flex\">\n<div class=\"wp-block-column is-layout-flow wp-block-column-is-layout-flow\">\n<figure class=\"wp-block-image size-full\"><img decoding=\"async\" width=\"800\" height=\"800\" src=\"https:\/\/www.spoutcaps.com\/wp-content\/uploads\/2026\/02\/spout-caps-with-eyelash-brush-5.webp\" alt=\"T\u00fcllenverschl\u00fcsse mit Wimpernb\u00fcrste (5)\" class=\"wp-image-487\" srcset=\"https:\/\/www.spoutcaps.com\/wp-content\/uploads\/2026\/02\/spout-caps-with-eyelash-brush-5.webp 800w, https:\/\/www.spoutcaps.com\/wp-content\/uploads\/2026\/02\/spout-caps-with-eyelash-brush-5-300x300.webp 300w, https:\/\/www.spoutcaps.com\/wp-content\/uploads\/2026\/02\/spout-caps-with-eyelash-brush-5-150x150.webp 150w, https:\/\/www.spoutcaps.com\/wp-content\/uploads\/2026\/02\/spout-caps-with-eyelash-brush-5-768x768.webp 768w, https:\/\/www.spoutcaps.com\/wp-content\/uploads\/2026\/02\/spout-caps-with-eyelash-brush-5-600x600.webp 600w, https:\/\/www.spoutcaps.com\/wp-content\/uploads\/2026\/02\/spout-caps-with-eyelash-brush-5-100x100.webp 100w\" sizes=\"(max-width: 800px) 100vw, 800px\" \/><\/figure>\n<\/div>\n\n\n\n<div class=\"wp-block-column is-layout-flow wp-block-column-is-layout-flow\">\n<figure class=\"wp-block-image size-full\"><img decoding=\"async\" width=\"800\" height=\"800\" src=\"https:\/\/www.spoutcaps.com\/wp-content\/uploads\/2026\/02\/spout-caps-with-eyelash-brush-6.webp\" alt=\"T\u00fcllenverschl\u00fcsse mit Wimpernb\u00fcrste (6)\" class=\"wp-image-488\" srcset=\"https:\/\/www.spoutcaps.com\/wp-content\/uploads\/2026\/02\/spout-caps-with-eyelash-brush-6.webp 800w, https:\/\/www.spoutcaps.com\/wp-content\/uploads\/2026\/02\/spout-caps-with-eyelash-brush-6-300x300.webp 300w, https:\/\/www.spoutcaps.com\/wp-content\/uploads\/2026\/02\/spout-caps-with-eyelash-brush-6-150x150.webp 150w, https:\/\/www.spoutcaps.com\/wp-content\/uploads\/2026\/02\/spout-caps-with-eyelash-brush-6-768x768.webp 768w, https:\/\/www.spoutcaps.com\/wp-content\/uploads\/2026\/02\/spout-caps-with-eyelash-brush-6-600x600.webp 600w, https:\/\/www.spoutcaps.com\/wp-content\/uploads\/2026\/02\/spout-caps-with-eyelash-brush-6-100x100.webp 100w\" sizes=\"(max-width: 800px) 100vw, 800px\" \/><\/figure>\n<\/div>\n<\/div>","protected":false},"excerpt":{"rendered":"<p>Gro\u00dfhandelsverschlusskappen mit integrierten Wimpernb\u00fcrstenapplikatoren, ideal f\u00fcr Mascara, Wimpernseren und kosmetische Fl\u00fcssigkeiten. Hergestellt aus lebensmittelechten, hautvertr\u00e4glichen Materialien mit pr\u00e4ziser Formgebung f\u00fcr eine reibungslose Anwendung und auslaufsichere Abdichtung. Kundenspezifische Farben, Gr\u00f6\u00dfen und B\u00fcrstentypen erh\u00e4ltlich.<\/p>\n<h2>T\u00fcllenverschluss mit Wimpernb\u00fcrste Spezifikationen<\/h2>\n<table>\n<thead>\n<tr>\n<th>Spezifikationen<\/th>\n<th>Einzelheiten<\/th>\n<\/tr>\n<\/thead>\n<tbody>\n<tr>\n<td>Modellnummer<\/td>\n<td>CP01<\/td>\n<\/tr>\n<tr>\n<td>Produktname<\/td>\n<td>T\u00fcllenverschluss mit Wimpernb\u00fcrste<\/td>\n<\/tr>\n<tr>\n<td>Material<\/td>\n<td>Kunststoff<\/td>\n<\/tr>\n<tr>\n<td>Anmeldung<\/td>\n<td>Kosmetische Industrie<\/td>\n<\/tr>\n<tr>\n<td>Schnittstelle Gr\u00f6\u00dfe<\/td>\n<td>7mm<\/td>\n<\/tr>\n<tr>\n<td>Muster<\/td>\n<td>Kostenlose Probe<\/td>\n<\/tr>\n<tr>\n<td>MOQ<\/td>\n<td>50000St\u00fcck<\/td>\n<\/tr>\n<tr>\n<td>Merkmal\u00a0<\/td>\n<td>Feuchtigkeitsgesch\u00fctzt<\/td>\n<\/tr>\n<tr>\n<td>OEM \/ ODM<\/td>\n<td>Akzeptieren (Logo, Farbe, Gr\u00f6\u00dfe und mehr)<\/td>\n<\/tr>\n<tr>\n<td>F\u00fchrende Zeit<\/td>\n<td>7-15 Tage<\/td>\n<\/tr>\n<\/tbody>\n<\/table>\n<p>&nbsp;<\/p>\n<p><script src=\"chrome-extension:\/\/fpelahbljekknahkcaegamhcndkfpfnc\/iFrame.js\" type=\"text\/javascript\"><\/script><\/p>","protected":false},"featured_media":483,"comment_status":"closed","ping_status":"closed","template":"","meta":{"_acf_changed":true},"product_brand":[],"product_cat":[21,23],"product_tag":[],"class_list":{"0":"post-482","1":"product","2":"type-product","3":"status-publish","4":"has-post-thumbnail","6":"product_cat-cosmetic-flexible-packaging-accessories","7":"product_cat-spout-cap-with-eyelash-brush","9":"first","10":"instock","11":"shipping-taxable","12":"product-type-simple"},"acf":[],"_links":{"self":[{"href":"https:\/\/www.spoutcaps.com\/de\/wp-json\/wp\/v2\/product\/482","targetHints":{"allow":["GET"]}}],"collection":[{"href":"https:\/\/www.spoutcaps.com\/de\/wp-json\/wp\/v2\/product"}],"about":[{"href":"https:\/\/www.spoutcaps.com\/de\/wp-json\/wp\/v2\/types\/product"}],"replies":[{"embeddable":true,"href":"https:\/\/www.spoutcaps.com\/de\/wp-json\/wp\/v2\/comments?post=482"}],"wp:featuredmedia":[{"embeddable":true,"href":"https:\/\/www.spoutcaps.com\/de\/wp-json\/wp\/v2\/media\/483"}],"wp:attachment":[{"href":"https:\/\/www.spoutcaps.com\/de\/wp-json\/wp\/v2\/media?parent=482"}],"wp:term":[{"taxonomy":"product_brand","embeddable":true,"href":"https:\/\/www.spoutcaps.com\/de\/wp-json\/wp\/v2\/product_brand?post=482"},{"taxonomy":"product_cat","embeddable":true,"href":"https:\/\/www.spoutcaps.com\/de\/wp-json\/wp\/v2\/product_cat?post=482"},{"taxonomy":"product_tag","embeddable":true,"href":"https:\/\/www.spoutcaps.com\/de\/wp-json\/wp\/v2\/product_tag?post=482"}],"curies":[{"name":"wp","href":"https:\/\/api.w.org\/{rel}","templated":true}]}}