{"id":456,"date":"2026-02-10T14:24:40","date_gmt":"2026-02-10T14:24:40","guid":{"rendered":"https:\/\/www.spoutcaps.com\/?post_type=product&#038;p=456"},"modified":"2026-02-12T05:07:36","modified_gmt":"2026-02-12T05:07:36","slug":"flexible-packaging-bag-handles-supply","status":"publish","type":"product","link":"https:\/\/www.spoutcaps.com\/de\/produkt\/flexible-packaging-bag-handles-supply\/","title":{"rendered":"Flexibler Verpackungsbeutel-Griff, Reissack-Griff Versorgung"},"content":{"rendered":"<div class=\"wp-block-columns is-layout-flex wp-container-core-columns-is-layout-9d6595d7 wp-block-columns-is-layout-flex\">\n<div class=\"wp-block-column is-layout-flow wp-block-column-is-layout-flow\">\n<figure class=\"wp-block-image size-full\"><img decoding=\"async\" width=\"800\" height=\"800\" src=\"https:\/\/www.spoutcaps.com\/wp-content\/uploads\/2026\/02\/flexible-packaging-bag-handle-4.webp\" alt=\"flexibler Verpackungsbeutelgriff (4)\" class=\"wp-image-470\" srcset=\"https:\/\/www.spoutcaps.com\/wp-content\/uploads\/2026\/02\/flexible-packaging-bag-handle-4.webp 800w, https:\/\/www.spoutcaps.com\/wp-content\/uploads\/2026\/02\/flexible-packaging-bag-handle-4-300x300.webp 300w, https:\/\/www.spoutcaps.com\/wp-content\/uploads\/2026\/02\/flexible-packaging-bag-handle-4-150x150.webp 150w, https:\/\/www.spoutcaps.com\/wp-content\/uploads\/2026\/02\/flexible-packaging-bag-handle-4-768x768.webp 768w, https:\/\/www.spoutcaps.com\/wp-content\/uploads\/2026\/02\/flexible-packaging-bag-handle-4-600x600.webp 600w, https:\/\/www.spoutcaps.com\/wp-content\/uploads\/2026\/02\/flexible-packaging-bag-handle-4-100x100.webp 100w\" sizes=\"(max-width: 800px) 100vw, 800px\" \/><\/figure>\n<\/div>\n\n\n\n<div class=\"wp-block-column is-layout-flow wp-block-column-is-layout-flow\">\n<figure class=\"wp-block-image size-full\"><img decoding=\"async\" width=\"800\" height=\"800\" src=\"https:\/\/www.spoutcaps.com\/wp-content\/uploads\/2026\/02\/flexible-packaging-bag-handle-5.webp\" alt=\"flexibler Verpackungsbeutelgriff (5)\" class=\"wp-image-471\" srcset=\"https:\/\/www.spoutcaps.com\/wp-content\/uploads\/2026\/02\/flexible-packaging-bag-handle-5.webp 800w, https:\/\/www.spoutcaps.com\/wp-content\/uploads\/2026\/02\/flexible-packaging-bag-handle-5-300x300.webp 300w, https:\/\/www.spoutcaps.com\/wp-content\/uploads\/2026\/02\/flexible-packaging-bag-handle-5-150x150.webp 150w, https:\/\/www.spoutcaps.com\/wp-content\/uploads\/2026\/02\/flexible-packaging-bag-handle-5-768x768.webp 768w, https:\/\/www.spoutcaps.com\/wp-content\/uploads\/2026\/02\/flexible-packaging-bag-handle-5-600x600.webp 600w, https:\/\/www.spoutcaps.com\/wp-content\/uploads\/2026\/02\/flexible-packaging-bag-handle-5-100x100.webp 100w\" sizes=\"(max-width: 800px) 100vw, 800px\" \/><\/figure>\n<\/div>\n<\/div>\n\n\n\n<figure class=\"wp-block-image size-full\"><img decoding=\"async\" width=\"800\" height=\"536\" src=\"https:\/\/www.spoutcaps.com\/wp-content\/uploads\/2026\/02\/application.webp\" alt=\"Anmeldung\" class=\"wp-image-472\" srcset=\"https:\/\/www.spoutcaps.com\/wp-content\/uploads\/2026\/02\/application.webp 800w, https:\/\/www.spoutcaps.com\/wp-content\/uploads\/2026\/02\/application-300x201.webp 300w, https:\/\/www.spoutcaps.com\/wp-content\/uploads\/2026\/02\/application-768x515.webp 768w, https:\/\/www.spoutcaps.com\/wp-content\/uploads\/2026\/02\/application-600x402.webp 600w\" sizes=\"(max-width: 800px) 100vw, 800px\" \/><\/figure>","protected":false},"excerpt":{"rendered":"<p data-pm-slice=\"0 0 []\">Langlebige, flexible Verpackungsbeutelgriffe f\u00fcr Reis, Getreide, Tiernahrung und Sch\u00fcttgut. Starke Belastbarkeit, komfortabler Griff und sichere Verschlie\u00dfbarkeit. Ideal f\u00fcr automatisierte Produktionslinien; kundenspezifische Gr\u00f6\u00dfen, Farben und Materialien sind f\u00fcr den Gro\u00dfhandel erh\u00e4ltlich.<\/p>\n<h2>Flexibler Verpackungsbeutelgriff Spezifikationen<\/h2>\n<table>\n<thead>\n<tr>\n<th>Spezifikationen<\/th>\n<th>Einzelheiten<\/th>\n<\/tr>\n<\/thead>\n<tbody>\n<tr>\n<td>Modellnummer<\/td>\n<td>PH05<\/td>\n<\/tr>\n<tr>\n<td>Produktname<\/td>\n<td>Griff f\u00fcr Reissack\/Flexibler Verpackungsbeutelgriff<\/td>\n<\/tr>\n<tr>\n<td>Material<\/td>\n<td>Kunststoff<\/td>\n<\/tr>\n<tr>\n<td>Anmeldung<\/td>\n<td>Griffe f\u00fcr flexible Verpackungen, Griffe f\u00fcr Reiss\u00e4cke<\/td>\n<\/tr>\n<tr>\n<td>Farbe\u00a0<\/td>\n<td>Benutzerdefinierte Farbe<\/td>\n<\/tr>\n<tr>\n<td>Muster<\/td>\n<td>Kostenlose Probe<\/td>\n<\/tr>\n<tr>\n<td>MOQ<\/td>\n<td>50000St\u00fcck<\/td>\n<\/tr>\n<tr>\n<td>Merkmal\u00a0<\/td>\n<td>Langlebig, tragbar, umweltfreundlich und recycelbar<\/td>\n<\/tr>\n<tr>\n<td>OEM \/ ODM<\/td>\n<td>Akzeptieren\u00a0<\/td>\n<\/tr>\n<\/tbody>\n<\/table>\n<p>&nbsp;<\/p>\n<p><script src=\"chrome-extension:\/\/fpelahbljekknahkcaegamhcndkfpfnc\/iFrame.js\" type=\"text\/javascript\"><\/script><\/p>\n<p>\n<script src=\"chrome-extension:\/\/fpelahbljekknahkcaegamhcndkfpfnc\/iFrame.js\" type=\"text\/javascript\"><\/script><\/p>","protected":false},"featured_media":467,"comment_status":"closed","ping_status":"closed","template":"","meta":{"_acf_changed":true},"product_brand":[],"product_cat":[20],"product_tag":[],"class_list":{"0":"post-456","1":"product","2":"type-product","3":"status-publish","4":"has-post-thumbnail","6":"product_cat-plastic-handle-for-rice-bag","8":"first","9":"instock","10":"shipping-taxable","11":"product-type-simple"},"acf":[],"_links":{"self":[{"href":"https:\/\/www.spoutcaps.com\/de\/wp-json\/wp\/v2\/product\/456","targetHints":{"allow":["GET"]}}],"collection":[{"href":"https:\/\/www.spoutcaps.com\/de\/wp-json\/wp\/v2\/product"}],"about":[{"href":"https:\/\/www.spoutcaps.com\/de\/wp-json\/wp\/v2\/types\/product"}],"replies":[{"embeddable":true,"href":"https:\/\/www.spoutcaps.com\/de\/wp-json\/wp\/v2\/comments?post=456"}],"wp:featuredmedia":[{"embeddable":true,"href":"https:\/\/www.spoutcaps.com\/de\/wp-json\/wp\/v2\/media\/467"}],"wp:attachment":[{"href":"https:\/\/www.spoutcaps.com\/de\/wp-json\/wp\/v2\/media?parent=456"}],"wp:term":[{"taxonomy":"product_brand","embeddable":true,"href":"https:\/\/www.spoutcaps.com\/de\/wp-json\/wp\/v2\/product_brand?post=456"},{"taxonomy":"product_cat","embeddable":true,"href":"https:\/\/www.spoutcaps.com\/de\/wp-json\/wp\/v2\/product_cat?post=456"},{"taxonomy":"product_tag","embeddable":true,"href":"https:\/\/www.spoutcaps.com\/de\/wp-json\/wp\/v2\/product_tag?post=456"}],"curies":[{"name":"wp","href":"https:\/\/api.w.org\/{rel}","templated":true}]}}