{"id":355,"date":"2026-02-10T10:44:34","date_gmt":"2026-02-10T10:44:34","guid":{"rendered":"https:\/\/www.spoutcaps.com\/?post_type=product&#038;p=355"},"modified":"2026-02-10T10:57:01","modified_gmt":"2026-02-10T10:57:01","slug":"factory-wholesale-coffee-degassing-valves","status":"publish","type":"product","link":"https:\/\/www.spoutcaps.com\/de\/produkt\/factory-wholesale-coffee-degassing-valves\/","title":{"rendered":"Fabrik Gro\u00dfhandel Kaffee Entgasung Ventile, Kunststoff Einweg-Ventile f\u00fcr Kaffees\u00e4cke"},"content":{"rendered":"<div class=\"wp-block-columns is-layout-flex wp-container-core-columns-is-layout-9d6595d7 wp-block-columns-is-layout-flex\">\n<div class=\"wp-block-column is-layout-flow wp-block-column-is-layout-flow\">\n<figure class=\"wp-block-image size-full\"><img decoding=\"async\" width=\"800\" height=\"800\" src=\"https:\/\/www.spoutcaps.com\/wp-content\/uploads\/2026\/02\/factory-wholesale-coffee-degassing-valves-5-1.webp\" alt=\"Fabrik Gro\u00dfhandel Kaffee Entgasung Ventile (5)\" class=\"wp-image-382\" srcset=\"https:\/\/www.spoutcaps.com\/wp-content\/uploads\/2026\/02\/factory-wholesale-coffee-degassing-valves-5-1.webp 800w, https:\/\/www.spoutcaps.com\/wp-content\/uploads\/2026\/02\/factory-wholesale-coffee-degassing-valves-5-1-300x300.webp 300w, https:\/\/www.spoutcaps.com\/wp-content\/uploads\/2026\/02\/factory-wholesale-coffee-degassing-valves-5-1-150x150.webp 150w, https:\/\/www.spoutcaps.com\/wp-content\/uploads\/2026\/02\/factory-wholesale-coffee-degassing-valves-5-1-768x768.webp 768w, https:\/\/www.spoutcaps.com\/wp-content\/uploads\/2026\/02\/factory-wholesale-coffee-degassing-valves-5-1-600x600.webp 600w, https:\/\/www.spoutcaps.com\/wp-content\/uploads\/2026\/02\/factory-wholesale-coffee-degassing-valves-5-1-100x100.webp 100w\" sizes=\"(max-width: 800px) 100vw, 800px\" \/><\/figure>\n<\/div>\n\n\n\n<div class=\"wp-block-column is-layout-flow wp-block-column-is-layout-flow\">\n<figure class=\"wp-block-image size-full\"><img decoding=\"async\" width=\"800\" height=\"800\" src=\"https:\/\/www.spoutcaps.com\/wp-content\/uploads\/2026\/02\/factory-wholesale-coffee-degassing-valves-6-1.webp\" alt=\"Fabrik Gro\u00dfhandel Kaffee Entgasung Ventile (6)\" class=\"wp-image-383\" srcset=\"https:\/\/www.spoutcaps.com\/wp-content\/uploads\/2026\/02\/factory-wholesale-coffee-degassing-valves-6-1.webp 800w, https:\/\/www.spoutcaps.com\/wp-content\/uploads\/2026\/02\/factory-wholesale-coffee-degassing-valves-6-1-300x300.webp 300w, https:\/\/www.spoutcaps.com\/wp-content\/uploads\/2026\/02\/factory-wholesale-coffee-degassing-valves-6-1-150x150.webp 150w, https:\/\/www.spoutcaps.com\/wp-content\/uploads\/2026\/02\/factory-wholesale-coffee-degassing-valves-6-1-768x768.webp 768w, https:\/\/www.spoutcaps.com\/wp-content\/uploads\/2026\/02\/factory-wholesale-coffee-degassing-valves-6-1-600x600.webp 600w, https:\/\/www.spoutcaps.com\/wp-content\/uploads\/2026\/02\/factory-wholesale-coffee-degassing-valves-6-1-100x100.webp 100w\" sizes=\"(max-width: 800px) 100vw, 800px\" \/><\/figure>\n<\/div>\n<\/div>\n\n\n\n<div class=\"wp-block-columns is-layout-flex wp-container-core-columns-is-layout-9d6595d7 wp-block-columns-is-layout-flex\">\n<div class=\"wp-block-column is-layout-flow wp-block-column-is-layout-flow\"><\/div>\n\n\n\n<div class=\"wp-block-column is-layout-flow wp-block-column-is-layout-flow\"><\/div>\n<\/div>","protected":false},"excerpt":{"rendered":"<p>Wir liefern <strong data-start=\"10\" data-end=\"37\">Gro\u00dfhandel Kaffee Ventile<\/strong> mit flexiblen kundenspezifischen Verpackungsoptionen, einschlie\u00dflich Folien-, Karton- und Palettenversand, um unterschiedlichen Logistikanforderungen gerecht zu werden. Kostenlose Muster werden innerhalb von 48 Stunden versandt. So k\u00f6nnen Sie Kompatibilit\u00e4t, Versiegelung und Entgasungsleistung schnell testen und die Produktentwicklung beschleunigen.<\/p>\n<h2>Kaffeeventil Spezifikationen<\/h2>\n<table>\n<thead>\n<tr>\n<th>Spezifikationen<\/th>\n<th>Einzelheiten<\/th>\n<\/tr>\n<\/thead>\n<tbody>\n<tr>\n<td>Modellnummer<\/td>\n<td>DV05<\/td>\n<\/tr>\n<tr>\n<td>Produktname<\/td>\n<td>Kaffee-Ventil<\/td>\n<\/tr>\n<tr>\n<td>Material<\/td>\n<td>PE+ Kieselgel<\/td>\n<\/tr>\n<tr>\n<td>Anmeldung<\/td>\n<td>Flexible Verpackungen f\u00fcr Lebensmittel, Tee und S\u00fc\u00dfwaren<\/td>\n<\/tr>\n<tr>\n<td>Dicke<\/td>\n<td>3,6 mm<\/td>\n<\/tr>\n<tr>\n<td>Muster<\/td>\n<td>Kostenlose Probe<\/td>\n<\/tr>\n<tr>\n<td>MOQ<\/td>\n<td>10000St\u00fcck<\/td>\n<\/tr>\n<tr>\n<td>Merkmal\u00a0<\/td>\n<td>Feuchtigkeitsgesch\u00fctzt<\/td>\n<\/tr>\n<tr>\n<td>OEM \/ ODM<\/td>\n<td>Akzeptieren\u00a0<\/td>\n<\/tr>\n<\/tbody>\n<\/table>\n<p>&nbsp;<\/p>\n<p><script src=\"chrome-extension:\/\/fpelahbljekknahkcaegamhcndkfpfnc\/iFrame.js\" type=\"text\/javascript\"><\/script><\/p>\n<p>\n<script src=\"chrome-extension:\/\/fpelahbljekknahkcaegamhcndkfpfnc\/iFrame.js\" type=\"text\/javascript\"><\/script><\/p>","protected":false},"featured_media":368,"comment_status":"closed","ping_status":"closed","template":"","meta":{"_acf_changed":false},"product_brand":[],"product_cat":[19],"product_tag":[],"class_list":{"0":"post-355","1":"product","2":"type-product","3":"status-publish","4":"has-post-thumbnail","6":"product_cat-coffee-valve","8":"first","9":"instock","10":"shipping-taxable","11":"product-type-simple"},"acf":[],"_links":{"self":[{"href":"https:\/\/www.spoutcaps.com\/de\/wp-json\/wp\/v2\/product\/355","targetHints":{"allow":["GET"]}}],"collection":[{"href":"https:\/\/www.spoutcaps.com\/de\/wp-json\/wp\/v2\/product"}],"about":[{"href":"https:\/\/www.spoutcaps.com\/de\/wp-json\/wp\/v2\/types\/product"}],"replies":[{"embeddable":true,"href":"https:\/\/www.spoutcaps.com\/de\/wp-json\/wp\/v2\/comments?post=355"}],"wp:featuredmedia":[{"embeddable":true,"href":"https:\/\/www.spoutcaps.com\/de\/wp-json\/wp\/v2\/media\/368"}],"wp:attachment":[{"href":"https:\/\/www.spoutcaps.com\/de\/wp-json\/wp\/v2\/media?parent=355"}],"wp:term":[{"taxonomy":"product_brand","embeddable":true,"href":"https:\/\/www.spoutcaps.com\/de\/wp-json\/wp\/v2\/product_brand?post=355"},{"taxonomy":"product_cat","embeddable":true,"href":"https:\/\/www.spoutcaps.com\/de\/wp-json\/wp\/v2\/product_cat?post=355"},{"taxonomy":"product_tag","embeddable":true,"href":"https:\/\/www.spoutcaps.com\/de\/wp-json\/wp\/v2\/product_tag?post=355"}],"curies":[{"name":"wp","href":"https:\/\/api.w.org\/{rel}","templated":true}]}}