{"id":268,"date":"2026-02-10T16:12:55","date_gmt":"2026-02-10T16:12:55","guid":{"rendered":"https:\/\/www.spoutcaps.com\/?post_type=product&#038;p=268"},"modified":"2026-02-10T16:16:58","modified_gmt":"2026-02-10T16:16:58","slug":"wholesale-spout-caps-2-5mm","status":"publish","type":"product","link":"https:\/\/www.spoutcaps.com\/de\/produkt\/wholesale-spout-caps-2-5mm\/","title":{"rendered":"Gro\u00dfhandel 2,5 mm Spout Cap f\u00fcr kosmetische &amp; fl\u00fcssige Verpackung"},"content":{"rendered":"<div class=\"wp-block-columns is-layout-flex wp-container-core-columns-is-layout-9d6595d7 wp-block-columns-is-layout-flex\">\n<div class=\"wp-block-column is-layout-flow wp-block-column-is-layout-flow\">\n<figure class=\"wp-block-image size-full\"><img decoding=\"async\" width=\"800\" height=\"800\" src=\"https:\/\/www.spoutcaps.com\/wp-content\/uploads\/2026\/02\/wholesale-2.5mm-spout-cap-for-cosmetic-packaging-4.webp\" alt=\"Gro\u00dfhandel 2,5 mm Ausgusskappe f\u00fcr Kosmetikverpackungen 4\" class=\"wp-image-274\" srcset=\"https:\/\/www.spoutcaps.com\/wp-content\/uploads\/2026\/02\/wholesale-2.5mm-spout-cap-for-cosmetic-packaging-4.webp 800w, https:\/\/www.spoutcaps.com\/wp-content\/uploads\/2026\/02\/wholesale-2.5mm-spout-cap-for-cosmetic-packaging-4-300x300.webp 300w, https:\/\/www.spoutcaps.com\/wp-content\/uploads\/2026\/02\/wholesale-2.5mm-spout-cap-for-cosmetic-packaging-4-150x150.webp 150w, https:\/\/www.spoutcaps.com\/wp-content\/uploads\/2026\/02\/wholesale-2.5mm-spout-cap-for-cosmetic-packaging-4-768x768.webp 768w, https:\/\/www.spoutcaps.com\/wp-content\/uploads\/2026\/02\/wholesale-2.5mm-spout-cap-for-cosmetic-packaging-4-600x600.webp 600w, https:\/\/www.spoutcaps.com\/wp-content\/uploads\/2026\/02\/wholesale-2.5mm-spout-cap-for-cosmetic-packaging-4-100x100.webp 100w\" sizes=\"(max-width: 800px) 100vw, 800px\" \/><\/figure>\n<\/div>\n\n\n\n<div class=\"wp-block-column is-layout-flow wp-block-column-is-layout-flow\">\n<figure class=\"wp-block-image size-full\"><img decoding=\"async\" width=\"800\" height=\"800\" src=\"https:\/\/www.spoutcaps.com\/wp-content\/uploads\/2026\/02\/wholesale-2.5mm-spout-cap-for-cosmetic-packaging-3.webp\" alt=\"Gro\u00dfhandel 2,5 mm Ausgusskappe f\u00fcr Kosmetikverpackungen 3\" class=\"wp-image-271\" srcset=\"https:\/\/www.spoutcaps.com\/wp-content\/uploads\/2026\/02\/wholesale-2.5mm-spout-cap-for-cosmetic-packaging-3.webp 800w, https:\/\/www.spoutcaps.com\/wp-content\/uploads\/2026\/02\/wholesale-2.5mm-spout-cap-for-cosmetic-packaging-3-300x300.webp 300w, https:\/\/www.spoutcaps.com\/wp-content\/uploads\/2026\/02\/wholesale-2.5mm-spout-cap-for-cosmetic-packaging-3-150x150.webp 150w, https:\/\/www.spoutcaps.com\/wp-content\/uploads\/2026\/02\/wholesale-2.5mm-spout-cap-for-cosmetic-packaging-3-768x768.webp 768w, https:\/\/www.spoutcaps.com\/wp-content\/uploads\/2026\/02\/wholesale-2.5mm-spout-cap-for-cosmetic-packaging-3-600x600.webp 600w, https:\/\/www.spoutcaps.com\/wp-content\/uploads\/2026\/02\/wholesale-2.5mm-spout-cap-for-cosmetic-packaging-3-100x100.webp 100w\" sizes=\"(max-width: 800px) 100vw, 800px\" \/><\/figure>\n<\/div>\n<\/div>\n\n\n\n<p><\/p>","protected":false},"excerpt":{"rendered":"<p>Gro\u00dfhandel 2,5 mm Verschlusskappen f\u00fcr kosmetische und aktive Fl\u00fcssigkeitsverpackungen. Diese 2,5 mm Verschlusskappen sind f\u00fcr kleine Kosmetikverpackungen optimiert und eignen sich gut f\u00fcr einige hochaktive Hautpflege- und Kosmetikprodukte. Unterst\u00fctzen Sie OEM\/ODM mit anpassbaren Farben, Bedruckung und Bulk-Ausgie\u00dfkappen Lieferoptionen.<\/p>\n<h2>Spezifikationen der Auslaufkappe<\/h2>\n<table>\n<thead>\n<tr>\n<th>Spezifikationen<\/th>\n<th>Einzelheiten<\/th>\n<\/tr>\n<\/thead>\n<tbody>\n<tr>\n<td>Modellnummer<\/td>\n<td>SC37-2.5mm<\/td>\n<\/tr>\n<tr>\n<td>Produktname<\/td>\n<td>Ausgusskappe<\/td>\n<\/tr>\n<tr>\n<td>Eigenschaften<\/td>\n<td>Wiederverwendbar, leicht, umweltfreundlich, langlebig, lebensmittelecht, auslaufsicher, leicht zu \u00f6ffnen<\/td>\n<\/tr>\n<tr>\n<td>Durchmesser des Flaschenhalses<\/td>\n<td>2,5 mm<\/td>\n<\/tr>\n<tr>\n<td>Muster<\/td>\n<td>Kostenlose Probe<\/td>\n<\/tr>\n<tr>\n<td>MOQ<\/td>\n<td>50.000 St\u00fcck<\/td>\n<\/tr>\n<tr>\n<td>Verwendung<\/td>\n<td>Verpackungen f\u00fcr S\u00e4fte, Getr\u00e4nke, Shampoo, Waschmittel usw.<\/td>\n<\/tr>\n<tr>\n<td>Vorlaufzeit<\/td>\n<td>7-15 Tage<\/td>\n<\/tr>\n<tr>\n<td>OEM \/ ODM<\/td>\n<td>Akzeptieren (Farbe, Gr\u00f6\u00dfe, und mehr)<\/td>\n<\/tr>\n<\/tbody>\n<\/table>\n<p><script src=\"chrome-extension:\/\/fpelahbljekknahkcaegamhcndkfpfnc\/iFrame.js\" type=\"text\/javascript\"><\/script><\/p>","protected":false},"featured_media":269,"comment_status":"closed","ping_status":"closed","template":"","meta":{"_acf_changed":false},"product_brand":[],"product_cat":[18],"product_tag":[],"class_list":{"0":"post-268","1":"product","2":"type-product","3":"status-publish","4":"has-post-thumbnail","6":"product_cat-spout-cap","8":"first","9":"instock","10":"shipping-taxable","11":"product-type-simple"},"acf":[],"_links":{"self":[{"href":"https:\/\/www.spoutcaps.com\/de\/wp-json\/wp\/v2\/product\/268","targetHints":{"allow":["GET"]}}],"collection":[{"href":"https:\/\/www.spoutcaps.com\/de\/wp-json\/wp\/v2\/product"}],"about":[{"href":"https:\/\/www.spoutcaps.com\/de\/wp-json\/wp\/v2\/types\/product"}],"replies":[{"embeddable":true,"href":"https:\/\/www.spoutcaps.com\/de\/wp-json\/wp\/v2\/comments?post=268"}],"wp:featuredmedia":[{"embeddable":true,"href":"https:\/\/www.spoutcaps.com\/de\/wp-json\/wp\/v2\/media\/269"}],"wp:attachment":[{"href":"https:\/\/www.spoutcaps.com\/de\/wp-json\/wp\/v2\/media?parent=268"}],"wp:term":[{"taxonomy":"product_brand","embeddable":true,"href":"https:\/\/www.spoutcaps.com\/de\/wp-json\/wp\/v2\/product_brand?post=268"},{"taxonomy":"product_cat","embeddable":true,"href":"https:\/\/www.spoutcaps.com\/de\/wp-json\/wp\/v2\/product_cat?post=268"},{"taxonomy":"product_tag","embeddable":true,"href":"https:\/\/www.spoutcaps.com\/de\/wp-json\/wp\/v2\/product_tag?post=268"}],"curies":[{"name":"wp","href":"https:\/\/api.w.org\/{rel}","templated":true}]}}