{"id":255,"date":"2026-02-11T00:55:04","date_gmt":"2026-02-11T00:55:04","guid":{"rendered":"https:\/\/www.spoutcaps.com\/?post_type=product&#038;p=255"},"modified":"2026-02-11T00:56:02","modified_gmt":"2026-02-11T00:56:02","slug":"wholesale-6mm-spout-caps","status":"publish","type":"product","link":"https:\/\/www.spoutcaps.com\/de\/produkt\/wholesale-6mm-spout-caps\/","title":{"rendered":"Gro\u00dfhandel 6mm Spout Cap f\u00fcr Getr\u00e4nke &amp; Fl\u00fcssigkeit Verpackung"},"content":{"rendered":"<div class=\"wp-block-columns is-layout-flex wp-container-core-columns-is-layout-9d6595d7 wp-block-columns-is-layout-flex\">\n<div class=\"wp-block-column is-layout-flow wp-block-column-is-layout-flow\">\n<figure class=\"wp-block-image size-full\"><img decoding=\"async\" width=\"800\" height=\"800\" src=\"https:\/\/www.spoutcaps.com\/wp-content\/uploads\/2026\/02\/wholesale-6mm-spout-cap-5.webp\" alt=\"Gro\u00dfhandel 6mm Auslaufkappe 5\" class=\"wp-image-260\" srcset=\"https:\/\/www.spoutcaps.com\/wp-content\/uploads\/2026\/02\/wholesale-6mm-spout-cap-5.webp 800w, https:\/\/www.spoutcaps.com\/wp-content\/uploads\/2026\/02\/wholesale-6mm-spout-cap-5-300x300.webp 300w, https:\/\/www.spoutcaps.com\/wp-content\/uploads\/2026\/02\/wholesale-6mm-spout-cap-5-150x150.webp 150w, https:\/\/www.spoutcaps.com\/wp-content\/uploads\/2026\/02\/wholesale-6mm-spout-cap-5-768x768.webp 768w, https:\/\/www.spoutcaps.com\/wp-content\/uploads\/2026\/02\/wholesale-6mm-spout-cap-5-600x600.webp 600w, https:\/\/www.spoutcaps.com\/wp-content\/uploads\/2026\/02\/wholesale-6mm-spout-cap-5-100x100.webp 100w\" sizes=\"(max-width: 800px) 100vw, 800px\" \/><\/figure>\n<\/div>\n\n\n\n<div class=\"wp-block-column is-layout-flow wp-block-column-is-layout-flow\">\n<figure class=\"wp-block-image size-full\"><img decoding=\"async\" width=\"800\" height=\"800\" src=\"https:\/\/www.spoutcaps.com\/wp-content\/uploads\/2026\/02\/wholesale-6mm-spout-cap-6.webp\" alt=\"Gro\u00dfhandel 6mm Ausgusskappe 6\" class=\"wp-image-261\" srcset=\"https:\/\/www.spoutcaps.com\/wp-content\/uploads\/2026\/02\/wholesale-6mm-spout-cap-6.webp 800w, https:\/\/www.spoutcaps.com\/wp-content\/uploads\/2026\/02\/wholesale-6mm-spout-cap-6-300x300.webp 300w, https:\/\/www.spoutcaps.com\/wp-content\/uploads\/2026\/02\/wholesale-6mm-spout-cap-6-150x150.webp 150w, https:\/\/www.spoutcaps.com\/wp-content\/uploads\/2026\/02\/wholesale-6mm-spout-cap-6-768x768.webp 768w, https:\/\/www.spoutcaps.com\/wp-content\/uploads\/2026\/02\/wholesale-6mm-spout-cap-6-600x600.webp 600w, https:\/\/www.spoutcaps.com\/wp-content\/uploads\/2026\/02\/wholesale-6mm-spout-cap-6-100x100.webp 100w\" sizes=\"(max-width: 800px) 100vw, 800px\" \/><\/figure>\n<\/div>\n<\/div>","protected":false},"excerpt":{"rendered":"<p>6-mm-Auslaufkappen f\u00fcr den Gro\u00dfhandel in Lebensmittelqualit\u00e4t, die f\u00fcr auslaufsichere, zuverl\u00e4ssige Leistung entwickelt wurden. Diese 6-mm-T\u00fcllenverschl\u00fcsse sind f\u00fcr Saftbeutel, Beutel f\u00fcr fl\u00fcssige Lebensmittel und andere flexible Verpackungsanwendungen mit sicherem wiederverschlie\u00dfbarem Verschluss optimiert. Unterst\u00fctzen Sie OEM\/ODM mit anpassbaren Farben, Gr\u00f6\u00dfen und Lieferoptionen f\u00fcr gro\u00dfe Ausgie\u00dfer.<\/p>\n<h2>Spezifikationen der Auslaufkappe<\/h2>\n<table>\n<thead>\n<tr>\n<th>Spezifikationen<\/th>\n<th>Einzelheiten<\/th>\n<\/tr>\n<\/thead>\n<tbody>\n<tr>\n<td>Modellnummer<\/td>\n<td>SC06<\/td>\n<\/tr>\n<tr>\n<td>Produktname<\/td>\n<td>Ausgusskappe<\/td>\n<\/tr>\n<tr>\n<td>Eigenschaften<\/td>\n<td>Wiederverwendbar, leicht, umweltfreundlich, langlebig, lebensmittelecht, auslaufsicher, leicht zu \u00f6ffnen<\/td>\n<\/tr>\n<tr>\n<td>Durchmesser des Flaschenhalses<\/td>\n<td>6mm<\/td>\n<\/tr>\n<tr>\n<td>Muster<\/td>\n<td>Kostenlose Probe<\/td>\n<\/tr>\n<tr>\n<td>MOQ<\/td>\n<td>50.000 St\u00fcck<\/td>\n<\/tr>\n<tr>\n<td>Verwendung<\/td>\n<td>Verpackungen f\u00fcr S\u00e4fte, Getr\u00e4nke, Shampoo, Waschmittel usw.<\/td>\n<\/tr>\n<tr>\n<td>Vorlaufzeit<\/td>\n<td>7-15 Tage<\/td>\n<\/tr>\n<tr>\n<td>OEM \/ ODM<\/td>\n<td>Akzeptieren (Farbe, Gr\u00f6\u00dfe, und mehr)<\/td>\n<\/tr>\n<\/tbody>\n<\/table>\n<p>&nbsp;<\/p>\n<p>\n<script src=\"chrome-extension:\/\/fpelahbljekknahkcaegamhcndkfpfnc\/iFrame.js\" type=\"text\/javascript\"><\/script><\/p>","protected":false},"featured_media":256,"comment_status":"closed","ping_status":"closed","template":"","meta":{"_acf_changed":false},"product_brand":[],"product_cat":[18],"product_tag":[],"class_list":{"0":"post-255","1":"product","2":"type-product","3":"status-publish","4":"has-post-thumbnail","6":"product_cat-spout-cap","8":"first","9":"instock","10":"shipping-taxable","11":"product-type-simple"},"acf":[],"_links":{"self":[{"href":"https:\/\/www.spoutcaps.com\/de\/wp-json\/wp\/v2\/product\/255","targetHints":{"allow":["GET"]}}],"collection":[{"href":"https:\/\/www.spoutcaps.com\/de\/wp-json\/wp\/v2\/product"}],"about":[{"href":"https:\/\/www.spoutcaps.com\/de\/wp-json\/wp\/v2\/types\/product"}],"replies":[{"embeddable":true,"href":"https:\/\/www.spoutcaps.com\/de\/wp-json\/wp\/v2\/comments?post=255"}],"wp:featuredmedia":[{"embeddable":true,"href":"https:\/\/www.spoutcaps.com\/de\/wp-json\/wp\/v2\/media\/256"}],"wp:attachment":[{"href":"https:\/\/www.spoutcaps.com\/de\/wp-json\/wp\/v2\/media?parent=255"}],"wp:term":[{"taxonomy":"product_brand","embeddable":true,"href":"https:\/\/www.spoutcaps.com\/de\/wp-json\/wp\/v2\/product_brand?post=255"},{"taxonomy":"product_cat","embeddable":true,"href":"https:\/\/www.spoutcaps.com\/de\/wp-json\/wp\/v2\/product_cat?post=255"},{"taxonomy":"product_tag","embeddable":true,"href":"https:\/\/www.spoutcaps.com\/de\/wp-json\/wp\/v2\/product_tag?post=255"}],"curies":[{"name":"wp","href":"https:\/\/api.w.org\/{rel}","templated":true}]}}