{"id":250,"date":"2026-02-11T00:57:31","date_gmt":"2026-02-11T00:57:31","guid":{"rendered":"https:\/\/www.spoutcaps.com\/?post_type=product&#038;p=250"},"modified":"2026-02-11T00:57:31","modified_gmt":"2026-02-11T00:57:31","slug":"wholesale-7mm-spout-caps","status":"publish","type":"product","link":"https:\/\/www.spoutcaps.com\/de\/produkt\/wholesale-7mm-spout-caps\/","title":{"rendered":"Gro\u00dfhandel 7mm\/0.21inch Spout Kappen f\u00fcr fl\u00fcssige Verpackung Beutel"},"content":{"rendered":"<div class=\"wp-block-columns is-layout-flex wp-container-core-columns-is-layout-9d6595d7 wp-block-columns-is-layout-flex\">\n<div class=\"wp-block-column is-layout-flow wp-block-column-is-layout-flow\">\n<figure class=\"wp-block-image size-full\"><img decoding=\"async\" width=\"800\" height=\"800\" src=\"https:\/\/www.spoutcaps.com\/wp-content\/uploads\/2026\/02\/wholesale-7mm-0.27-inch-spout-cap-4.webp\" alt=\"Gro\u00dfhandel 7mm-0.27 Zoll Ausgusskappe 4\" class=\"wp-image-254\" srcset=\"https:\/\/www.spoutcaps.com\/wp-content\/uploads\/2026\/02\/wholesale-7mm-0.27-inch-spout-cap-4.webp 800w, https:\/\/www.spoutcaps.com\/wp-content\/uploads\/2026\/02\/wholesale-7mm-0.27-inch-spout-cap-4-300x300.webp 300w, https:\/\/www.spoutcaps.com\/wp-content\/uploads\/2026\/02\/wholesale-7mm-0.27-inch-spout-cap-4-150x150.webp 150w, https:\/\/www.spoutcaps.com\/wp-content\/uploads\/2026\/02\/wholesale-7mm-0.27-inch-spout-cap-4-768x768.webp 768w, https:\/\/www.spoutcaps.com\/wp-content\/uploads\/2026\/02\/wholesale-7mm-0.27-inch-spout-cap-4-600x600.webp 600w, https:\/\/www.spoutcaps.com\/wp-content\/uploads\/2026\/02\/wholesale-7mm-0.27-inch-spout-cap-4-100x100.webp 100w\" sizes=\"(max-width: 800px) 100vw, 800px\" \/><\/figure>\n<\/div>\n\n\n\n<div class=\"wp-block-column is-layout-flow wp-block-column-is-layout-flow\">\n<figure class=\"wp-block-image size-full\"><img decoding=\"async\" width=\"800\" height=\"800\" src=\"https:\/\/www.spoutcaps.com\/wp-content\/uploads\/2026\/02\/wholesale-7mm-0.27-inch-spout-cap-2.webp\" alt=\"Gro\u00dfhandel 7mm-0.27 Zoll Ausgusskappe 2\" class=\"wp-image-252\" srcset=\"https:\/\/www.spoutcaps.com\/wp-content\/uploads\/2026\/02\/wholesale-7mm-0.27-inch-spout-cap-2.webp 800w, https:\/\/www.spoutcaps.com\/wp-content\/uploads\/2026\/02\/wholesale-7mm-0.27-inch-spout-cap-2-300x300.webp 300w, https:\/\/www.spoutcaps.com\/wp-content\/uploads\/2026\/02\/wholesale-7mm-0.27-inch-spout-cap-2-150x150.webp 150w, https:\/\/www.spoutcaps.com\/wp-content\/uploads\/2026\/02\/wholesale-7mm-0.27-inch-spout-cap-2-768x768.webp 768w, https:\/\/www.spoutcaps.com\/wp-content\/uploads\/2026\/02\/wholesale-7mm-0.27-inch-spout-cap-2-600x600.webp 600w, https:\/\/www.spoutcaps.com\/wp-content\/uploads\/2026\/02\/wholesale-7mm-0.27-inch-spout-cap-2-100x100.webp 100w\" sizes=\"(max-width: 800px) 100vw, 800px\" \/><\/figure>\n<\/div>\n<\/div>","protected":false},"excerpt":{"rendered":"<p>7-mm-T\u00fcllenverschl\u00fcsse f\u00fcr den Gro\u00dfhandel, die f\u00fcr Fl\u00fcssigkeitsverpackungen entwickelt wurden. Diese Verschl\u00fcsse bieten eine sichere Versiegelung, reibungsloses \u00d6ffnen und auslaufsichere Zuverl\u00e4ssigkeit. Sie sind ideal f\u00fcr fl\u00fcssige Produkte oder fl\u00fcssige Lebensmittel, die kleine Partikel enthalten. Sie sind mit verschiedenen Beutelformaten kompatibel und unterst\u00fctzen sowohl kundenspezifische Farben als auch OEM\/ODM-Anforderungen f\u00fcr die Gro\u00dfserienproduktion.<\/p>\n<h2>Spezifikationen der Auslaufkappe<\/h2>\n<table>\n<thead>\n<tr>\n<th>Spezifikationen<\/th>\n<th>Einzelheiten<\/th>\n<\/tr>\n<\/thead>\n<tbody>\n<tr>\n<td>Modellnummer<\/td>\n<td>SC08-7mm<\/td>\n<\/tr>\n<tr>\n<td>Produktname<\/td>\n<td>Ausgusskappe<\/td>\n<\/tr>\n<tr>\n<td>Eigenschaften<\/td>\n<td>Wiederverwendbar, leicht, umweltfreundlich, langlebig, lebensmittelecht, auslaufsicher, leicht zu \u00f6ffnen<\/td>\n<\/tr>\n<tr>\n<td>Durchmesser des Flaschenhalses<\/td>\n<td>7mm<\/td>\n<\/tr>\n<tr>\n<td>Muster<\/td>\n<td>Kostenlose Probe<\/td>\n<\/tr>\n<tr>\n<td>MOQ<\/td>\n<td>50.000 St\u00fcck<\/td>\n<\/tr>\n<tr>\n<td>Verwendung<\/td>\n<td>Verpackungen f\u00fcr S\u00e4fte, Getr\u00e4nke, Shampoo, Waschmittel usw.<\/td>\n<\/tr>\n<tr>\n<td>Vorlaufzeit<\/td>\n<td>7-15 Tage<\/td>\n<\/tr>\n<tr>\n<td>OEM \/ ODM<\/td>\n<td>Akzeptieren (Farbe, Gr\u00f6\u00dfe, und mehr)<\/td>\n<\/tr>\n<\/tbody>\n<\/table>\n<p><script src=\"chrome-extension:\/\/fpelahbljekknahkcaegamhcndkfpfnc\/iFrame.js\" type=\"text\/javascript\"><\/script><\/p>","protected":false},"featured_media":251,"comment_status":"closed","ping_status":"closed","template":"","meta":{"_acf_changed":false},"product_brand":[],"product_cat":[18],"product_tag":[],"class_list":{"0":"post-250","1":"product","2":"type-product","3":"status-publish","4":"has-post-thumbnail","6":"product_cat-spout-cap","8":"first","9":"instock","10":"shipping-taxable","11":"product-type-simple"},"acf":[],"_links":{"self":[{"href":"https:\/\/www.spoutcaps.com\/de\/wp-json\/wp\/v2\/product\/250","targetHints":{"allow":["GET"]}}],"collection":[{"href":"https:\/\/www.spoutcaps.com\/de\/wp-json\/wp\/v2\/product"}],"about":[{"href":"https:\/\/www.spoutcaps.com\/de\/wp-json\/wp\/v2\/types\/product"}],"replies":[{"embeddable":true,"href":"https:\/\/www.spoutcaps.com\/de\/wp-json\/wp\/v2\/comments?post=250"}],"wp:featuredmedia":[{"embeddable":true,"href":"https:\/\/www.spoutcaps.com\/de\/wp-json\/wp\/v2\/media\/251"}],"wp:attachment":[{"href":"https:\/\/www.spoutcaps.com\/de\/wp-json\/wp\/v2\/media?parent=250"}],"wp:term":[{"taxonomy":"product_brand","embeddable":true,"href":"https:\/\/www.spoutcaps.com\/de\/wp-json\/wp\/v2\/product_brand?post=250"},{"taxonomy":"product_cat","embeddable":true,"href":"https:\/\/www.spoutcaps.com\/de\/wp-json\/wp\/v2\/product_cat?post=250"},{"taxonomy":"product_tag","embeddable":true,"href":"https:\/\/www.spoutcaps.com\/de\/wp-json\/wp\/v2\/product_tag?post=250"}],"curies":[{"name":"wp","href":"https:\/\/api.w.org\/{rel}","templated":true}]}}