{"id":241,"date":"2026-02-10T02:24:03","date_gmt":"2026-02-10T02:24:03","guid":{"rendered":"https:\/\/www.spoutcaps.com\/?post_type=product&#038;p=241"},"modified":"2026-02-10T02:58:20","modified_gmt":"2026-02-10T02:58:20","slug":"wholesale-22-mm-coffee-bag-one-way-valve","status":"publish","type":"product","link":"https:\/\/www.spoutcaps.com\/de\/produkt\/wholesale-22-mm-coffee-bag-one-way-valve\/","title":{"rendered":"Gro\u00dfhandel 22 mm Kaffee Tasche Einwegventil Lebensmittelqualit\u00e4t"},"content":{"rendered":"<div class=\"wp-block-columns is-layout-flex wp-container-core-columns-is-layout-9d6595d7 wp-block-columns-is-layout-flex\">\n<div class=\"wp-block-column is-layout-flow wp-block-column-is-layout-flow\">\n<figure class=\"wp-block-image size-full\"><img decoding=\"async\" width=\"800\" height=\"800\" src=\"https:\/\/www.spoutcaps.com\/wp-content\/uploads\/2026\/02\/wholesale-22mm-coffee-valves-4.webp\" alt=\"Gro\u00dfhandel 22mm Kaffee Ventile (4)\" class=\"wp-image-245\" srcset=\"https:\/\/www.spoutcaps.com\/wp-content\/uploads\/2026\/02\/wholesale-22mm-coffee-valves-4.webp 800w, https:\/\/www.spoutcaps.com\/wp-content\/uploads\/2026\/02\/wholesale-22mm-coffee-valves-4-300x300.webp 300w, https:\/\/www.spoutcaps.com\/wp-content\/uploads\/2026\/02\/wholesale-22mm-coffee-valves-4-150x150.webp 150w, https:\/\/www.spoutcaps.com\/wp-content\/uploads\/2026\/02\/wholesale-22mm-coffee-valves-4-768x768.webp 768w, https:\/\/www.spoutcaps.com\/wp-content\/uploads\/2026\/02\/wholesale-22mm-coffee-valves-4-600x600.webp 600w, https:\/\/www.spoutcaps.com\/wp-content\/uploads\/2026\/02\/wholesale-22mm-coffee-valves-4-100x100.webp 100w\" sizes=\"(max-width: 800px) 100vw, 800px\" \/><\/figure>\n<\/div>\n\n\n\n<div class=\"wp-block-column is-layout-flow wp-block-column-is-layout-flow\">\n<figure class=\"wp-block-image size-full\"><img decoding=\"async\" width=\"800\" height=\"800\" src=\"https:\/\/www.spoutcaps.com\/wp-content\/uploads\/2026\/02\/wholesale-22mm-coffee-valves-5.webp\" alt=\"Gro\u00dfhandel 22mm Kaffeeventile (5)\" class=\"wp-image-246\" srcset=\"https:\/\/www.spoutcaps.com\/wp-content\/uploads\/2026\/02\/wholesale-22mm-coffee-valves-5.webp 800w, https:\/\/www.spoutcaps.com\/wp-content\/uploads\/2026\/02\/wholesale-22mm-coffee-valves-5-300x300.webp 300w, https:\/\/www.spoutcaps.com\/wp-content\/uploads\/2026\/02\/wholesale-22mm-coffee-valves-5-150x150.webp 150w, https:\/\/www.spoutcaps.com\/wp-content\/uploads\/2026\/02\/wholesale-22mm-coffee-valves-5-768x768.webp 768w, https:\/\/www.spoutcaps.com\/wp-content\/uploads\/2026\/02\/wholesale-22mm-coffee-valves-5-600x600.webp 600w, https:\/\/www.spoutcaps.com\/wp-content\/uploads\/2026\/02\/wholesale-22mm-coffee-valves-5-100x100.webp 100w\" sizes=\"(max-width: 800px) 100vw, 800px\" \/><\/figure>\n<\/div>\n<\/div>\n\n\n\n<figure class=\"wp-block-image size-full\"><img decoding=\"async\" width=\"800\" height=\"554\" src=\"https:\/\/www.spoutcaps.com\/wp-content\/uploads\/2026\/02\/coffee-valve-application.webp\" alt=\"Anwendung Kaffeeventil\" class=\"wp-image-247\" srcset=\"https:\/\/www.spoutcaps.com\/wp-content\/uploads\/2026\/02\/coffee-valve-application.webp 800w, https:\/\/www.spoutcaps.com\/wp-content\/uploads\/2026\/02\/coffee-valve-application-300x208.webp 300w, https:\/\/www.spoutcaps.com\/wp-content\/uploads\/2026\/02\/coffee-valve-application-768x532.webp 768w, https:\/\/www.spoutcaps.com\/wp-content\/uploads\/2026\/02\/coffee-valve-application-600x416.webp 600w\" sizes=\"(max-width: 800px) 100vw, 800px\" \/><\/figure>\n\n\n\n<div class=\"wp-block-columns is-layout-flex wp-container-core-columns-is-layout-9d6595d7 wp-block-columns-is-layout-flex\">\n<div class=\"wp-block-column is-layout-flow wp-block-column-is-layout-flow\"><\/div>\n\n\n\n<div class=\"wp-block-column is-layout-flow wp-block-column-is-layout-flow\"><\/div>\n<\/div>","protected":false},"excerpt":{"rendered":"<p>Unser 22-mm-Entgasungsventil ist ein zuverl\u00e4ssiges Einweg-Entl\u00fcftungsventil f\u00fcr flexible Verpackungen, insbesondere f\u00fcr Kaffeebohnenbeutel und andere Lebensmittelverpackungsanwendungen. Dieses kreisf\u00f6rmige Ventil aus PE und Silikon hilft dabei, angesammelte Gase im Inneren von versiegelten Beuteln freizusetzen und gleichzeitig das Eindringen von Au\u00dfenluft zu verhindern, wodurch die Frische und Qualit\u00e4t von Produkten wie Kaffee, Tee und Snacks erhalten bleibt.<\/p>\n<h2>Kaffeeventil Spezifikationen<\/h2>\n<table>\n<thead>\n<tr>\n<th>Spezifikationen<\/th>\n<th>Einzelheiten<\/th>\n<\/tr>\n<\/thead>\n<tbody>\n<tr>\n<td>Modellnummer<\/td>\n<td>DV01<\/td>\n<\/tr>\n<tr>\n<td>Produktname<\/td>\n<td>Kaffee-Ventil<\/td>\n<\/tr>\n<tr>\n<td>Material<\/td>\n<td>PE+ Kieselgel<\/td>\n<\/tr>\n<tr>\n<td>Anmeldung<\/td>\n<td>Flexible Verpackungen f\u00fcr Lebensmittel, Tee und S\u00fc\u00dfwaren<\/td>\n<\/tr>\n<tr>\n<td>Dicke<\/td>\n<td>3,6 mm<\/td>\n<\/tr>\n<tr>\n<td>Muster<\/td>\n<td>Kostenlose Probe<\/td>\n<\/tr>\n<tr>\n<td>MOQ<\/td>\n<td>10000St\u00fcck<\/td>\n<\/tr>\n<tr>\n<td>Merkmal\u00a0<\/td>\n<td>Feuchtigkeitsgesch\u00fctzt<\/td>\n<\/tr>\n<tr>\n<td>OEM \/ ODM<\/td>\n<td>Akzeptieren\u00a0<\/td>\n<\/tr>\n<\/tbody>\n<\/table>\n<p>&nbsp;<\/p>","protected":false},"featured_media":242,"comment_status":"closed","ping_status":"closed","template":"","meta":{"_acf_changed":false},"product_brand":[],"product_cat":[19],"product_tag":[],"class_list":{"0":"post-241","1":"product","2":"type-product","3":"status-publish","4":"has-post-thumbnail","6":"product_cat-coffee-valve","8":"first","9":"instock","10":"shipping-taxable","11":"product-type-simple"},"acf":[],"_links":{"self":[{"href":"https:\/\/www.spoutcaps.com\/de\/wp-json\/wp\/v2\/product\/241","targetHints":{"allow":["GET"]}}],"collection":[{"href":"https:\/\/www.spoutcaps.com\/de\/wp-json\/wp\/v2\/product"}],"about":[{"href":"https:\/\/www.spoutcaps.com\/de\/wp-json\/wp\/v2\/types\/product"}],"replies":[{"embeddable":true,"href":"https:\/\/www.spoutcaps.com\/de\/wp-json\/wp\/v2\/comments?post=241"}],"wp:featuredmedia":[{"embeddable":true,"href":"https:\/\/www.spoutcaps.com\/de\/wp-json\/wp\/v2\/media\/242"}],"wp:attachment":[{"href":"https:\/\/www.spoutcaps.com\/de\/wp-json\/wp\/v2\/media?parent=241"}],"wp:term":[{"taxonomy":"product_brand","embeddable":true,"href":"https:\/\/www.spoutcaps.com\/de\/wp-json\/wp\/v2\/product_brand?post=241"},{"taxonomy":"product_cat","embeddable":true,"href":"https:\/\/www.spoutcaps.com\/de\/wp-json\/wp\/v2\/product_cat?post=241"},{"taxonomy":"product_tag","embeddable":true,"href":"https:\/\/www.spoutcaps.com\/de\/wp-json\/wp\/v2\/product_tag?post=241"}],"curies":[{"name":"wp","href":"https:\/\/api.w.org\/{rel}","templated":true}]}}